{"id":10123,"date":"2015-08-26T14:14:01","date_gmt":"2015-08-26T14:14:01","guid":{"rendered":"http:\/\/old.labelpack.it\/news\/"},"modified":"2020-07-30T13:55:01","modified_gmt":"2020-07-30T13:55:01","slug":"news","status":"publish","type":"page","link":"https:\/\/old.labelpack.it\/fr\/news\/","title":{"rendered":"Nouvelles"},"content":{"rendered":"<section class=\"l-section wpb_row height_small color_primary with_img parallax_hor bgwidth_120\"><div class=\"l-section-img\" style=\"background-image: url(https:\/\/old.labelpack.it\/wp-content\/uploads\/2019\/09\/labelpack_banner_news.jpg);\" data-img-width=\"2500\" data-img-height=\"377\"><\/div><div class=\"l-section-overlay\" style=\"background:rgba(2,2,2,0.67)\"><\/div><div class=\"l-section-h i-cf\"><div class=\"g-cols vc_row via_flex valign_top type_default stacking_default\"><div class=\"vc_col-sm-12 wpb_column vc_column_container\"><div class=\"vc_column-inner\"><div class=\"wpb_wrapper\"><h1 class=\"w-post-elm post_title us_custom_db86dbd8 has_text_color align_center entry-title color_link_inherit\">Nouvelles<\/h1><\/div><\/div><\/div><\/div><\/div><\/section><section class=\"l-section wpb_row height_medium\"><div class=\"l-section-h i-cf\"><div class=\"g-cols vc_row via_flex valign_top type_default stacking_default\"><div class=\"vc_col-sm-9 wpb_column vc_column_container\"><div class=\"vc_column-inner\"><div class=\"wpb_wrapper\"><div class=\"w-grid type_grid layout_7779 cols_2 overflow_hidden\" id=\"us_grid_1\" data-filterable=\"true\"><style>#us_grid_1 .w-grid-item{padding:1.5rem}#us_grid_1 .w-grid-list{margin:-1.5rem -1.5rem 1.5rem}.w-grid + #us_grid_1 .w-grid-list,.w-grid-none + #us_grid_1 .w-grid-list{margin-top:1.5rem}@media (max-width:599px){#us_grid_1 .w-grid-list{margin:0}#us_grid_1 .w-grid-item{width:100%;padding:0;margin-bottom:1.5rem}}.layout_7779 .w-grid-item-h{background:#ffffff;color:#363636;box-shadow:0 0.01rem 0.02rem rgba(0,0,0,0.1),0 0.03rem 0.1rem rgba(0,0,0,0.1);transition-duration:0.3s}.no-touch .layout_7779 .w-grid-item-h:hover{box-shadow:0 0.1rem 0.2rem rgba(0,0,0,0.1),0 0.33rem 1rem rgba(0,0,0,0.15);z-index:4}.layout_7779 .usg_post_image_1{margin-right:0!important;margin-left:0!important;padding-right:0!important;padding-left:0!important}.layout_7779 .usg_post_title_1{font-family:var(--font-h1)!important;font-size:1.4rem!important;font-weight:700!important;line-height:1.2!important}.layout_7779 .usg_vwrapper_1{padding:9% 11% 11% 11%!important}.layout_7779 .usg_post_taxonomy_1{position:absolute!important;top:1.2rem!important;right:1.2rem!important;left:1.2rem!important;font-family:var(--font-body)!important}.layout_7779 .usg_hwrapper_1{color:#999999!important}.layout_7779 .usg_post_date_1{font-family:var(--font-body)!important;font-size:0.9rem!important}.layout_7779 .usg_post_content_1{font-family:var(--font-body)!important;font-size:16px!important;line-height:22px!important}@media (max-width:600px){.layout_7779 .usg_post_title_1{font-size:1.2rem!important}}<\/style><div class=\"w-grid-list\">\t<article class=\"w-grid-item size_1x1 post-18377 post type-post status-publish format-standard has-post-thumbnail hentry category-nouvelles\" data-id=\"18377\">\n\t\t<div class=\"w-grid-item-h\">\n\t\t\t\t\t\t<div class=\"w-post-elm post_image usg_post_image_1 stretched\"><a href=\"https:\/\/old.labelpack.it\/fr\/nouvelles\/seasons-greetings-2025\/\" aria-label=\"Season&rsquo;s Greetings 2025\"><img width=\"1920\" height=\"1080\" src=\"https:\/\/old.labelpack.it\/wp-content\/uploads\/2024\/12\/Auguri-di-Natale-2025-ok.jpg\" class=\"attachment-full size-full wp-post-image\" alt=\"\" decoding=\"async\" loading=\"lazy\" srcset=\"https:\/\/old.labelpack.it\/wp-content\/uploads\/2024\/12\/Auguri-di-Natale-2025-ok.jpg 1920w, https:\/\/old.labelpack.it\/wp-content\/uploads\/2024\/12\/Auguri-di-Natale-2025-ok-300x169.jpg 300w, https:\/\/old.labelpack.it\/wp-content\/uploads\/2024\/12\/Auguri-di-Natale-2025-ok-1024x576.jpg 1024w\" sizes=\"(max-width: 1920px) 100vw, 1920px\" \/><\/a><\/div><div class=\"w-post-elm post_taxonomy usg_post_taxonomy_1 style_badge color_link_inherit\"><a class=\"w-btn us-btn-style_25 term-96 term-nouvelles\" href=\"https:\/\/old.labelpack.it\/fr\/category\/nouvelles\/\"><span class=\"w-btn-label\">Nouvelles<\/span><\/a><\/div><div class=\"w-vwrapper usg_vwrapper_1 align_left valign_top\"><h2 class=\"w-post-elm post_title usg_post_title_1 entry-title color_link_inherit\"><a href=\"https:\/\/old.labelpack.it\/fr\/nouvelles\/seasons-greetings-2025\/\">Season&rsquo;s Greetings 2025<\/a><\/h2><div class=\"w-hwrapper usg_hwrapper_1 has_text_color align_left valign_top wrap\"><time class=\"w-post-elm post_date usg_post_date_1 entry-date published\" datetime=\"2024-12-06T15:07:59+00:00\" title=\"6 d\u00e9cembre 2024 \u00e0 15:07:59 +00:00\">6 d\u00e9cembre 2024<\/time><\/div><div class=\"w-post-elm post_content usg_post_content_1\">Nous sommes ferm\u00e9s pour les vacances de No\u00ebl du lundi 23 d\u00e9cembre 2024 au lundi 6 janvier 2025 inclus. Joyeux\u2026<\/div><\/div>\t\t<\/div>\n\t<\/article>\n\t<article class=\"w-grid-item size_1x1 post-18360 post type-post status-publish format-standard has-post-thumbnail hentry category-nouvelles\" data-id=\"18360\">\n\t\t<div class=\"w-grid-item-h\">\n\t\t\t\t\t\t<div class=\"w-post-elm post_image usg_post_image_1 stretched\"><a href=\"https:\/\/old.labelpack.it\/fr\/nouvelles\/ete-2024\/\" aria-label=\"\u00c9T\u00c9 2024\"><img width=\"922\" height=\"518\" src=\"https:\/\/old.labelpack.it\/wp-content\/uploads\/2024\/08\/labelpack-summer-2024.jpg\" class=\"attachment-full size-full wp-post-image\" alt=\"\" decoding=\"async\" loading=\"lazy\" srcset=\"https:\/\/old.labelpack.it\/wp-content\/uploads\/2024\/08\/labelpack-summer-2024.jpg 922w, https:\/\/old.labelpack.it\/wp-content\/uploads\/2024\/08\/labelpack-summer-2024-300x169.jpg 300w\" sizes=\"(max-width: 922px) 100vw, 922px\" \/><\/a><\/div><div class=\"w-post-elm post_taxonomy usg_post_taxonomy_1 style_badge color_link_inherit\"><a class=\"w-btn us-btn-style_25 term-96 term-nouvelles\" href=\"https:\/\/old.labelpack.it\/fr\/category\/nouvelles\/\"><span class=\"w-btn-label\">Nouvelles<\/span><\/a><\/div><div class=\"w-vwrapper usg_vwrapper_1 align_left valign_top\"><h2 class=\"w-post-elm post_title usg_post_title_1 entry-title color_link_inherit\"><a href=\"https:\/\/old.labelpack.it\/fr\/nouvelles\/ete-2024\/\">\u00c9T\u00c9 2024<\/a><\/h2><div class=\"w-hwrapper usg_hwrapper_1 has_text_color align_left valign_top wrap\"><time class=\"w-post-elm post_date usg_post_date_1 entry-date published\" datetime=\"2024-08-02T08:51:14+00:00\" title=\"2 ao\u00fbt 2024 \u00e0 08:51:14 +00:00\">2 ao\u00fbt 2024<\/time><\/div><div class=\"w-post-elm post_content usg_post_content_1\">Nous sommes ferm\u00e9s pour les vacances d&rsquo;\u00e9t\u00e9 du 12 au 23 ao\u00fbt 2024. BONNES VACANCES A TOUS !<\/div><\/div>\t\t<\/div>\n\t<\/article>\n\t<article class=\"w-grid-item size_1x1 post-18311 post type-post status-publish format-standard has-post-thumbnail hentry category-nouvelles\" data-id=\"18311\">\n\t\t<div class=\"w-grid-item-h\">\n\t\t\t\t\t\t<div class=\"w-post-elm post_image usg_post_image_1 stretched\"><a href=\"https:\/\/old.labelpack.it\/fr\/nouvelles\/seasons-greetings-2023\/\" aria-label=\"Season&rsquo;s Greetings 2023\"><img width=\"1920\" height=\"1080\" src=\"https:\/\/old.labelpack.it\/wp-content\/uploads\/2023\/12\/Labelpack-Buone-Feste-2023.jpg\" class=\"attachment-full size-full wp-post-image\" alt=\"\" decoding=\"async\" loading=\"lazy\" srcset=\"https:\/\/old.labelpack.it\/wp-content\/uploads\/2023\/12\/Labelpack-Buone-Feste-2023.jpg 1920w, https:\/\/old.labelpack.it\/wp-content\/uploads\/2023\/12\/Labelpack-Buone-Feste-2023-300x169.jpg 300w, https:\/\/old.labelpack.it\/wp-content\/uploads\/2023\/12\/Labelpack-Buone-Feste-2023-1024x576.jpg 1024w\" sizes=\"(max-width: 1920px) 100vw, 1920px\" \/><\/a><\/div><div class=\"w-post-elm post_taxonomy usg_post_taxonomy_1 style_badge color_link_inherit\"><a class=\"w-btn us-btn-style_25 term-96 term-nouvelles\" href=\"https:\/\/old.labelpack.it\/fr\/category\/nouvelles\/\"><span class=\"w-btn-label\">Nouvelles<\/span><\/a><\/div><div class=\"w-vwrapper usg_vwrapper_1 align_left valign_top\"><h2 class=\"w-post-elm post_title usg_post_title_1 entry-title color_link_inherit\"><a href=\"https:\/\/old.labelpack.it\/fr\/nouvelles\/seasons-greetings-2023\/\">Season&rsquo;s Greetings 2023<\/a><\/h2><div class=\"w-hwrapper usg_hwrapper_1 has_text_color align_left valign_top wrap\"><time class=\"w-post-elm post_date usg_post_date_1 entry-date published\" datetime=\"2023-12-21T09:46:27+00:00\" title=\"21 d\u00e9cembre 2023 \u00e0 09:46:27 +00:00\">21 d\u00e9cembre 2023<\/time><\/div><div class=\"w-post-elm post_content usg_post_content_1\">Nous sommes ferm\u00e9s pour les vacances de No\u00ebl du 02 au 05 janvier 2024. Joyeux Noel et bonne ann\u00e9e!<\/div><\/div>\t\t<\/div>\n\t<\/article>\n\t<article class=\"w-grid-item size_1x1 post-18291 post type-post status-publish format-standard has-post-thumbnail hentry category-nouvelles\" data-id=\"18291\">\n\t\t<div class=\"w-grid-item-h\">\n\t\t\t\t\t\t<div class=\"w-post-elm post_image usg_post_image_1 stretched\"><a href=\"https:\/\/old.labelpack.it\/fr\/nouvelles\/cibus-tec-2023\/\" aria-label=\"CIBUS TEC 2023\"><img width=\"1204\" height=\"631\" src=\"https:\/\/old.labelpack.it\/wp-content\/uploads\/2023\/10\/cibustec-pad02-standB013.jpg\" class=\"attachment-full size-full wp-post-image\" alt=\"\" decoding=\"async\" loading=\"lazy\" srcset=\"https:\/\/old.labelpack.it\/wp-content\/uploads\/2023\/10\/cibustec-pad02-standB013.jpg 1204w, https:\/\/old.labelpack.it\/wp-content\/uploads\/2023\/10\/cibustec-pad02-standB013-300x157.jpg 300w, https:\/\/old.labelpack.it\/wp-content\/uploads\/2023\/10\/cibustec-pad02-standB013-1024x537.jpg 1024w\" sizes=\"(max-width: 1204px) 100vw, 1204px\" \/><\/a><\/div><div class=\"w-post-elm post_taxonomy usg_post_taxonomy_1 style_badge color_link_inherit\"><a class=\"w-btn us-btn-style_25 term-96 term-nouvelles\" href=\"https:\/\/old.labelpack.it\/fr\/category\/nouvelles\/\"><span class=\"w-btn-label\">Nouvelles<\/span><\/a><\/div><div class=\"w-vwrapper usg_vwrapper_1 align_left valign_top\"><h2 class=\"w-post-elm post_title usg_post_title_1 entry-title color_link_inherit\"><a href=\"https:\/\/old.labelpack.it\/fr\/nouvelles\/cibus-tec-2023\/\">CIBUS TEC 2023<\/a><\/h2><div class=\"w-hwrapper usg_hwrapper_1 has_text_color align_left valign_top wrap\"><time class=\"w-post-elm post_date usg_post_date_1 entry-date published\" datetime=\"2023-10-06T10:19:22+00:00\" title=\"6 octobre 2023 \u00e0 10:19:22 +00:00\">6 octobre 2023<\/time><\/div><div class=\"w-post-elm post_content usg_post_content_1\">Nous attendons au CIBUS TEC, Pad 02, Stand B 013 pour pr\u00e9senter nos meilleures solutions d&rsquo;\u00e9tiquetage pour les aliments et\u2026<\/div><\/div>\t\t<\/div>\n\t<\/article>\n\t<article class=\"w-grid-item size_1x1 post-18267 post type-post status-publish format-standard has-post-thumbnail hentry category-nouvelles\" data-id=\"18267\">\n\t\t<div class=\"w-grid-item-h\">\n\t\t\t\t\t\t<div class=\"w-post-elm post_image usg_post_image_1 stretched\"><a href=\"https:\/\/old.labelpack.it\/fr\/nouvelles\/ete-2023\/\" aria-label=\"\u00c9T\u00c9 2023\"><img width=\"1920\" height=\"1080\" src=\"https:\/\/old.labelpack.it\/wp-content\/uploads\/2023\/08\/labelpack-summer-2023.jpg\" class=\"attachment-full size-full wp-post-image\" alt=\"\" decoding=\"async\" loading=\"lazy\" srcset=\"https:\/\/old.labelpack.it\/wp-content\/uploads\/2023\/08\/labelpack-summer-2023.jpg 1920w, https:\/\/old.labelpack.it\/wp-content\/uploads\/2023\/08\/labelpack-summer-2023-300x169.jpg 300w, https:\/\/old.labelpack.it\/wp-content\/uploads\/2023\/08\/labelpack-summer-2023-1024x576.jpg 1024w\" sizes=\"(max-width: 1920px) 100vw, 1920px\" \/><\/a><\/div><div class=\"w-post-elm post_taxonomy usg_post_taxonomy_1 style_badge color_link_inherit\"><a class=\"w-btn us-btn-style_25 term-96 term-nouvelles\" href=\"https:\/\/old.labelpack.it\/fr\/category\/nouvelles\/\"><span class=\"w-btn-label\">Nouvelles<\/span><\/a><\/div><div class=\"w-vwrapper usg_vwrapper_1 align_left valign_top\"><h2 class=\"w-post-elm post_title usg_post_title_1 entry-title color_link_inherit\"><a href=\"https:\/\/old.labelpack.it\/fr\/nouvelles\/ete-2023\/\">\u00c9T\u00c9 2023<\/a><\/h2><div class=\"w-hwrapper usg_hwrapper_1 has_text_color align_left valign_top wrap\"><time class=\"w-post-elm post_date usg_post_date_1 entry-date published\" datetime=\"2023-08-02T09:07:59+00:00\" title=\"2 ao\u00fbt 2023 \u00e0 09:07:59 +00:00\">2 ao\u00fbt 2023<\/time><\/div><div class=\"w-post-elm post_content usg_post_content_1\">Nous sommes ferm\u00e9s pour les vacances d&rsquo;\u00e9t\u00e9 du 07 au 18 ao\u00fbt 2023. BONNES VACANCES A TOUS !<\/div><\/div>\t\t<\/div>\n\t<\/article>\n\t<article class=\"w-grid-item size_1x1 post-18006 post type-post status-publish format-standard has-post-thumbnail hentry category-nouvelles\" data-id=\"18006\">\n\t\t<div class=\"w-grid-item-h\">\n\t\t\t\t\t\t<div class=\"w-post-elm post_image usg_post_image_1 stretched\"><a href=\"https:\/\/old.labelpack.it\/fr\/nouvelles\/interpack-2023\/\" aria-label=\"INTERPACK 2023\"><img width=\"1920\" height=\"1080\" src=\"https:\/\/old.labelpack.it\/wp-content\/uploads\/2023\/04\/banner_interpack_sito.jpg\" class=\"attachment-full size-full wp-post-image\" alt=\"\" decoding=\"async\" loading=\"lazy\" srcset=\"https:\/\/old.labelpack.it\/wp-content\/uploads\/2023\/04\/banner_interpack_sito.jpg 1920w, https:\/\/old.labelpack.it\/wp-content\/uploads\/2023\/04\/banner_interpack_sito-300x169.jpg 300w, https:\/\/old.labelpack.it\/wp-content\/uploads\/2023\/04\/banner_interpack_sito-1024x576.jpg 1024w\" sizes=\"(max-width: 1920px) 100vw, 1920px\" \/><\/a><\/div><div class=\"w-post-elm post_taxonomy usg_post_taxonomy_1 style_badge color_link_inherit\"><a class=\"w-btn us-btn-style_25 term-96 term-nouvelles\" href=\"https:\/\/old.labelpack.it\/fr\/category\/nouvelles\/\"><span class=\"w-btn-label\">Nouvelles<\/span><\/a><\/div><div class=\"w-vwrapper usg_vwrapper_1 align_left valign_top\"><h2 class=\"w-post-elm post_title usg_post_title_1 entry-title color_link_inherit\"><a href=\"https:\/\/old.labelpack.it\/fr\/nouvelles\/interpack-2023\/\">INTERPACK 2023<\/a><\/h2><div class=\"w-hwrapper usg_hwrapper_1 has_text_color align_left valign_top wrap\"><time class=\"w-post-elm post_date usg_post_date_1 entry-date published\" datetime=\"2023-04-07T13:35:49+00:00\" title=\"7 avril 2023 \u00e0 13:35:49 +00:00\">7 avril 2023<\/time><\/div><div class=\"w-post-elm post_content usg_post_content_1\">D\u00fcsseldorf du 4 au 10 mai 2023 \u2013 Hall 8B, Stand D05. Nous vous attendons pour vous pr\u00e9senter nos meilleures\u2026<\/div><\/div>\t\t<\/div>\n\t<\/article>\n\t<article class=\"w-grid-item size_1x1 post-17778 post type-post status-publish format-standard has-post-thumbnail hentry category-nouvelles\" data-id=\"17778\">\n\t\t<div class=\"w-grid-item-h\">\n\t\t\t\t\t\t<div class=\"w-post-elm post_image usg_post_image_1 stretched\"><a href=\"https:\/\/old.labelpack.it\/fr\/nouvelles\/ete-2022\/\" aria-label=\"\u00c9T\u00c9 2022\"><img width=\"1920\" height=\"1080\" src=\"https:\/\/old.labelpack.it\/wp-content\/uploads\/2022\/07\/labelpack-summer-2022.jpg\" class=\"attachment-full size-full wp-post-image\" alt=\"\" decoding=\"async\" loading=\"lazy\" srcset=\"https:\/\/old.labelpack.it\/wp-content\/uploads\/2022\/07\/labelpack-summer-2022.jpg 1920w, https:\/\/old.labelpack.it\/wp-content\/uploads\/2022\/07\/labelpack-summer-2022-300x169.jpg 300w, https:\/\/old.labelpack.it\/wp-content\/uploads\/2022\/07\/labelpack-summer-2022-1024x576.jpg 1024w\" sizes=\"(max-width: 1920px) 100vw, 1920px\" \/><\/a><\/div><div class=\"w-post-elm post_taxonomy usg_post_taxonomy_1 style_badge color_link_inherit\"><a class=\"w-btn us-btn-style_25 term-96 term-nouvelles\" href=\"https:\/\/old.labelpack.it\/fr\/category\/nouvelles\/\"><span class=\"w-btn-label\">Nouvelles<\/span><\/a><\/div><div class=\"w-vwrapper usg_vwrapper_1 align_left valign_top\"><h2 class=\"w-post-elm post_title usg_post_title_1 entry-title color_link_inherit\"><a href=\"https:\/\/old.labelpack.it\/fr\/nouvelles\/ete-2022\/\">\u00c9T\u00c9 2022<\/a><\/h2><div class=\"w-hwrapper usg_hwrapper_1 has_text_color align_left valign_top wrap\"><time class=\"w-post-elm post_date usg_post_date_1 entry-date published\" datetime=\"2022-07-28T09:12:51+00:00\" title=\"28 juillet 2022 \u00e0 09:12:51 +00:00\">28 juillet 2022<\/time><\/div><div class=\"w-post-elm post_content usg_post_content_1\">Nous sommes ferm\u00e9s pour les vacances d&rsquo;\u00e9t\u00e9 du 06 au 20 ao\u00fbt 2022. BONNES VACANCES A TOUS !<\/div><\/div>\t\t<\/div>\n\t<\/article>\n\t<article class=\"w-grid-item size_1x1 post-16939 post type-post status-publish format-standard has-post-thumbnail hentry category-nouvelles\" data-id=\"16939\">\n\t\t<div class=\"w-grid-item-h\">\n\t\t\t\t\t\t<div class=\"w-post-elm post_image usg_post_image_1 stretched\"><a href=\"https:\/\/old.labelpack.it\/fr\/nouvelles\/16939\/\" aria-label><img width=\"1920\" height=\"1080\" src=\"https:\/\/old.labelpack.it\/wp-content\/uploads\/2021\/12\/labelpack-seasons-greetings-2021.jpg\" class=\"attachment-full size-full wp-post-image\" alt=\"\" decoding=\"async\" loading=\"lazy\" srcset=\"https:\/\/old.labelpack.it\/wp-content\/uploads\/2021\/12\/labelpack-seasons-greetings-2021.jpg 1920w, https:\/\/old.labelpack.it\/wp-content\/uploads\/2021\/12\/labelpack-seasons-greetings-2021-300x169.jpg 300w, https:\/\/old.labelpack.it\/wp-content\/uploads\/2021\/12\/labelpack-seasons-greetings-2021-1024x576.jpg 1024w\" sizes=\"(max-width: 1920px) 100vw, 1920px\" \/><\/a><\/div><div class=\"w-post-elm post_taxonomy usg_post_taxonomy_1 style_badge color_link_inherit\"><a class=\"w-btn us-btn-style_25 term-96 term-nouvelles\" href=\"https:\/\/old.labelpack.it\/fr\/category\/nouvelles\/\"><span class=\"w-btn-label\">Nouvelles<\/span><\/a><\/div><div class=\"w-vwrapper usg_vwrapper_1 align_left valign_top\"><h2 class=\"w-post-elm post_title usg_post_title_1 entry-title color_link_inherit\"><a href=\"https:\/\/old.labelpack.it\/fr\/nouvelles\/16939\/\"><\/a><\/h2><div class=\"w-hwrapper usg_hwrapper_1 has_text_color align_left valign_top wrap\"><time class=\"w-post-elm post_date usg_post_date_1 entry-date published\" datetime=\"2021-12-21T14:14:58+00:00\" title=\"21 d\u00e9cembre 2021 \u00e0 14:14:58 +00:00\">21 d\u00e9cembre 2021<\/time><\/div><div class=\"w-post-elm post_content usg_post_content_1\">Nous sommes ferm\u00e9s pour les vacances de No\u00ebl les 24 et 31 d\u00e9cembre et du 03 au 07 janvier 2022.\u2026<\/div><\/div>\t\t<\/div>\n\t<\/article>\n<\/div><div class=\"w-grid-preloader\"><div class=\"g-preloader type_1\">\n\t<div><\/div>\n<\/div>\n<\/div>\t\t<div class=\"g-loadmore \">\n\t\t\t<div class=\"g-preloader type_1\">\n\t\t\t\t<div><\/div>\n\t\t\t<\/div>\n\t\t\t<button class=\"w-btn us-btn-style_1\">\n\t\t\t\t<span class=\"w-btn-label\">Charger plus<\/span>\n\t\t\t<\/button>\n\t\t<\/div>\n\t\t\t<div class=\"w-grid-json hidden\" onclick='return {&quot;action&quot;:&quot;us_ajax_grid&quot;,&quot;ajax_url&quot;:&quot;https:\\\/\\\/old.labelpack.it\\\/wp-admin\\\/admin-ajax.php&quot;,&quot;infinite_scroll&quot;:0,&quot;max_num_pages&quot;:6,&quot;pagination&quot;:&quot;ajax&quot;,&quot;permalink_url&quot;:&quot;https:\\\/\\\/old.labelpack.it\\\/fr\\\/wp-json\\\/wp\\\/v2\\\/pages\\\/10123\\\/&quot;,&quot;template_vars&quot;:{&quot;columns&quot;:&quot;2&quot;,&quot;exclude_items&quot;:&quot;none&quot;,&quot;img_size&quot;:&quot;default&quot;,&quot;ignore_items_size&quot;:0,&quot;items_layout&quot;:&quot;7779&quot;,&quot;items_offset&quot;:&quot;1&quot;,&quot;load_animation&quot;:&quot;none&quot;,&quot;overriding_link&quot;:&quot;none&quot;,&quot;post_id&quot;:10123,&quot;query_args&quot;:{&quot;post_type&quot;:[&quot;post&quot;],&quot;post_status&quot;:[&quot;publish&quot;,&quot;acf-disabled&quot;],&quot;posts_per_page&quot;:&quot;8&quot;},&quot;orderby_query_args&quot;:{&quot;orderby&quot;:{&quot;date&quot;:&quot;DESC&quot;}},&quot;type&quot;:&quot;grid&quot;,&quot;us_grid_ajax_index&quot;:1,&quot;us_grid_filter_params&quot;:null,&quot;us_grid_index&quot;:1,&quot;_us_grid_post_type&quot;:&quot;post&quot;,&quot;lang&quot;:&quot;fr&quot;}}'><\/div>\n\t<\/div><\/div><\/div><\/div><div class=\"vc_col-sm-3 wpb_column vc_column_container\"><div class=\"vc_column-inner\"><div class=\"wpb_wrapper\">[vc_widget_sidebar sidebar_id=\u00a0\u00bbdefault_sidebar\u00a0\u00bb]<\/div><\/div><\/div><\/div><\/div><\/section>\n","protected":false},"excerpt":{"rendered":"Nous sommes ferm\u00e9s pour les vacances de No\u00ebl les 24 et 31 d\u00e9cembre et du 03 au 07 janvier 2022. Joyeux Noel et bonne ann\u00e9e!","protected":false},"author":1,"featured_media":0,"parent":0,"menu_order":0,"comment_status":"closed","ping_status":"closed","template":"","meta":[],"acf":[],"yoast_head":"<!-- This site is optimized with the Yoast SEO plugin v19.12 - https:\/\/yoast.com\/wordpress\/plugins\/seo\/ -->\n<title>Nouvelles - Labelpack<\/title>\n<meta name=\"robots\" content=\"noindex, follow, max-snippet:-1, max-image-preview:large, max-video-preview:-1\" \/>\n<meta property=\"og:locale\" content=\"fr_FR\" \/>\n<meta property=\"og:type\" content=\"article\" \/>\n<meta property=\"og:title\" content=\"Nouvelles - Labelpack\" \/>\n<meta property=\"og:url\" content=\"https:\/\/old.labelpack.it\/fr\/news\/\" \/>\n<meta property=\"og:site_name\" content=\"Labelpack\" \/>\n<meta property=\"article:publisher\" content=\"https:\/\/www.facebook.com\/pages\/Labelpack\/407949305913215\" \/>\n<meta property=\"article:modified_time\" content=\"2020-07-30T13:55:01+00:00\" \/>\n<meta name=\"twitter:card\" content=\"summary_large_image\" \/>\n<script type=\"application\/ld+json\" class=\"yoast-schema-graph\">{\"@context\":\"https:\/\/schema.org\",\"@graph\":[{\"@type\":\"WebPage\",\"@id\":\"https:\/\/old.labelpack.it\/fr\/news\/\",\"url\":\"https:\/\/old.labelpack.it\/fr\/news\/\",\"name\":\"Nouvelles - Labelpack\",\"isPartOf\":{\"@id\":\"https:\/\/old.labelpack.it\/fr\/#website\"},\"datePublished\":\"2015-08-26T14:14:01+00:00\",\"dateModified\":\"2020-07-30T13:55:01+00:00\",\"breadcrumb\":{\"@id\":\"https:\/\/old.labelpack.it\/fr\/news\/#breadcrumb\"},\"inLanguage\":\"fr-FR\",\"potentialAction\":[{\"@type\":\"ReadAction\",\"target\":[\"https:\/\/old.labelpack.it\/fr\/news\/\"]}]},{\"@type\":\"BreadcrumbList\",\"@id\":\"https:\/\/old.labelpack.it\/fr\/news\/#breadcrumb\",\"itemListElement\":[{\"@type\":\"ListItem\",\"position\":1,\"name\":\"Home\",\"item\":\"https:\/\/old.labelpack.it\/fr\/\"},{\"@type\":\"ListItem\",\"position\":2,\"name\":\"Nouvelles\"}]},{\"@type\":\"WebSite\",\"@id\":\"https:\/\/old.labelpack.it\/fr\/#website\",\"url\":\"https:\/\/old.labelpack.it\/fr\/\",\"name\":\"Labelpack\",\"description\":\"Sistemi di etichettatura automatica\",\"publisher\":{\"@id\":\"https:\/\/old.labelpack.it\/fr\/#organization\"},\"potentialAction\":[{\"@type\":\"SearchAction\",\"target\":{\"@type\":\"EntryPoint\",\"urlTemplate\":\"https:\/\/old.labelpack.it\/fr\/?s={search_term_string}\"},\"query-input\":\"required name=search_term_string\"}],\"inLanguage\":\"fr-FR\"},{\"@type\":\"Organization\",\"@id\":\"https:\/\/old.labelpack.it\/fr\/#organization\",\"name\":\"Labelpack Trade Srl\",\"url\":\"https:\/\/old.labelpack.it\/fr\/\",\"logo\":{\"@type\":\"ImageObject\",\"inLanguage\":\"fr-FR\",\"@id\":\"https:\/\/old.labelpack.it\/fr\/#\/schema\/logo\/image\/\",\"url\":\"https:\/\/old.labelpack.it\/wp-content\/uploads\/2017\/07\/labelpack_logo.svg\",\"contentUrl\":\"https:\/\/old.labelpack.it\/wp-content\/uploads\/2017\/07\/labelpack_logo.svg\",\"width\":480,\"height\":82,\"caption\":\"Labelpack Trade Srl\"},\"image\":{\"@id\":\"https:\/\/old.labelpack.it\/fr\/#\/schema\/logo\/image\/\"},\"sameAs\":[\"https:\/\/www.linkedin.com\/company\/labelpack-srl?trk=top_nav_home\",\"https:\/\/www.youtube.com\/user\/Labelxworld\",\"https:\/\/www.facebook.com\/pages\/Labelpack\/407949305913215\"]}]}<\/script>\n<!-- \/ Yoast SEO plugin. -->","yoast_head_json":{"title":"Nouvelles - Labelpack","robots":{"index":"noindex","follow":"follow","max-snippet":"max-snippet:-1","max-image-preview":"max-image-preview:large","max-video-preview":"max-video-preview:-1"},"og_locale":"fr_FR","og_type":"article","og_title":"Nouvelles - Labelpack","og_url":"https:\/\/old.labelpack.it\/fr\/news\/","og_site_name":"Labelpack","article_publisher":"https:\/\/www.facebook.com\/pages\/Labelpack\/407949305913215","article_modified_time":"2020-07-30T13:55:01+00:00","twitter_card":"summary_large_image","schema":{"@context":"https:\/\/schema.org","@graph":[{"@type":"WebPage","@id":"https:\/\/old.labelpack.it\/fr\/news\/","url":"https:\/\/old.labelpack.it\/fr\/news\/","name":"Nouvelles - Labelpack","isPartOf":{"@id":"https:\/\/old.labelpack.it\/fr\/#website"},"datePublished":"2015-08-26T14:14:01+00:00","dateModified":"2020-07-30T13:55:01+00:00","breadcrumb":{"@id":"https:\/\/old.labelpack.it\/fr\/news\/#breadcrumb"},"inLanguage":"fr-FR","potentialAction":[{"@type":"ReadAction","target":["https:\/\/old.labelpack.it\/fr\/news\/"]}]},{"@type":"BreadcrumbList","@id":"https:\/\/old.labelpack.it\/fr\/news\/#breadcrumb","itemListElement":[{"@type":"ListItem","position":1,"name":"Home","item":"https:\/\/old.labelpack.it\/fr\/"},{"@type":"ListItem","position":2,"name":"Nouvelles"}]},{"@type":"WebSite","@id":"https:\/\/old.labelpack.it\/fr\/#website","url":"https:\/\/old.labelpack.it\/fr\/","name":"Labelpack","description":"Sistemi di etichettatura automatica","publisher":{"@id":"https:\/\/old.labelpack.it\/fr\/#organization"},"potentialAction":[{"@type":"SearchAction","target":{"@type":"EntryPoint","urlTemplate":"https:\/\/old.labelpack.it\/fr\/?s={search_term_string}"},"query-input":"required name=search_term_string"}],"inLanguage":"fr-FR"},{"@type":"Organization","@id":"https:\/\/old.labelpack.it\/fr\/#organization","name":"Labelpack Trade Srl","url":"https:\/\/old.labelpack.it\/fr\/","logo":{"@type":"ImageObject","inLanguage":"fr-FR","@id":"https:\/\/old.labelpack.it\/fr\/#\/schema\/logo\/image\/","url":"https:\/\/old.labelpack.it\/wp-content\/uploads\/2017\/07\/labelpack_logo.svg","contentUrl":"https:\/\/old.labelpack.it\/wp-content\/uploads\/2017\/07\/labelpack_logo.svg","width":480,"height":82,"caption":"Labelpack Trade Srl"},"image":{"@id":"https:\/\/old.labelpack.it\/fr\/#\/schema\/logo\/image\/"},"sameAs":["https:\/\/www.linkedin.com\/company\/labelpack-srl?trk=top_nav_home","https:\/\/www.youtube.com\/user\/Labelxworld","https:\/\/www.facebook.com\/pages\/Labelpack\/407949305913215"]}]}},"_links":{"self":[{"href":"https:\/\/old.labelpack.it\/fr\/wp-json\/wp\/v2\/pages\/10123"}],"collection":[{"href":"https:\/\/old.labelpack.it\/fr\/wp-json\/wp\/v2\/pages"}],"about":[{"href":"https:\/\/old.labelpack.it\/fr\/wp-json\/wp\/v2\/types\/page"}],"author":[{"embeddable":true,"href":"https:\/\/old.labelpack.it\/fr\/wp-json\/wp\/v2\/users\/1"}],"replies":[{"embeddable":true,"href":"https:\/\/old.labelpack.it\/fr\/wp-json\/wp\/v2\/comments?post=10123"}],"version-history":[{"count":2,"href":"https:\/\/old.labelpack.it\/fr\/wp-json\/wp\/v2\/pages\/10123\/revisions"}],"predecessor-version":[{"id":14059,"href":"https:\/\/old.labelpack.it\/fr\/wp-json\/wp\/v2\/pages\/10123\/revisions\/14059"}],"wp:attachment":[{"href":"https:\/\/old.labelpack.it\/fr\/wp-json\/wp\/v2\/media?parent=10123"}],"curies":[{"name":"wp","href":"https:\/\/api.w.org\/{rel}","templated":true}]}}