{"id":10075,"date":"2013-05-31T11:58:45","date_gmt":"2013-05-31T11:58:45","guid":{"rendered":"http:\/\/old.labelpack.it\/settori\/"},"modified":"2020-07-30T13:54:58","modified_gmt":"2020-07-30T13:54:58","slug":"settori","status":"publish","type":"page","link":"https:\/\/old.labelpack.it\/fr\/settori\/","title":{"rendered":"Secteurs"},"content":{"rendered":"<section class=\"l-section wpb_row height_large color_primary with_img parallax_hor bgwidth_120\"><div class=\"l-section-img\" style=\"background-image: url(https:\/\/old.labelpack.it\/wp-content\/uploads\/2019\/09\/labelpack_banner_sectors.jpg);\" data-img-width=\"2500\" data-img-height=\"377\"><\/div><div class=\"l-section-overlay\" style=\"background:rgba(2,2,2,0.67)\"><\/div><div class=\"l-section-h i-cf\"><div class=\"g-cols vc_row via_flex valign_top type_default stacking_default\"><div class=\"vc_col-sm-12 wpb_column vc_column_container\"><div class=\"vc_column-inner\"><div class=\"wpb_wrapper\"><h1 class=\"w-post-elm post_title us_custom_db86dbd8 has_text_color align_center entry-title color_link_inherit\">Secteurs<\/h1><\/div><\/div><\/div><\/div><\/div><\/section><section class=\"l-section wpb_row height_auto\"><div class=\"l-section-h i-cf\"><div class=\"g-cols vc_row via_flex valign_top type_default stacking_default\"><div class=\"vc_col-sm-12 wpb_column vc_column_container\"><div class=\"vc_column-inner\"><div class=\"wpb_wrapper\"><div class=\"w-separator size_medium\"><\/div><div class=\"g-cols wpb_row via_flex valign_top type_default stacking_default\"><div class=\"vc_col-sm-6 wpb_column vc_column_container\"><div class=\"vc_column-inner\"><div class=\"wpb_wrapper\"><div class=\"w-ibanner us_custom_7565dc3a has_text_color animation_aphelia ratio_2x1 easing_ease align_center\" id=\"banner_settori_cosmetic\"><div class=\"w-ibanner-h\"><div class=\"w-ibanner-image\" style=\"background-image: url(https:\/\/old.labelpack.it\/wp-content\/uploads\/2019\/09\/labelpack_banner_cosmetic.jpg)\"><\/div><div class=\"w-ibanner-content\"><div class=\"w-ibanner-content-h\"><h2 class=\"w-ibanner-title\"><\/h2><div class=\"w-ibanner-desc\"><\/p>\n<h3>Cosmetic<\/h3>\n<p>\u00c9tiquetage des flacons et des tubes vides<br \/>\n\u00c9tiquetage des bo\u00eetes et pots<br \/>\nSolutions d\u2019impression pour bo\u00eetes et palettes<\/p>\n<\/div><\/div><\/div><\/div><a title=\"Cosmetic\" href=\"\/settori\/cosmetic\/\" aria-label><\/a><\/div><\/div><\/div><\/div><div class=\"vc_col-sm-6 wpb_column vc_column_container\"><div class=\"vc_column-inner\"><div class=\"wpb_wrapper\"><div class=\"w-ibanner us_custom_7565dc3a has_text_color animation_aphelia ratio_2x1 easing_ease align_center\" id=\"banner_settori_food_and_beverage\"><div class=\"w-ibanner-h\"><div class=\"w-ibanner-image\" style=\"background-image: url(https:\/\/old.labelpack.it\/wp-content\/uploads\/2019\/10\/banner_food_and_beverage.jpg)\"><\/div><div class=\"w-ibanner-content\"><div class=\"w-ibanner-content-h\"><h2 class=\"w-ibanner-title\"><\/h2><div class=\"w-ibanner-desc\"><\/p>\n<h3>Food &amp; Beverage<\/h3>\n<p>\u00c9tiquetage de bo\u00eetes, pots et bouteilles<br \/>\n\u00c9tiquetage de barquettes, d\u2019\u00e9tuis et de sachets<br \/>\nSolutions d\u2019impression pour bo\u00eetes et palettes<\/p>\n<\/div><\/div><\/div><\/div><a title=\"Food &amp; Beverage\" href=\"\/settori\/food-beverage\/\" aria-label><\/a><\/div><\/div><\/div><\/div><\/div><div class=\"w-separator size_custom\" style=\"height:3rem\" id=\"z687\"><style>@media(max-width:600px){ #z687{height:1rem!important}}<\/style><\/div><div class=\"g-cols wpb_row via_flex valign_top type_default stacking_default\"><div class=\"vc_col-sm-6 wpb_column vc_column_container\"><div class=\"vc_column-inner\"><div class=\"wpb_wrapper\"><div class=\"w-ibanner us_custom_7565dc3a has_text_color animation_aphelia ratio_2x1 easing_ease align_center\" id=\"banner_settori_pharmaceutical\"><div class=\"w-ibanner-h\"><div class=\"w-ibanner-image\" style=\"background-image: url(https:\/\/old.labelpack.it\/wp-content\/uploads\/2019\/10\/banner_pharmaceutical.jpg)\"><\/div><div class=\"w-ibanner-content\"><div class=\"w-ibanner-content-h\"><h2 class=\"w-ibanner-title\"><\/h2><div class=\"w-ibanner-desc\"><\/p>\n<h3>Pharmaceutical<\/h3>\n<p>\u00c9tiquetage de flacons, bo\u00eetes et seringues<br \/>\n\u00c9tiquetage de bo\u00eetes de m\u00e9dicaments<br \/>\nSolutions d\u2019impression pour bo\u00eetes et palettes<\/p>\n<\/div><\/div><\/div><\/div><a title=\"Pharmaceutical\" href=\"\/settori\/pharmaceutical\/\" aria-label><\/a><\/div><\/div><\/div><\/div><div class=\"vc_col-sm-6 wpb_column vc_column_container\"><div class=\"vc_column-inner\"><div class=\"wpb_wrapper\"><div class=\"w-ibanner us_custom_7565dc3a has_text_color animation_aphelia ratio_2x1 easing_ease align_center\" id=\"banner_settori_mechanical_and_automation\"><div class=\"w-ibanner-h\"><div class=\"w-ibanner-image\" style=\"background-image: url(https:\/\/old.labelpack.it\/wp-content\/uploads\/2015\/05\/mechanical_automation2.jpg)\"><\/div><div class=\"w-ibanner-content\"><div class=\"w-ibanner-content-h\"><h2 class=\"w-ibanner-title\"><\/h2><div class=\"w-ibanner-desc\"><\/p>\n<h3>Mechanical &amp; Automation<\/h3>\n<p>\u00c9tiquetage de composants pour voitures<br \/>\n\u00c9tiquetage pour moulage des mati\u00e8res plastiques<br \/>\nSolutions d\u2019impression pour robotique<\/p>\n<\/div><\/div><\/div><\/div><a title=\"Mechanical &amp; Automation\" href=\"\/settori\/mechanical-automation\/\" aria-label><\/a><\/div><\/div><\/div><\/div><\/div><div class=\"w-separator size_huge\"><\/div><\/div><\/div><\/div><\/div><\/div><\/section>\n","protected":false},"excerpt":{"rendered":"SecteursCosmetic \u00c9tiquetage des flacons et des tubes vides \u00c9tiquetage des bo\u00eetes et pots Solutions d\u2019impression pour bo\u00eetes et palettes Food &amp; Beverage \u00c9tiquetage de bo\u00eetes, pots et bouteilles \u00c9tiquetage de barquettes, d\u2019\u00e9tuis et de sachets Solutions d\u2019impression pour bo\u00eetes et palettes Pharmaceutical \u00c9tiquetage de flacons, bo\u00eetes et seringues \u00c9tiquetage de bo\u00eetes de m\u00e9dicaments Solutions d\u2019impression...","protected":false},"author":1,"featured_media":0,"parent":0,"menu_order":0,"comment_status":"closed","ping_status":"closed","template":"","meta":[],"acf":[],"yoast_head":"<!-- This site is optimized with the Yoast SEO plugin v19.12 - https:\/\/yoast.com\/wordpress\/plugins\/seo\/ -->\n<title>Secteurs - Labelpack<\/title>\n<meta name=\"robots\" content=\"noindex, follow, max-snippet:-1, max-image-preview:large, max-video-preview:-1\" \/>\n<meta property=\"og:locale\" content=\"fr_FR\" \/>\n<meta property=\"og:type\" content=\"article\" \/>\n<meta property=\"og:title\" content=\"Secteurs - Labelpack\" \/>\n<meta property=\"og:url\" content=\"https:\/\/old.labelpack.it\/fr\/settori\/\" \/>\n<meta property=\"og:site_name\" content=\"Labelpack\" \/>\n<meta property=\"article:publisher\" content=\"https:\/\/www.facebook.com\/pages\/Labelpack\/407949305913215\" \/>\n<meta property=\"article:modified_time\" content=\"2020-07-30T13:54:58+00:00\" \/>\n<meta name=\"twitter:card\" content=\"summary_large_image\" \/>\n<meta name=\"twitter:label1\" content=\"Dur\u00e9e de lecture estim\u00e9e\" \/>\n\t<meta name=\"twitter:data1\" content=\"2 minutes\" \/>\n<script type=\"application\/ld+json\" class=\"yoast-schema-graph\">{\"@context\":\"https:\/\/schema.org\",\"@graph\":[{\"@type\":\"WebPage\",\"@id\":\"https:\/\/old.labelpack.it\/fr\/settori\/\",\"url\":\"https:\/\/old.labelpack.it\/fr\/settori\/\",\"name\":\"Secteurs - Labelpack\",\"isPartOf\":{\"@id\":\"https:\/\/old.labelpack.it\/fr\/#website\"},\"datePublished\":\"2013-05-31T11:58:45+00:00\",\"dateModified\":\"2020-07-30T13:54:58+00:00\",\"breadcrumb\":{\"@id\":\"https:\/\/old.labelpack.it\/fr\/settori\/#breadcrumb\"},\"inLanguage\":\"fr-FR\",\"potentialAction\":[{\"@type\":\"ReadAction\",\"target\":[\"https:\/\/old.labelpack.it\/fr\/settori\/\"]}]},{\"@type\":\"BreadcrumbList\",\"@id\":\"https:\/\/old.labelpack.it\/fr\/settori\/#breadcrumb\",\"itemListElement\":[{\"@type\":\"ListItem\",\"position\":1,\"name\":\"Home\",\"item\":\"https:\/\/old.labelpack.it\/fr\/\"},{\"@type\":\"ListItem\",\"position\":2,\"name\":\"Secteurs\"}]},{\"@type\":\"WebSite\",\"@id\":\"https:\/\/old.labelpack.it\/fr\/#website\",\"url\":\"https:\/\/old.labelpack.it\/fr\/\",\"name\":\"Labelpack\",\"description\":\"Sistemi di etichettatura automatica\",\"publisher\":{\"@id\":\"https:\/\/old.labelpack.it\/fr\/#organization\"},\"potentialAction\":[{\"@type\":\"SearchAction\",\"target\":{\"@type\":\"EntryPoint\",\"urlTemplate\":\"https:\/\/old.labelpack.it\/fr\/?s={search_term_string}\"},\"query-input\":\"required name=search_term_string\"}],\"inLanguage\":\"fr-FR\"},{\"@type\":\"Organization\",\"@id\":\"https:\/\/old.labelpack.it\/fr\/#organization\",\"name\":\"Labelpack Trade Srl\",\"url\":\"https:\/\/old.labelpack.it\/fr\/\",\"logo\":{\"@type\":\"ImageObject\",\"inLanguage\":\"fr-FR\",\"@id\":\"https:\/\/old.labelpack.it\/fr\/#\/schema\/logo\/image\/\",\"url\":\"https:\/\/old.labelpack.it\/wp-content\/uploads\/2017\/07\/labelpack_logo.svg\",\"contentUrl\":\"https:\/\/old.labelpack.it\/wp-content\/uploads\/2017\/07\/labelpack_logo.svg\",\"width\":480,\"height\":82,\"caption\":\"Labelpack Trade Srl\"},\"image\":{\"@id\":\"https:\/\/old.labelpack.it\/fr\/#\/schema\/logo\/image\/\"},\"sameAs\":[\"https:\/\/www.linkedin.com\/company\/labelpack-srl?trk=top_nav_home\",\"https:\/\/www.youtube.com\/user\/Labelxworld\",\"https:\/\/www.facebook.com\/pages\/Labelpack\/407949305913215\"]}]}<\/script>\n<!-- \/ Yoast SEO plugin. -->","yoast_head_json":{"title":"Secteurs - Labelpack","robots":{"index":"noindex","follow":"follow","max-snippet":"max-snippet:-1","max-image-preview":"max-image-preview:large","max-video-preview":"max-video-preview:-1"},"og_locale":"fr_FR","og_type":"article","og_title":"Secteurs - Labelpack","og_url":"https:\/\/old.labelpack.it\/fr\/settori\/","og_site_name":"Labelpack","article_publisher":"https:\/\/www.facebook.com\/pages\/Labelpack\/407949305913215","article_modified_time":"2020-07-30T13:54:58+00:00","twitter_card":"summary_large_image","twitter_misc":{"Dur\u00e9e de lecture estim\u00e9e":"2 minutes"},"schema":{"@context":"https:\/\/schema.org","@graph":[{"@type":"WebPage","@id":"https:\/\/old.labelpack.it\/fr\/settori\/","url":"https:\/\/old.labelpack.it\/fr\/settori\/","name":"Secteurs - Labelpack","isPartOf":{"@id":"https:\/\/old.labelpack.it\/fr\/#website"},"datePublished":"2013-05-31T11:58:45+00:00","dateModified":"2020-07-30T13:54:58+00:00","breadcrumb":{"@id":"https:\/\/old.labelpack.it\/fr\/settori\/#breadcrumb"},"inLanguage":"fr-FR","potentialAction":[{"@type":"ReadAction","target":["https:\/\/old.labelpack.it\/fr\/settori\/"]}]},{"@type":"BreadcrumbList","@id":"https:\/\/old.labelpack.it\/fr\/settori\/#breadcrumb","itemListElement":[{"@type":"ListItem","position":1,"name":"Home","item":"https:\/\/old.labelpack.it\/fr\/"},{"@type":"ListItem","position":2,"name":"Secteurs"}]},{"@type":"WebSite","@id":"https:\/\/old.labelpack.it\/fr\/#website","url":"https:\/\/old.labelpack.it\/fr\/","name":"Labelpack","description":"Sistemi di etichettatura automatica","publisher":{"@id":"https:\/\/old.labelpack.it\/fr\/#organization"},"potentialAction":[{"@type":"SearchAction","target":{"@type":"EntryPoint","urlTemplate":"https:\/\/old.labelpack.it\/fr\/?s={search_term_string}"},"query-input":"required name=search_term_string"}],"inLanguage":"fr-FR"},{"@type":"Organization","@id":"https:\/\/old.labelpack.it\/fr\/#organization","name":"Labelpack Trade Srl","url":"https:\/\/old.labelpack.it\/fr\/","logo":{"@type":"ImageObject","inLanguage":"fr-FR","@id":"https:\/\/old.labelpack.it\/fr\/#\/schema\/logo\/image\/","url":"https:\/\/old.labelpack.it\/wp-content\/uploads\/2017\/07\/labelpack_logo.svg","contentUrl":"https:\/\/old.labelpack.it\/wp-content\/uploads\/2017\/07\/labelpack_logo.svg","width":480,"height":82,"caption":"Labelpack Trade Srl"},"image":{"@id":"https:\/\/old.labelpack.it\/fr\/#\/schema\/logo\/image\/"},"sameAs":["https:\/\/www.linkedin.com\/company\/labelpack-srl?trk=top_nav_home","https:\/\/www.youtube.com\/user\/Labelxworld","https:\/\/www.facebook.com\/pages\/Labelpack\/407949305913215"]}]}},"_links":{"self":[{"href":"https:\/\/old.labelpack.it\/fr\/wp-json\/wp\/v2\/pages\/10075"}],"collection":[{"href":"https:\/\/old.labelpack.it\/fr\/wp-json\/wp\/v2\/pages"}],"about":[{"href":"https:\/\/old.labelpack.it\/fr\/wp-json\/wp\/v2\/types\/page"}],"author":[{"embeddable":true,"href":"https:\/\/old.labelpack.it\/fr\/wp-json\/wp\/v2\/users\/1"}],"replies":[{"embeddable":true,"href":"https:\/\/old.labelpack.it\/fr\/wp-json\/wp\/v2\/comments?post=10075"}],"version-history":[{"count":4,"href":"https:\/\/old.labelpack.it\/fr\/wp-json\/wp\/v2\/pages\/10075\/revisions"}],"predecessor-version":[{"id":14045,"href":"https:\/\/old.labelpack.it\/fr\/wp-json\/wp\/v2\/pages\/10075\/revisions\/14045"}],"wp:attachment":[{"href":"https:\/\/old.labelpack.it\/fr\/wp-json\/wp\/v2\/media?parent=10075"}],"curies":[{"name":"wp","href":"https:\/\/api.w.org\/{rel}","templated":true}]}}