{"id":10071,"date":"2013-05-31T11:57:37","date_gmt":"2013-05-31T11:57:37","guid":{"rendered":"http:\/\/old.labelpack.it\/azienda\/"},"modified":"2020-07-30T13:54:58","modified_gmt":"2020-07-30T13:54:58","slug":"azienda","status":"publish","type":"page","link":"https:\/\/old.labelpack.it\/fr\/azienda\/","title":{"rendered":"Soci\u00e9t\u00e9"},"content":{"rendered":"<section class=\"l-section wpb_row height_large color_primary with_img parallax_hor bgwidth_120\"><div class=\"l-section-img\" style=\"background-image: url(https:\/\/old.labelpack.it\/wp-content\/uploads\/2019\/08\/azienda2.jpg);\" data-img-width=\"1920\" data-img-height=\"290\"><\/div><div class=\"l-section-overlay\" style=\"background:rgba(2,2,2,0.67)\"><\/div><div class=\"l-section-h i-cf\"><div class=\"g-cols vc_row via_flex valign_top type_default stacking_default\"><div class=\"vc_col-sm-12 wpb_column vc_column_container\"><div class=\"vc_column-inner\"><div class=\"wpb_wrapper\"><h1 class=\"w-post-elm post_title us_custom_db86dbd8 has_text_color align_center entry-title color_link_inherit\">Soci\u00e9t\u00e9<\/h1><\/div><\/div><\/div><\/div><\/div><\/section><section class=\"l-section wpb_row height_medium with_img\" id=\"mission\"><div class=\"l-section-img\" style=\"background-image: url(https:\/\/old.labelpack.it\/wp-content\/uploads\/2019\/08\/triangolo_sx.svg);background-position: center left;background-repeat: no-repeat;background-size: contain;\" data-img-width=\"132\" data-img-height=\"391\"><\/div><div class=\"l-section-h i-cf\"><div class=\"g-cols vc_row via_flex valign_top type_default stacking_default\"><div class=\"vc_col-sm-12 wpb_column vc_column_container\"><div class=\"vc_column-inner\"><div class=\"wpb_wrapper\"><div class=\"w-separator size_small\"><\/div><div class=\"g-cols wpb_row via_flex valign_middle type_default stacking_default\"><div class=\"vc_col-sm-6 wpb_column vc_column_container\"><div class=\"vc_column-inner\"><div class=\"wpb_wrapper\"><div class=\"wpb_text_column\"><div class=\"wpb_wrapper\"><h3 style=\"text-align: left;\">La mission de l\u2019entreprise<\/h3>\n<\/div><\/div><div class=\"w-separator size_custom\" style=\"height:20px\"><\/div><div class=\"wpb_text_column\"><div class=\"wpb_wrapper\"><p><em>\u201cLabel your world, label your life\u201d \u00a0\u201cEach label, a new story\u201c \u00a0\u201cMade in Italy solutions\u201d<\/em><\/p>\n<p>Ces slogans r\u00e9sument l\u2019engagement de LABELPACK dans l\u2019\u00e9tude et la r\u00e9alisation de solutions pour l\u2019\u00e9tiquetage automatique \u00e0 l\u2019enseigne de l\u2019innovation technologique continue et avec l\u2019objectif de fournir \u00e0 nos fournisseurs des solutions sur mesure, efficaces, fiables, avec une attention particuli\u00e8re port\u00e9e pour la satisfaction du client. LABELPACK souhaite \u00eatre un membre actif au sein des excellences du Made in Italy.<\/p>\n<\/div><\/div><\/div><\/div><\/div><div class=\"vc_col-sm-6 wpb_column vc_column_container\"><div class=\"vc_column-inner\"><div class=\"wpb_wrapper\"><div class=\"w-video align_none ratio_16x9\"><div class=\"w-video-h\"><iframe title=\"Youtube video player\" src=\"\/\/www.youtube.com\/embed\/_7bD3_wNzHc?origin=https:\/\/old.labelpack.it&controls=1\" allowfullscreen=\"1\" loading=\"lazy\"><\/iframe><\/div><div class=\"w-video-icon\" style=\"font-size:1.5rem;background:rgba(0,0,0,0.5);color:#fff\"><\/div><\/div><\/div><\/div><\/div><\/div><div class=\"w-separator size_small\"><\/div><\/div><\/div><\/div><\/div><\/div><\/section><section class=\"l-section wpb_row height_auto\"><div class=\"l-section-h i-cf\"><div class=\"g-cols vc_row via_flex valign_top type_default stacking_default\"><div class=\"vc_col-sm-12 wpb_column vc_column_container\"><div class=\"vc_column-inner\"><div class=\"wpb_wrapper\"><div class=\"g-cols wpb_row via_flex valign_top type_default stacking_default\"><div class=\"vc_col-sm-12 wpb_column vc_column_container\"><div class=\"vc_column-inner\"><div class=\"wpb_wrapper\"><div class=\"w-grid type_grid layout_gallery_default cols_7\" id=\"us_grid_1\" data-filterable=\"true\"><style>#us_grid_1 .w-grid-item{padding:10px}#us_grid_1 .w-grid-list{margin:-10px}.w-grid + #us_grid_1 .w-grid-list,.w-grid-none + #us_grid_1 .w-grid-list{margin-top:10px}@media (max-width:1199px){#us_grid_1 .w-grid-item{width:33.3333%}}@media (max-width:899px){#us_grid_1 .w-grid-item{width:50%}}@media (max-width:599px){#us_grid_1 .w-grid-list{margin:0}#us_grid_1 .w-grid-item{width:100%;padding:0;margin-bottom:10px}}.layout_gallery_default .w-grid-item-h{}<\/style><div class=\"w-grid-list\">\t<article class=\"w-grid-item post-7302 attachment type-attachment status-inherit hentry\" data-id=\"7302\">\n\t\t<div class=\"w-grid-item-h\">\n\t\t\t\t\t\t<div class=\"w-post-elm post_image usg_post_image_1 stretched\"><img width=\"1024\" height=\"763\" src=\"https:\/\/old.labelpack.it\/wp-content\/uploads\/2019\/09\/INGRESSO-1-1024x763.jpg\" class=\"attachment-large size-large\" alt=\"\" decoding=\"async\" loading=\"lazy\" srcset=\"https:\/\/old.labelpack.it\/wp-content\/uploads\/2019\/09\/INGRESSO-1-1024x763.jpg 1024w, https:\/\/old.labelpack.it\/wp-content\/uploads\/2019\/09\/INGRESSO-1-300x224.jpg 300w, https:\/\/old.labelpack.it\/wp-content\/uploads\/2019\/09\/INGRESSO-1.jpg 1597w\" sizes=\"(max-width: 1024px) 100vw, 1024px\" \/><\/div>\t\t<\/div>\n\t<\/article>\n\t<article class=\"w-grid-item post-12876 attachment type-attachment status-inherit hentry\" data-id=\"12876\">\n\t\t<div class=\"w-grid-item-h\">\n\t\t\t\t\t\t<div class=\"w-post-elm post_image usg_post_image_1 stretched\"><img width=\"1024\" height=\"675\" src=\"https:\/\/old.labelpack.it\/wp-content\/uploads\/2019\/12\/01-NEW-OFFICE-1024x675.jpg\" class=\"attachment-large size-large\" alt=\"\" decoding=\"async\" loading=\"lazy\" srcset=\"https:\/\/old.labelpack.it\/wp-content\/uploads\/2019\/12\/01-NEW-OFFICE-1024x675.jpg 1024w, https:\/\/old.labelpack.it\/wp-content\/uploads\/2019\/12\/01-NEW-OFFICE-300x198.jpg 300w\" sizes=\"(max-width: 1024px) 100vw, 1024px\" \/><\/div>\t\t<\/div>\n\t<\/article>\n\t<article class=\"w-grid-item post-12881 attachment type-attachment status-inherit hentry\" data-id=\"12881\">\n\t\t<div class=\"w-grid-item-h\">\n\t\t\t\t\t\t<div class=\"w-post-elm post_image usg_post_image_1 stretched\"><img width=\"1024\" height=\"683\" src=\"https:\/\/old.labelpack.it\/wp-content\/uploads\/2019\/12\/02-NEW-OFFICE-1024x683.jpg\" class=\"attachment-large size-large\" alt=\"\" decoding=\"async\" loading=\"lazy\" srcset=\"https:\/\/old.labelpack.it\/wp-content\/uploads\/2019\/12\/02-NEW-OFFICE-1024x683.jpg 1024w, https:\/\/old.labelpack.it\/wp-content\/uploads\/2019\/12\/02-NEW-OFFICE-300x200.jpg 300w\" sizes=\"(max-width: 1024px) 100vw, 1024px\" \/><\/div>\t\t<\/div>\n\t<\/article>\n\t<article class=\"w-grid-item post-7312 attachment type-attachment status-inherit hentry\" data-id=\"7312\">\n\t\t<div class=\"w-grid-item-h\">\n\t\t\t\t\t\t<div class=\"w-post-elm post_image usg_post_image_1 stretched\"><img width=\"1024\" height=\"768\" src=\"https:\/\/old.labelpack.it\/wp-content\/uploads\/2019\/09\/MEETING-ROOMS-1024x768.jpg\" class=\"attachment-large size-large\" alt=\"\" decoding=\"async\" loading=\"lazy\" srcset=\"https:\/\/old.labelpack.it\/wp-content\/uploads\/2019\/09\/MEETING-ROOMS-1024x768.jpg 1024w, https:\/\/old.labelpack.it\/wp-content\/uploads\/2019\/09\/MEETING-ROOMS-300x225.jpg 300w\" sizes=\"(max-width: 1024px) 100vw, 1024px\" \/><\/div>\t\t<\/div>\n\t<\/article>\n\t<article class=\"w-grid-item post-7327 attachment type-attachment status-inherit hentry\" data-id=\"7327\">\n\t\t<div class=\"w-grid-item-h\">\n\t\t\t\t\t\t<div class=\"w-post-elm post_image usg_post_image_1 stretched\"><img width=\"1024\" height=\"760\" src=\"https:\/\/old.labelpack.it\/wp-content\/uploads\/2019\/09\/PRODUZIONE-1024x760.jpg\" class=\"attachment-large size-large\" alt=\"\" decoding=\"async\" loading=\"lazy\" srcset=\"https:\/\/old.labelpack.it\/wp-content\/uploads\/2019\/09\/PRODUZIONE-1024x760.jpg 1024w, https:\/\/old.labelpack.it\/wp-content\/uploads\/2019\/09\/PRODUZIONE-300x223.jpg 300w, https:\/\/old.labelpack.it\/wp-content\/uploads\/2019\/09\/PRODUZIONE.jpg 1955w\" sizes=\"(max-width: 1024px) 100vw, 1024px\" \/><\/div>\t\t<\/div>\n\t<\/article>\n\t<article class=\"w-grid-item post-7322 attachment type-attachment status-inherit hentry\" data-id=\"7322\">\n\t\t<div class=\"w-grid-item-h\">\n\t\t\t\t\t\t<div class=\"w-post-elm post_image usg_post_image_1 stretched\"><img width=\"1024\" height=\"757\" src=\"https:\/\/old.labelpack.it\/wp-content\/uploads\/2019\/09\/OFFICINA-4-1024x757.jpg\" class=\"attachment-large size-large\" alt=\"\" decoding=\"async\" loading=\"lazy\" srcset=\"https:\/\/old.labelpack.it\/wp-content\/uploads\/2019\/09\/OFFICINA-4-1024x757.jpg 1024w, https:\/\/old.labelpack.it\/wp-content\/uploads\/2019\/09\/OFFICINA-4-300x222.jpg 300w, https:\/\/old.labelpack.it\/wp-content\/uploads\/2019\/09\/OFFICINA-4.jpg 1819w\" sizes=\"(max-width: 1024px) 100vw, 1024px\" \/><\/div>\t\t<\/div>\n\t<\/article>\n\t<article class=\"w-grid-item post-7307 attachment type-attachment status-inherit hentry\" data-id=\"7307\">\n\t\t<div class=\"w-grid-item-h\">\n\t\t\t\t\t\t<div class=\"w-post-elm post_image usg_post_image_1 stretched\"><img width=\"1024\" height=\"768\" src=\"https:\/\/old.labelpack.it\/wp-content\/uploads\/2019\/09\/MAGAZZINO-1024x768.jpg\" class=\"attachment-large size-large\" alt=\"\" decoding=\"async\" loading=\"lazy\" srcset=\"https:\/\/old.labelpack.it\/wp-content\/uploads\/2019\/09\/MAGAZZINO-1024x768.jpg 1024w, https:\/\/old.labelpack.it\/wp-content\/uploads\/2019\/09\/MAGAZZINO-300x225.jpg 300w, https:\/\/old.labelpack.it\/wp-content\/uploads\/2019\/09\/MAGAZZINO.jpg 1843w\" sizes=\"(max-width: 1024px) 100vw, 1024px\" \/><\/div>\t\t<\/div>\n\t<\/article>\n<\/div><div class=\"w-grid-preloader\"><div class=\"g-preloader type_1\">\n\t<div><\/div>\n<\/div>\n<\/div>\t<div class=\"w-grid-json hidden\" onclick='return {&quot;action&quot;:&quot;us_ajax_grid&quot;,&quot;ajax_url&quot;:&quot;https:\\\/\\\/old.labelpack.it\\\/wp-admin\\\/admin-ajax.php&quot;,&quot;infinite_scroll&quot;:0,&quot;max_num_pages&quot;:1,&quot;pagination&quot;:&quot;none&quot;,&quot;permalink_url&quot;:&quot;https:\\\/\\\/old.labelpack.it\\\/fr\\\/wp-json\\\/wp\\\/v2\\\/pages\\\/10071\\\/&quot;,&quot;template_vars&quot;:{&quot;columns&quot;:&quot;7&quot;,&quot;exclude_items&quot;:&quot;none&quot;,&quot;img_size&quot;:&quot;default&quot;,&quot;ignore_items_size&quot;:0,&quot;items_layout&quot;:&quot;gallery_default&quot;,&quot;items_offset&quot;:&quot;1&quot;,&quot;load_animation&quot;:&quot;none&quot;,&quot;overriding_link&quot;:&quot;none&quot;,&quot;post_id&quot;:10071,&quot;query_args&quot;:{&quot;post_type&quot;:[&quot;attachment&quot;],&quot;post__in&quot;:[&quot;7300&quot;,&quot;12876&quot;,&quot;12881&quot;,&quot;7310&quot;,&quot;7325&quot;,&quot;7320&quot;,&quot;7305&quot;],&quot;post_status&quot;:&quot;inherit&quot;,&quot;post_mime_type&quot;:&quot;image&quot;,&quot;posts_per_page&quot;:&quot;7&quot;},&quot;orderby_query_args&quot;:{&quot;orderby&quot;:{&quot;post__in&quot;:&quot;ASC&quot;},&quot;order&quot;:&quot;ASC&quot;},&quot;type&quot;:&quot;grid&quot;,&quot;us_grid_ajax_index&quot;:1,&quot;us_grid_filter_params&quot;:null,&quot;us_grid_index&quot;:1,&quot;_us_grid_post_type&quot;:&quot;attachment&quot;,&quot;lang&quot;:&quot;fr&quot;}}'><\/div>\n\t<\/div><\/div><\/div><\/div><\/div><\/div><\/div><\/div><\/div><\/div><\/section><section class=\"l-section wpb_row height_large with_img\"><div class=\"l-section-img\" style=\"background-image: url(https:\/\/old.labelpack.it\/wp-content\/uploads\/2019\/08\/triangolo_dx.svg);background-position: center right;background-repeat: no-repeat;background-size: auto;\" data-img-width=\"132\" data-img-height=\"391\"><\/div><div class=\"l-section-h i-cf\"><div class=\"g-cols vc_row via_flex valign_top type_default stacking_default\"><div class=\"vc_col-sm-12 wpb_column vc_column_container\"><div class=\"vc_column-inner\"><div class=\"wpb_wrapper\"><div class=\"wpb_text_column\"><div class=\"wpb_wrapper\"><h3 style=\"text-align: left;\">Notre histoire<\/h3>\n<\/div><\/div><div class=\"w-separator size_custom\" style=\"height:20px\"><\/div><div class=\"wpb_text_column\"><div class=\"wpb_wrapper\"><p>LABELPACK a \u00e9t\u00e9 fond\u00e9e en 1992 avec l\u2019objectif de d\u00e9velopper des solutions automatiques pour l\u2019impression et l\u2019application d\u2019\u00e9tiquettes avec des codes-barres et des textes variables auxquels se sont rapidement greff\u00e9es la conception et la production d\u2019\u00e9tiqueteuses et de syst\u00e8mes d\u2019\u00e9tiquetage automatiques qui ont connu une \u00e9volution importante \u00e0 partir de 2006 avec le lancement d\u2019une phase de conception et de d\u00e9veloppement de solutions nouvelles qui ont abouti \u00e0 la r\u00e9alisation de la s\u00e9rie LABELX. Notre soci\u00e9t\u00e9 est compos\u00e9e d\u2019une \u00e9quipe de sp\u00e9cialistes qui ont su, durant ces ann\u00e9es de crise \u00e9conomique, r\u00e9pondre aux demandes du march\u00e9 avec des solutions qui comprennent une qualit\u00e9 et une fiabilit\u00e9 toujours plus importantes sans pour autant n\u00e9gliger l\u2019aspect \u00e9conomique des solutions propos\u00e9es. Cela nous a permis d\u2019obtenir une forte croissance des ventes sur les march\u00e9s internationaux sur lesquels nous sommes actuellement pr\u00e9sents avec 36 partenaires dans 22 pays dans le monde.<\/p>\n<p>Depuis 2015 LABELPACK entre dans une nouvelle phase de d\u00e9veloppement qui comprend sa transformation en deux nouvelles soci\u00e9t\u00e9s : LABELPACK TRADE srl et LABELPACK MANUFACTURING srl, et le transfert du nouveau si\u00e8ge de BRUGHERIO (MB). LABELPACK TRADE srl s\u2019occupe de la promotion et de la commercialisation de tous les produits de la marque LABELPACK et d\u2019autres produits commerciaux li\u00e9s au secteur de l\u2019\u00e9tiquetage, de la codification et de l\u2019identification avec l\u2019objectif d\u2019accro\u00eetre notre pr\u00e9sence sur les march\u00e9s internationaux et de la renforcer sur le march\u00e9 italien. LABELPACK MANUFACTURING srl poursuit notre engagement dans la recherche et le d\u00e9veloppement, dans la conception et la production de solutions pour l\u2019\u00e9tiquetage automatique et semi-automatique et pour les syst\u00e8mes d\u2019impression &amp; d\u2019application.<\/p>\n<p>Le transfert du nouveau si\u00e8ge de BRUGHERIO (MB) nous a avant tout donn\u00e9 la possibilit\u00e9 d\u2019exploiter au mieux les vastes espaces de production et les bureaux en rationnalisant toutes les activit\u00e9s de gestion commerciale et administrative, de conception, de production et de logistique, et de lancer un vaste programme d\u2019investissements sur les ressources humaines, qui restent le point d\u2019orgue d\u2019une soci\u00e9t\u00e9 qui s\u2019occupe de d\u00e9velopper de la technologie.<\/p>\n<\/div><\/div><\/div><\/div><\/div><\/div><\/div><\/section><section class=\"l-section wpb_row height_huge color_primary with_img parallax_ver\"><div class=\"l-section-img\" style=\"background-image: url(https:\/\/old.labelpack.it\/wp-content\/uploads\/2019\/09\/labelpack_img_labeling_evolution_1.jpg);background-repeat: no-repeat;\" data-img-width=\"1200\" data-img-height=\"800\"><\/div><div class=\"l-section-overlay\" style=\"background:rgba(0,0,0,0.5)\"><\/div><div class=\"l-section-h i-cf\"><div class=\"g-cols vc_row via_flex valign_top type_default stacking_default\"><div class=\"vc_col-sm-12 wpb_column vc_column_container\"><div class=\"vc_column-inner\"><div class=\"wpb_wrapper\"><div class=\"wpb_text_column\"><div class=\"wpb_wrapper\"><h2 class=\"super hairline bordered-normal\" style=\"text-align: center; font-size: 56px;\"><span style=\"color: #ffffff;\">Labeling Evolution, we have solution<\/span><\/h2>\n<\/div><\/div><\/div><\/div><\/div><\/div><\/div><\/section>\n","protected":false},"excerpt":{"rendered":"","protected":false},"author":1,"featured_media":0,"parent":0,"menu_order":0,"comment_status":"closed","ping_status":"closed","template":"","meta":[],"acf":[],"yoast_head":"<!-- This site is optimized with the Yoast SEO plugin v19.12 - https:\/\/yoast.com\/wordpress\/plugins\/seo\/ -->\n<title>Soci\u00e9t\u00e9 - Labelpack<\/title>\n<meta name=\"robots\" content=\"noindex, follow, max-snippet:-1, max-image-preview:large, max-video-preview:-1\" \/>\n<meta property=\"og:locale\" content=\"fr_FR\" \/>\n<meta property=\"og:type\" content=\"article\" \/>\n<meta property=\"og:title\" content=\"Soci\u00e9t\u00e9 - Labelpack\" \/>\n<meta property=\"og:url\" content=\"https:\/\/old.labelpack.it\/fr\/azienda\/\" \/>\n<meta property=\"og:site_name\" content=\"Labelpack\" \/>\n<meta property=\"article:publisher\" content=\"https:\/\/www.facebook.com\/pages\/Labelpack\/407949305913215\" \/>\n<meta property=\"article:modified_time\" content=\"2020-07-30T13:54:58+00:00\" \/>\n<meta name=\"twitter:card\" content=\"summary_large_image\" \/>\n<meta name=\"twitter:label1\" content=\"Dur\u00e9e de lecture estim\u00e9e\" \/>\n\t<meta name=\"twitter:data1\" content=\"4 minutes\" \/>\n<script type=\"application\/ld+json\" class=\"yoast-schema-graph\">{\"@context\":\"https:\/\/schema.org\",\"@graph\":[{\"@type\":\"WebPage\",\"@id\":\"https:\/\/old.labelpack.it\/fr\/azienda\/\",\"url\":\"https:\/\/old.labelpack.it\/fr\/azienda\/\",\"name\":\"Soci\u00e9t\u00e9 - Labelpack\",\"isPartOf\":{\"@id\":\"https:\/\/old.labelpack.it\/fr\/#website\"},\"datePublished\":\"2013-05-31T11:57:37+00:00\",\"dateModified\":\"2020-07-30T13:54:58+00:00\",\"breadcrumb\":{\"@id\":\"https:\/\/old.labelpack.it\/fr\/azienda\/#breadcrumb\"},\"inLanguage\":\"fr-FR\",\"potentialAction\":[{\"@type\":\"ReadAction\",\"target\":[\"https:\/\/old.labelpack.it\/fr\/azienda\/\"]}]},{\"@type\":\"BreadcrumbList\",\"@id\":\"https:\/\/old.labelpack.it\/fr\/azienda\/#breadcrumb\",\"itemListElement\":[{\"@type\":\"ListItem\",\"position\":1,\"name\":\"Home\",\"item\":\"https:\/\/old.labelpack.it\/fr\/\"},{\"@type\":\"ListItem\",\"position\":2,\"name\":\"Soci\u00e9t\u00e9\"}]},{\"@type\":\"WebSite\",\"@id\":\"https:\/\/old.labelpack.it\/fr\/#website\",\"url\":\"https:\/\/old.labelpack.it\/fr\/\",\"name\":\"Labelpack\",\"description\":\"Sistemi di etichettatura automatica\",\"publisher\":{\"@id\":\"https:\/\/old.labelpack.it\/fr\/#organization\"},\"potentialAction\":[{\"@type\":\"SearchAction\",\"target\":{\"@type\":\"EntryPoint\",\"urlTemplate\":\"https:\/\/old.labelpack.it\/fr\/?s={search_term_string}\"},\"query-input\":\"required name=search_term_string\"}],\"inLanguage\":\"fr-FR\"},{\"@type\":\"Organization\",\"@id\":\"https:\/\/old.labelpack.it\/fr\/#organization\",\"name\":\"Labelpack Trade Srl\",\"url\":\"https:\/\/old.labelpack.it\/fr\/\",\"logo\":{\"@type\":\"ImageObject\",\"inLanguage\":\"fr-FR\",\"@id\":\"https:\/\/old.labelpack.it\/fr\/#\/schema\/logo\/image\/\",\"url\":\"https:\/\/old.labelpack.it\/wp-content\/uploads\/2017\/07\/labelpack_logo.svg\",\"contentUrl\":\"https:\/\/old.labelpack.it\/wp-content\/uploads\/2017\/07\/labelpack_logo.svg\",\"width\":480,\"height\":82,\"caption\":\"Labelpack Trade Srl\"},\"image\":{\"@id\":\"https:\/\/old.labelpack.it\/fr\/#\/schema\/logo\/image\/\"},\"sameAs\":[\"https:\/\/www.linkedin.com\/company\/labelpack-srl?trk=top_nav_home\",\"https:\/\/www.youtube.com\/user\/Labelxworld\",\"https:\/\/www.facebook.com\/pages\/Labelpack\/407949305913215\"]}]}<\/script>\n<!-- \/ Yoast SEO plugin. -->","yoast_head_json":{"title":"Soci\u00e9t\u00e9 - Labelpack","robots":{"index":"noindex","follow":"follow","max-snippet":"max-snippet:-1","max-image-preview":"max-image-preview:large","max-video-preview":"max-video-preview:-1"},"og_locale":"fr_FR","og_type":"article","og_title":"Soci\u00e9t\u00e9 - Labelpack","og_url":"https:\/\/old.labelpack.it\/fr\/azienda\/","og_site_name":"Labelpack","article_publisher":"https:\/\/www.facebook.com\/pages\/Labelpack\/407949305913215","article_modified_time":"2020-07-30T13:54:58+00:00","twitter_card":"summary_large_image","twitter_misc":{"Dur\u00e9e de lecture estim\u00e9e":"4 minutes"},"schema":{"@context":"https:\/\/schema.org","@graph":[{"@type":"WebPage","@id":"https:\/\/old.labelpack.it\/fr\/azienda\/","url":"https:\/\/old.labelpack.it\/fr\/azienda\/","name":"Soci\u00e9t\u00e9 - Labelpack","isPartOf":{"@id":"https:\/\/old.labelpack.it\/fr\/#website"},"datePublished":"2013-05-31T11:57:37+00:00","dateModified":"2020-07-30T13:54:58+00:00","breadcrumb":{"@id":"https:\/\/old.labelpack.it\/fr\/azienda\/#breadcrumb"},"inLanguage":"fr-FR","potentialAction":[{"@type":"ReadAction","target":["https:\/\/old.labelpack.it\/fr\/azienda\/"]}]},{"@type":"BreadcrumbList","@id":"https:\/\/old.labelpack.it\/fr\/azienda\/#breadcrumb","itemListElement":[{"@type":"ListItem","position":1,"name":"Home","item":"https:\/\/old.labelpack.it\/fr\/"},{"@type":"ListItem","position":2,"name":"Soci\u00e9t\u00e9"}]},{"@type":"WebSite","@id":"https:\/\/old.labelpack.it\/fr\/#website","url":"https:\/\/old.labelpack.it\/fr\/","name":"Labelpack","description":"Sistemi di etichettatura automatica","publisher":{"@id":"https:\/\/old.labelpack.it\/fr\/#organization"},"potentialAction":[{"@type":"SearchAction","target":{"@type":"EntryPoint","urlTemplate":"https:\/\/old.labelpack.it\/fr\/?s={search_term_string}"},"query-input":"required name=search_term_string"}],"inLanguage":"fr-FR"},{"@type":"Organization","@id":"https:\/\/old.labelpack.it\/fr\/#organization","name":"Labelpack Trade Srl","url":"https:\/\/old.labelpack.it\/fr\/","logo":{"@type":"ImageObject","inLanguage":"fr-FR","@id":"https:\/\/old.labelpack.it\/fr\/#\/schema\/logo\/image\/","url":"https:\/\/old.labelpack.it\/wp-content\/uploads\/2017\/07\/labelpack_logo.svg","contentUrl":"https:\/\/old.labelpack.it\/wp-content\/uploads\/2017\/07\/labelpack_logo.svg","width":480,"height":82,"caption":"Labelpack Trade Srl"},"image":{"@id":"https:\/\/old.labelpack.it\/fr\/#\/schema\/logo\/image\/"},"sameAs":["https:\/\/www.linkedin.com\/company\/labelpack-srl?trk=top_nav_home","https:\/\/www.youtube.com\/user\/Labelxworld","https:\/\/www.facebook.com\/pages\/Labelpack\/407949305913215"]}]}},"_links":{"self":[{"href":"https:\/\/old.labelpack.it\/fr\/wp-json\/wp\/v2\/pages\/10071"}],"collection":[{"href":"https:\/\/old.labelpack.it\/fr\/wp-json\/wp\/v2\/pages"}],"about":[{"href":"https:\/\/old.labelpack.it\/fr\/wp-json\/wp\/v2\/types\/page"}],"author":[{"embeddable":true,"href":"https:\/\/old.labelpack.it\/fr\/wp-json\/wp\/v2\/users\/1"}],"replies":[{"embeddable":true,"href":"https:\/\/old.labelpack.it\/fr\/wp-json\/wp\/v2\/comments?post=10071"}],"version-history":[{"count":5,"href":"https:\/\/old.labelpack.it\/fr\/wp-json\/wp\/v2\/pages\/10071\/revisions"}],"predecessor-version":[{"id":14044,"href":"https:\/\/old.labelpack.it\/fr\/wp-json\/wp\/v2\/pages\/10071\/revisions\/14044"}],"wp:attachment":[{"href":"https:\/\/old.labelpack.it\/fr\/wp-json\/wp\/v2\/media?parent=10071"}],"curies":[{"name":"wp","href":"https:\/\/api.w.org\/{rel}","templated":true}]}}