{"id":10162,"date":"2013-05-31T11:57:37","date_gmt":"2013-05-31T11:57:37","guid":{"rendered":"http:\/\/old.labelpack.it\/azienda\/"},"modified":"2020-07-30T13:55:01","modified_gmt":"2020-07-30T13:55:01","slug":"azienda","status":"publish","type":"page","link":"https:\/\/old.labelpack.it\/es\/azienda\/","title":{"rendered":"Empresa"},"content":{"rendered":"<section class=\"l-section wpb_row height_large color_primary with_img parallax_hor bgwidth_120\"><div class=\"l-section-img\" style=\"background-image: url(https:\/\/old.labelpack.it\/wp-content\/uploads\/2019\/08\/azienda2.jpg);\" data-img-width=\"1920\" data-img-height=\"290\"><\/div><div class=\"l-section-overlay\" style=\"background:rgba(2,2,2,0.67)\"><\/div><div class=\"l-section-h i-cf\"><div class=\"g-cols vc_row via_flex valign_top type_default stacking_default\"><div class=\"vc_col-sm-12 wpb_column vc_column_container\"><div class=\"vc_column-inner\"><div class=\"wpb_wrapper\"><h1 class=\"w-post-elm post_title us_custom_db86dbd8 has_text_color align_center entry-title color_link_inherit\">Empresa<\/h1><\/div><\/div><\/div><\/div><\/div><\/section><section class=\"l-section wpb_row height_medium with_img\" id=\"mission\"><div class=\"l-section-img\" style=\"background-image: url(https:\/\/old.labelpack.it\/wp-content\/uploads\/2019\/08\/triangolo_sx.svg);background-position: center left;background-repeat: no-repeat;background-size: contain;\" data-img-width=\"132\" data-img-height=\"391\"><\/div><div class=\"l-section-h i-cf\"><div class=\"g-cols vc_row via_flex valign_top type_default stacking_default\"><div class=\"vc_col-sm-12 wpb_column vc_column_container\"><div class=\"vc_column-inner\"><div class=\"wpb_wrapper\"><div class=\"w-separator size_small\"><\/div><div class=\"g-cols wpb_row via_flex valign_middle type_default stacking_default\"><div class=\"vc_col-sm-6 wpb_column vc_column_container\"><div class=\"vc_column-inner\"><div class=\"wpb_wrapper\"><div class=\"wpb_text_column\"><div class=\"wpb_wrapper\"><h3 style=\"text-align: left;\">La misi\u00f3n de empresa<\/h3>\n<\/div><\/div><div class=\"w-separator size_custom\" style=\"height:20px\"><\/div><div class=\"wpb_text_column\"><div class=\"wpb_wrapper\"><p><em>\u201cLabel your world, label your life\u201d (Etiqueta tu mundo, etiqueta tu vida), \u201cEach label, a new story\u201c (Cada etiqueta una nueva historia), \u201cMade in Italy solutions\u201d (Soluciones fabricadas en Italia)<\/em><\/p>\n<p>Estos esl\u00f3ganes resumen el compromiso de LABELPACK en el estudio y en la realizaci\u00f3n de soluciones para el etiquetado autom\u00e1tico caracterizado por la continua innovaci\u00f3n tecnol\u00f3gica y con el objetivo de ofrecer a nuestros clientes soluciones a medida, eficientes y fiables, con especial atenci\u00f3n a la satisfacci\u00f3n del cliente. LABELPACK desea formar parte activa de las excelencias del Made in Italy.<\/p>\n<\/div><\/div><\/div><\/div><\/div><div class=\"vc_col-sm-6 wpb_column vc_column_container\"><div class=\"vc_column-inner\"><div class=\"wpb_wrapper\"><div class=\"w-video align_none ratio_16x9\"><div class=\"w-video-h\"><iframe title=\"Youtube video player\" src=\"\/\/www.youtube.com\/embed\/_7bD3_wNzHc?origin=https:\/\/old.labelpack.it&controls=1\" allowfullscreen=\"1\" loading=\"lazy\"><\/iframe><\/div><div class=\"w-video-icon\" style=\"font-size:1.5rem;background:rgba(0,0,0,0.5);color:#fff\"><\/div><\/div><\/div><\/div><\/div><\/div><div class=\"w-separator size_small\"><\/div><\/div><\/div><\/div><\/div><\/div><\/section><section class=\"l-section wpb_row height_auto\"><div class=\"l-section-h i-cf\"><div class=\"g-cols vc_row via_flex valign_top type_default stacking_default\"><div class=\"vc_col-sm-12 wpb_column vc_column_container\"><div class=\"vc_column-inner\"><div class=\"wpb_wrapper\"><div class=\"g-cols wpb_row via_flex valign_top type_default stacking_default\"><div class=\"vc_col-sm-12 wpb_column vc_column_container\"><div class=\"vc_column-inner\"><div class=\"wpb_wrapper\"><div class=\"w-grid type_grid layout_gallery_default cols_7\" id=\"us_grid_1\" data-filterable=\"true\"><style>#us_grid_1 .w-grid-item{padding:10px}#us_grid_1 .w-grid-list{margin:-10px}.w-grid + #us_grid_1 .w-grid-list,.w-grid-none + #us_grid_1 .w-grid-list{margin-top:10px}@media (max-width:1199px){#us_grid_1 .w-grid-item{width:33.3333%}}@media (max-width:899px){#us_grid_1 .w-grid-item{width:50%}}@media (max-width:599px){#us_grid_1 .w-grid-list{margin:0}#us_grid_1 .w-grid-item{width:100%;padding:0;margin-bottom:10px}}.layout_gallery_default .w-grid-item-h{}<\/style><div class=\"w-grid-list\">\t<article class=\"w-grid-item post-7304 attachment type-attachment status-inherit hentry\" data-id=\"7304\">\n\t\t<div class=\"w-grid-item-h\">\n\t\t\t\t\t\t<div class=\"w-post-elm post_image usg_post_image_1 stretched\"><img width=\"1024\" height=\"763\" src=\"https:\/\/old.labelpack.it\/wp-content\/uploads\/2019\/09\/INGRESSO-1-1024x763.jpg\" class=\"attachment-large size-large\" alt=\"\" decoding=\"async\" loading=\"lazy\" srcset=\"https:\/\/old.labelpack.it\/wp-content\/uploads\/2019\/09\/INGRESSO-1-1024x763.jpg 1024w, https:\/\/old.labelpack.it\/wp-content\/uploads\/2019\/09\/INGRESSO-1-300x224.jpg 300w, https:\/\/old.labelpack.it\/wp-content\/uploads\/2019\/09\/INGRESSO-1.jpg 1597w\" sizes=\"(max-width: 1024px) 100vw, 1024px\" \/><\/div>\t\t<\/div>\n\t<\/article>\n\t<article class=\"w-grid-item post-12878 attachment type-attachment status-inherit hentry\" data-id=\"12878\">\n\t\t<div class=\"w-grid-item-h\">\n\t\t\t\t\t\t<div class=\"w-post-elm post_image usg_post_image_1 stretched\"><img width=\"1024\" height=\"675\" src=\"https:\/\/old.labelpack.it\/wp-content\/uploads\/2019\/12\/01-NEW-OFFICE-1024x675.jpg\" class=\"attachment-large size-large\" alt=\"\" decoding=\"async\" loading=\"lazy\" srcset=\"https:\/\/old.labelpack.it\/wp-content\/uploads\/2019\/12\/01-NEW-OFFICE-1024x675.jpg 1024w, https:\/\/old.labelpack.it\/wp-content\/uploads\/2019\/12\/01-NEW-OFFICE-300x198.jpg 300w\" sizes=\"(max-width: 1024px) 100vw, 1024px\" \/><\/div>\t\t<\/div>\n\t<\/article>\n\t<article class=\"w-grid-item post-12883 attachment type-attachment status-inherit hentry\" data-id=\"12883\">\n\t\t<div class=\"w-grid-item-h\">\n\t\t\t\t\t\t<div class=\"w-post-elm post_image usg_post_image_1 stretched\"><img width=\"1024\" height=\"683\" src=\"https:\/\/old.labelpack.it\/wp-content\/uploads\/2019\/12\/02-NEW-OFFICE-1024x683.jpg\" class=\"attachment-large size-large\" alt=\"\" decoding=\"async\" loading=\"lazy\" srcset=\"https:\/\/old.labelpack.it\/wp-content\/uploads\/2019\/12\/02-NEW-OFFICE-1024x683.jpg 1024w, https:\/\/old.labelpack.it\/wp-content\/uploads\/2019\/12\/02-NEW-OFFICE-300x200.jpg 300w\" sizes=\"(max-width: 1024px) 100vw, 1024px\" \/><\/div>\t\t<\/div>\n\t<\/article>\n\t<article class=\"w-grid-item post-7314 attachment type-attachment status-inherit hentry\" data-id=\"7314\">\n\t\t<div class=\"w-grid-item-h\">\n\t\t\t\t\t\t<div class=\"w-post-elm post_image usg_post_image_1 stretched\"><img width=\"1024\" height=\"768\" src=\"https:\/\/old.labelpack.it\/wp-content\/uploads\/2019\/09\/MEETING-ROOMS-1024x768.jpg\" class=\"attachment-large size-large\" alt=\"\" decoding=\"async\" loading=\"lazy\" srcset=\"https:\/\/old.labelpack.it\/wp-content\/uploads\/2019\/09\/MEETING-ROOMS-1024x768.jpg 1024w, https:\/\/old.labelpack.it\/wp-content\/uploads\/2019\/09\/MEETING-ROOMS-300x225.jpg 300w\" sizes=\"(max-width: 1024px) 100vw, 1024px\" \/><\/div>\t\t<\/div>\n\t<\/article>\n\t<article class=\"w-grid-item post-7329 attachment type-attachment status-inherit hentry\" data-id=\"7329\">\n\t\t<div class=\"w-grid-item-h\">\n\t\t\t\t\t\t<div class=\"w-post-elm post_image usg_post_image_1 stretched\"><img width=\"1024\" height=\"760\" src=\"https:\/\/old.labelpack.it\/wp-content\/uploads\/2019\/09\/PRODUZIONE-1024x760.jpg\" class=\"attachment-large size-large\" alt=\"\" decoding=\"async\" loading=\"lazy\" srcset=\"https:\/\/old.labelpack.it\/wp-content\/uploads\/2019\/09\/PRODUZIONE-1024x760.jpg 1024w, https:\/\/old.labelpack.it\/wp-content\/uploads\/2019\/09\/PRODUZIONE-300x223.jpg 300w, https:\/\/old.labelpack.it\/wp-content\/uploads\/2019\/09\/PRODUZIONE.jpg 1955w\" sizes=\"(max-width: 1024px) 100vw, 1024px\" \/><\/div>\t\t<\/div>\n\t<\/article>\n\t<article class=\"w-grid-item post-7324 attachment type-attachment status-inherit hentry\" data-id=\"7324\">\n\t\t<div class=\"w-grid-item-h\">\n\t\t\t\t\t\t<div class=\"w-post-elm post_image usg_post_image_1 stretched\"><img width=\"1024\" height=\"757\" src=\"https:\/\/old.labelpack.it\/wp-content\/uploads\/2019\/09\/OFFICINA-4-1024x757.jpg\" class=\"attachment-large size-large\" alt=\"\" decoding=\"async\" loading=\"lazy\" srcset=\"https:\/\/old.labelpack.it\/wp-content\/uploads\/2019\/09\/OFFICINA-4-1024x757.jpg 1024w, https:\/\/old.labelpack.it\/wp-content\/uploads\/2019\/09\/OFFICINA-4-300x222.jpg 300w, https:\/\/old.labelpack.it\/wp-content\/uploads\/2019\/09\/OFFICINA-4.jpg 1819w\" sizes=\"(max-width: 1024px) 100vw, 1024px\" \/><\/div>\t\t<\/div>\n\t<\/article>\n\t<article class=\"w-grid-item post-7309 attachment type-attachment status-inherit hentry\" data-id=\"7309\">\n\t\t<div class=\"w-grid-item-h\">\n\t\t\t\t\t\t<div class=\"w-post-elm post_image usg_post_image_1 stretched\"><img width=\"1024\" height=\"768\" src=\"https:\/\/old.labelpack.it\/wp-content\/uploads\/2019\/09\/MAGAZZINO-1024x768.jpg\" class=\"attachment-large size-large\" alt=\"\" decoding=\"async\" loading=\"lazy\" srcset=\"https:\/\/old.labelpack.it\/wp-content\/uploads\/2019\/09\/MAGAZZINO-1024x768.jpg 1024w, https:\/\/old.labelpack.it\/wp-content\/uploads\/2019\/09\/MAGAZZINO-300x225.jpg 300w, https:\/\/old.labelpack.it\/wp-content\/uploads\/2019\/09\/MAGAZZINO.jpg 1843w\" sizes=\"(max-width: 1024px) 100vw, 1024px\" \/><\/div>\t\t<\/div>\n\t<\/article>\n<\/div><div class=\"w-grid-preloader\"><div class=\"g-preloader type_1\">\n\t<div><\/div>\n<\/div>\n<\/div>\t<div class=\"w-grid-json hidden\" onclick='return {&quot;action&quot;:&quot;us_ajax_grid&quot;,&quot;ajax_url&quot;:&quot;https:\\\/\\\/old.labelpack.it\\\/wp-admin\\\/admin-ajax.php&quot;,&quot;infinite_scroll&quot;:0,&quot;max_num_pages&quot;:1,&quot;pagination&quot;:&quot;none&quot;,&quot;permalink_url&quot;:&quot;https:\\\/\\\/old.labelpack.it\\\/es\\\/wp-json\\\/wp\\\/v2\\\/pages\\\/10162\\\/&quot;,&quot;template_vars&quot;:{&quot;columns&quot;:&quot;7&quot;,&quot;exclude_items&quot;:&quot;none&quot;,&quot;img_size&quot;:&quot;default&quot;,&quot;ignore_items_size&quot;:0,&quot;items_layout&quot;:&quot;gallery_default&quot;,&quot;items_offset&quot;:&quot;1&quot;,&quot;load_animation&quot;:&quot;none&quot;,&quot;overriding_link&quot;:&quot;none&quot;,&quot;post_id&quot;:10162,&quot;query_args&quot;:{&quot;post_type&quot;:[&quot;attachment&quot;],&quot;post__in&quot;:[&quot;7300&quot;,&quot;12878&quot;,&quot;12883&quot;,&quot;7310&quot;,&quot;7325&quot;,&quot;7320&quot;,&quot;7305&quot;],&quot;post_status&quot;:&quot;inherit&quot;,&quot;post_mime_type&quot;:&quot;image&quot;,&quot;posts_per_page&quot;:&quot;7&quot;},&quot;orderby_query_args&quot;:{&quot;orderby&quot;:{&quot;post__in&quot;:&quot;ASC&quot;},&quot;order&quot;:&quot;ASC&quot;},&quot;type&quot;:&quot;grid&quot;,&quot;us_grid_ajax_index&quot;:1,&quot;us_grid_filter_params&quot;:null,&quot;us_grid_index&quot;:1,&quot;_us_grid_post_type&quot;:&quot;attachment&quot;,&quot;lang&quot;:&quot;es&quot;}}'><\/div>\n\t<\/div><\/div><\/div><\/div><\/div><\/div><\/div><\/div><\/div><\/div><\/section><section class=\"l-section wpb_row height_large with_img\"><div class=\"l-section-img\" style=\"background-image: url(https:\/\/old.labelpack.it\/wp-content\/uploads\/2019\/08\/triangolo_dx.svg);background-position: center right;background-repeat: no-repeat;background-size: auto;\" data-img-width=\"132\" data-img-height=\"391\"><\/div><div class=\"l-section-h i-cf\"><div class=\"g-cols vc_row via_flex valign_top type_default stacking_default\"><div class=\"vc_col-sm-12 wpb_column vc_column_container\"><div class=\"vc_column-inner\"><div class=\"wpb_wrapper\"><div class=\"wpb_text_column\"><div class=\"wpb_wrapper\"><h3 style=\"text-align: left;\">Nuestra historia<\/h3>\n<\/div><\/div><div class=\"w-separator size_custom\" style=\"height:20px\"><\/div><div class=\"wpb_text_column\"><div class=\"wpb_wrapper\"><p>LABELPACK fue fundada en 1992 con el objetivo de desarrollar soluciones autom\u00e1ticas para la impresi\u00f3n y la aplicaci\u00f3n de etiquetas con c\u00f3digos de barras y textos variables a los que pronto se uni\u00f3 el dise\u00f1o y la fabricaci\u00f3n de etiquetadoras y sistemas de etiquetado autom\u00e1ticos que han vivido una importante evoluci\u00f3n a partir de 2006, con la puesta en marcha de una fase de dise\u00f1o y desarrollo de nuevas soluciones que han llevado a la realizaci\u00f3n de la serie LABELX.\u00a0 La empresa est\u00e1 formada por un equipo de especialistas que han sabido, en estos a\u00f1os de crisis econ\u00f3mica, responder a las exigencias del mercado con soluciones cada vez m\u00e1s fiables y de mayor calidad sin descuidar el aspecto econ\u00f3mico de las soluciones propuestas. Esto nos ha permitido obtener un fuerte crecimiento de las ventas en los mercados internacionales, donde actualmente estamos presentes con 36 socios en 22 pa\u00edses del mundo.<\/p>\n<p>Desde 2015, LABELPACK entra en una nueva fase de desarrollo que incluye la transformaci\u00f3n en dos nuevas empresas: LABELPACK TRADE srl y LABELPACK MANUFACTURING srl, as\u00ed como el traslado a la nueva sede de BRUGHERIO (MB). LABELPACK TRADE srl se ocupa de la promoci\u00f3n y comercializaci\u00f3n de todos los productos marca LABELPACK y de otros productos comercializados relacionados con el sector del etiquetado, la codificaci\u00f3n y la identificaci\u00f3n con el objetivo de incrementar nuestra presencia en los mercados internacionales y reforzarla en el mercado nacional.\u00a0 LABELPACK MANUFACTURING srl contin\u00faa su compromiso en la investigaci\u00f3n y el desarrollo, en el dise\u00f1o y en la producci\u00f3n de soluciones para el etiquetado autom\u00e1tico y semiautom\u00e1tico y para los sistemas de impresi\u00f3n y aplicaci\u00f3n.<\/p>\n<p>El traslado de la nueva sede de BRUGHERIO (MB) nos ha dado, ante todo, la posibilidad de aprovechar lo mejor posible los amplios espacios de producci\u00f3n y las oficinas racionalizando todas las actividades de gesti\u00f3n comercial y administrativa, dise\u00f1o, producci\u00f3n y log\u00edstica, as\u00ed como de poner en marcha un amplio programa de inversiones en los recursos humanos, que siguen siendo el punto fundamental de una empresa que se ocupa de desarrollar tecnolog\u00eda.<\/p>\n<\/div><\/div><\/div><\/div><\/div><\/div><\/div><\/section><section class=\"l-section wpb_row height_huge color_primary with_img parallax_ver\"><div class=\"l-section-img\" style=\"background-image: url(https:\/\/old.labelpack.it\/wp-content\/uploads\/2019\/09\/labelpack_img_labeling_evolution_1.jpg);background-repeat: no-repeat;\" data-img-width=\"1200\" data-img-height=\"800\"><\/div><div class=\"l-section-overlay\" style=\"background:rgba(0,0,0,0.5)\"><\/div><div class=\"l-section-h i-cf\"><div class=\"g-cols vc_row via_flex valign_top type_default stacking_default\"><div class=\"vc_col-sm-12 wpb_column vc_column_container\"><div class=\"vc_column-inner\"><div class=\"wpb_wrapper\"><div class=\"wpb_text_column\"><div class=\"wpb_wrapper\"><h2 class=\"super hairline bordered-normal\" style=\"text-align: center; font-size: 56px;\"><span style=\"color: #ffffff;\">Labeling Evolution, we have solution<\/span><\/h2>\n<\/div><\/div><\/div><\/div><\/div><\/div><\/div><\/section>\n","protected":false},"excerpt":{"rendered":"","protected":false},"author":1,"featured_media":0,"parent":0,"menu_order":0,"comment_status":"closed","ping_status":"closed","template":"","meta":[],"acf":[],"yoast_head":"<!-- This site is optimized with the Yoast SEO plugin v19.12 - https:\/\/yoast.com\/wordpress\/plugins\/seo\/ -->\n<title>Empresa - Labelpack<\/title>\n<meta name=\"robots\" content=\"noindex, follow, max-snippet:-1, max-image-preview:large, max-video-preview:-1\" \/>\n<meta property=\"og:locale\" content=\"es_ES\" \/>\n<meta property=\"og:type\" content=\"article\" \/>\n<meta property=\"og:title\" content=\"Empresa - Labelpack\" \/>\n<meta property=\"og:url\" content=\"https:\/\/old.labelpack.it\/es\/azienda\/\" \/>\n<meta property=\"og:site_name\" content=\"Labelpack\" \/>\n<meta property=\"article:publisher\" content=\"https:\/\/www.facebook.com\/pages\/Labelpack\/407949305913215\" \/>\n<meta property=\"article:modified_time\" content=\"2020-07-30T13:55:01+00:00\" \/>\n<meta name=\"twitter:card\" content=\"summary_large_image\" \/>\n<meta name=\"twitter:label1\" content=\"Tiempo de lectura\" \/>\n\t<meta name=\"twitter:data1\" content=\"4 minutos\" \/>\n<script type=\"application\/ld+json\" class=\"yoast-schema-graph\">{\"@context\":\"https:\/\/schema.org\",\"@graph\":[{\"@type\":\"WebPage\",\"@id\":\"https:\/\/old.labelpack.it\/es\/azienda\/\",\"url\":\"https:\/\/old.labelpack.it\/es\/azienda\/\",\"name\":\"Empresa - Labelpack\",\"isPartOf\":{\"@id\":\"https:\/\/old.labelpack.it\/es\/#website\"},\"datePublished\":\"2013-05-31T11:57:37+00:00\",\"dateModified\":\"2020-07-30T13:55:01+00:00\",\"breadcrumb\":{\"@id\":\"https:\/\/old.labelpack.it\/es\/azienda\/#breadcrumb\"},\"inLanguage\":\"es\",\"potentialAction\":[{\"@type\":\"ReadAction\",\"target\":[\"https:\/\/old.labelpack.it\/es\/azienda\/\"]}]},{\"@type\":\"BreadcrumbList\",\"@id\":\"https:\/\/old.labelpack.it\/es\/azienda\/#breadcrumb\",\"itemListElement\":[{\"@type\":\"ListItem\",\"position\":1,\"name\":\"Home\",\"item\":\"https:\/\/old.labelpack.it\/es\/\"},{\"@type\":\"ListItem\",\"position\":2,\"name\":\"Empresa\"}]},{\"@type\":\"WebSite\",\"@id\":\"https:\/\/old.labelpack.it\/es\/#website\",\"url\":\"https:\/\/old.labelpack.it\/es\/\",\"name\":\"Labelpack\",\"description\":\"Sistemi di etichettatura automatica\",\"publisher\":{\"@id\":\"https:\/\/old.labelpack.it\/es\/#organization\"},\"potentialAction\":[{\"@type\":\"SearchAction\",\"target\":{\"@type\":\"EntryPoint\",\"urlTemplate\":\"https:\/\/old.labelpack.it\/es\/?s={search_term_string}\"},\"query-input\":\"required name=search_term_string\"}],\"inLanguage\":\"es\"},{\"@type\":\"Organization\",\"@id\":\"https:\/\/old.labelpack.it\/es\/#organization\",\"name\":\"Labelpack Trade Srl\",\"url\":\"https:\/\/old.labelpack.it\/es\/\",\"logo\":{\"@type\":\"ImageObject\",\"inLanguage\":\"es\",\"@id\":\"https:\/\/old.labelpack.it\/es\/#\/schema\/logo\/image\/\",\"url\":\"https:\/\/old.labelpack.it\/wp-content\/uploads\/2017\/07\/labelpack_logo.svg\",\"contentUrl\":\"https:\/\/old.labelpack.it\/wp-content\/uploads\/2017\/07\/labelpack_logo.svg\",\"width\":480,\"height\":82,\"caption\":\"Labelpack Trade Srl\"},\"image\":{\"@id\":\"https:\/\/old.labelpack.it\/es\/#\/schema\/logo\/image\/\"},\"sameAs\":[\"https:\/\/www.linkedin.com\/company\/labelpack-srl?trk=top_nav_home\",\"https:\/\/www.youtube.com\/user\/Labelxworld\",\"https:\/\/www.facebook.com\/pages\/Labelpack\/407949305913215\"]}]}<\/script>\n<!-- \/ Yoast SEO plugin. -->","yoast_head_json":{"title":"Empresa - Labelpack","robots":{"index":"noindex","follow":"follow","max-snippet":"max-snippet:-1","max-image-preview":"max-image-preview:large","max-video-preview":"max-video-preview:-1"},"og_locale":"es_ES","og_type":"article","og_title":"Empresa - Labelpack","og_url":"https:\/\/old.labelpack.it\/es\/azienda\/","og_site_name":"Labelpack","article_publisher":"https:\/\/www.facebook.com\/pages\/Labelpack\/407949305913215","article_modified_time":"2020-07-30T13:55:01+00:00","twitter_card":"summary_large_image","twitter_misc":{"Tiempo de lectura":"4 minutos"},"schema":{"@context":"https:\/\/schema.org","@graph":[{"@type":"WebPage","@id":"https:\/\/old.labelpack.it\/es\/azienda\/","url":"https:\/\/old.labelpack.it\/es\/azienda\/","name":"Empresa - Labelpack","isPartOf":{"@id":"https:\/\/old.labelpack.it\/es\/#website"},"datePublished":"2013-05-31T11:57:37+00:00","dateModified":"2020-07-30T13:55:01+00:00","breadcrumb":{"@id":"https:\/\/old.labelpack.it\/es\/azienda\/#breadcrumb"},"inLanguage":"es","potentialAction":[{"@type":"ReadAction","target":["https:\/\/old.labelpack.it\/es\/azienda\/"]}]},{"@type":"BreadcrumbList","@id":"https:\/\/old.labelpack.it\/es\/azienda\/#breadcrumb","itemListElement":[{"@type":"ListItem","position":1,"name":"Home","item":"https:\/\/old.labelpack.it\/es\/"},{"@type":"ListItem","position":2,"name":"Empresa"}]},{"@type":"WebSite","@id":"https:\/\/old.labelpack.it\/es\/#website","url":"https:\/\/old.labelpack.it\/es\/","name":"Labelpack","description":"Sistemi di etichettatura automatica","publisher":{"@id":"https:\/\/old.labelpack.it\/es\/#organization"},"potentialAction":[{"@type":"SearchAction","target":{"@type":"EntryPoint","urlTemplate":"https:\/\/old.labelpack.it\/es\/?s={search_term_string}"},"query-input":"required name=search_term_string"}],"inLanguage":"es"},{"@type":"Organization","@id":"https:\/\/old.labelpack.it\/es\/#organization","name":"Labelpack Trade Srl","url":"https:\/\/old.labelpack.it\/es\/","logo":{"@type":"ImageObject","inLanguage":"es","@id":"https:\/\/old.labelpack.it\/es\/#\/schema\/logo\/image\/","url":"https:\/\/old.labelpack.it\/wp-content\/uploads\/2017\/07\/labelpack_logo.svg","contentUrl":"https:\/\/old.labelpack.it\/wp-content\/uploads\/2017\/07\/labelpack_logo.svg","width":480,"height":82,"caption":"Labelpack Trade Srl"},"image":{"@id":"https:\/\/old.labelpack.it\/es\/#\/schema\/logo\/image\/"},"sameAs":["https:\/\/www.linkedin.com\/company\/labelpack-srl?trk=top_nav_home","https:\/\/www.youtube.com\/user\/Labelxworld","https:\/\/www.facebook.com\/pages\/Labelpack\/407949305913215"]}]}},"_links":{"self":[{"href":"https:\/\/old.labelpack.it\/es\/wp-json\/wp\/v2\/pages\/10162"}],"collection":[{"href":"https:\/\/old.labelpack.it\/es\/wp-json\/wp\/v2\/pages"}],"about":[{"href":"https:\/\/old.labelpack.it\/es\/wp-json\/wp\/v2\/types\/page"}],"author":[{"embeddable":true,"href":"https:\/\/old.labelpack.it\/es\/wp-json\/wp\/v2\/users\/1"}],"replies":[{"embeddable":true,"href":"https:\/\/old.labelpack.it\/es\/wp-json\/wp\/v2\/comments?post=10162"}],"version-history":[{"count":5,"href":"https:\/\/old.labelpack.it\/es\/wp-json\/wp\/v2\/pages\/10162\/revisions"}],"predecessor-version":[{"id":14062,"href":"https:\/\/old.labelpack.it\/es\/wp-json\/wp\/v2\/pages\/10162\/revisions\/14062"}],"wp:attachment":[{"href":"https:\/\/old.labelpack.it\/es\/wp-json\/wp\/v2\/media?parent=10162"}],"curies":[{"name":"wp","href":"https:\/\/api.w.org\/{rel}","templated":true}]}}