{"id":12523,"date":"2013-05-31T11:58:45","date_gmt":"2013-05-31T11:58:45","guid":{"rendered":"http:\/\/old.labelpack.it\/settori\/"},"modified":"2020-07-30T13:55:50","modified_gmt":"2020-07-30T13:55:50","slug":"settori","status":"publish","type":"page","link":"https:\/\/old.labelpack.it\/de\/settori\/","title":{"rendered":"Dienstleistungen"},"content":{"rendered":"<section class=\"l-section wpb_row height_large color_primary with_img parallax_hor bgwidth_120\"><div class=\"l-section-img\" style=\"background-image: url(https:\/\/old.labelpack.it\/wp-content\/uploads\/2019\/09\/labelpack_banner_sectors.jpg);\" data-img-width=\"2500\" data-img-height=\"377\"><\/div><div class=\"l-section-overlay\" style=\"background:rgba(2,2,2,0.67)\"><\/div><div class=\"l-section-h i-cf\"><div class=\"g-cols vc_row via_flex valign_top type_default stacking_default\"><div class=\"vc_col-sm-12 wpb_column vc_column_container\"><div class=\"vc_column-inner\"><div class=\"wpb_wrapper\"><h1 class=\"w-post-elm post_title us_custom_db86dbd8 has_text_color align_center entry-title color_link_inherit\">Dienstleistungen<\/h1><\/div><\/div><\/div><\/div><\/div><\/section><section class=\"l-section wpb_row height_auto\"><div class=\"l-section-h i-cf\"><div class=\"g-cols vc_row via_flex valign_top type_default stacking_default\"><div class=\"vc_col-sm-12 wpb_column vc_column_container\"><div class=\"vc_column-inner\"><div class=\"wpb_wrapper\"><div class=\"w-separator size_medium\"><\/div><div class=\"g-cols wpb_row via_flex valign_top type_default stacking_default\"><div class=\"vc_col-sm-6 wpb_column vc_column_container\"><div class=\"vc_column-inner\"><div class=\"wpb_wrapper\"><div class=\"w-ibanner us_custom_7565dc3a has_text_color animation_aphelia ratio_2x1 easing_ease align_center\" id=\"banner_settori_cosmetic\"><div class=\"w-ibanner-h\"><div class=\"w-ibanner-image\" style=\"background-image: url(https:\/\/old.labelpack.it\/wp-content\/uploads\/2019\/09\/labelpack_banner_cosmetic.jpg)\"><\/div><div class=\"w-ibanner-content\"><div class=\"w-ibanner-content-h\"><h2 class=\"w-ibanner-title\"><\/h2><div class=\"w-ibanner-desc\"><\/p>\n<h3>Cosmetic<\/h3>\n<p>Etikettierung von Flaschen und leeren Rohren<br \/>\nEtikettierung von Gl\u00e4sern und Dosen<br \/>\nDruck- &amp; Anwendungsl\u00f6sungen f\u00fcr Kartons und Paletten<\/p>\n<\/div><\/div><\/div><\/div><a title=\"Cosmetic\" href=\"\/de\/settori\/cosmetic\/\" aria-label><\/a><\/div><\/div><\/div><\/div><div class=\"vc_col-sm-6 wpb_column vc_column_container\"><div class=\"vc_column-inner\"><div class=\"wpb_wrapper\"><div class=\"w-ibanner us_custom_7565dc3a has_text_color animation_aphelia ratio_2x1 easing_ease align_center\" id=\"banner_settori_food_and_beverage\"><div class=\"w-ibanner-h\"><div class=\"w-ibanner-image\" style=\"background-image: url(https:\/\/old.labelpack.it\/wp-content\/uploads\/2019\/10\/banner_food_and_beverage.jpg)\"><\/div><div class=\"w-ibanner-content\"><div class=\"w-ibanner-content-h\"><h2 class=\"w-ibanner-title\"><\/h2><div class=\"w-ibanner-desc\"><\/p>\n<h3>Food &amp; Beverage<\/h3>\n<p>Etikettierung von Dosen, Gl\u00e4sern und Flaschen<br \/>\nKennzeichnung von Beh\u00e4ltern, Etuis und Beuteln\/T\u00fcten<br \/>\nDruck- &amp; Anwendungsl\u00f6sungen f\u00fcr Kartons und Paletten<\/p>\n<\/div><\/div><\/div><\/div><a title=\"Food &amp; Beverage\" href=\"\/de\/settori\/food-beverage\/\" aria-label><\/a><\/div><\/div><\/div><\/div><\/div><div class=\"w-separator size_custom\" style=\"height:3rem\" id=\"xec2\"><style>@media(max-width:600px){ #xec2{height:1rem!important}}<\/style><\/div><div class=\"g-cols wpb_row via_flex valign_top type_default stacking_default\"><div class=\"vc_col-sm-6 wpb_column vc_column_container\"><div class=\"vc_column-inner\"><div class=\"wpb_wrapper\"><div class=\"w-ibanner us_custom_7565dc3a has_text_color animation_aphelia ratio_2x1 easing_ease align_center\" id=\"banner_settori_pharmaceutical\"><div class=\"w-ibanner-h\"><div class=\"w-ibanner-image\" style=\"background-image: url(https:\/\/old.labelpack.it\/wp-content\/uploads\/2019\/10\/banner_pharmaceutical.jpg)\"><\/div><div class=\"w-ibanner-content\"><div class=\"w-ibanner-content-h\"><h2 class=\"w-ibanner-title\"><\/h2><div class=\"w-ibanner-desc\"><\/p>\n<h3>Pharmaceutical<\/h3>\n<p>Etikettierung von Flakons, Dosen und Spritzen<br \/>\nEtikettierung von pharmazeutischen Dosen<br \/>\nDruck- &amp; Anwendungsl\u00f6sungen f\u00fcr Kartons und Paletten<\/p>\n<\/div><\/div><\/div><\/div><a title=\"Pharmaceutical\" href=\"\/de\/settori\/pharmaceutical\/\" aria-label><\/a><\/div><\/div><\/div><\/div><div class=\"vc_col-sm-6 wpb_column vc_column_container\"><div class=\"vc_column-inner\"><div class=\"wpb_wrapper\"><div class=\"w-ibanner us_custom_7565dc3a has_text_color animation_aphelia ratio_2x1 easing_ease align_center\" id=\"banner_settori_mechanical_and_automation\"><div class=\"w-ibanner-h\"><div class=\"w-ibanner-image\" style=\"background-image: url(https:\/\/old.labelpack.it\/wp-content\/uploads\/2015\/05\/mechanical_automation2.jpg)\"><\/div><div class=\"w-ibanner-content\"><div class=\"w-ibanner-content-h\"><h2 class=\"w-ibanner-title\"><\/h2><div class=\"w-ibanner-desc\"><\/p>\n<h3>Mechanical &amp; Automation<\/h3>\n<p>Etikettierung von Autobestandteilen<br \/>\nEtikettierung f\u00fcr Kunststoffspritzguss<br \/>\nDruck- &amp; Anwendungsl\u00f6sungen f\u00fcr Roboter-Automatisierung<\/p>\n<\/div><\/div><\/div><\/div><a title=\"Mechanical &amp; Automation\" href=\"\/de\/settori\/mechanical-automation\/\" aria-label><\/a><\/div><\/div><\/div><\/div><\/div><div class=\"w-separator size_huge\"><\/div><\/div><\/div><\/div><\/div><\/div><\/section>\n","protected":false},"excerpt":{"rendered":"DienstleistungenCosmetic Etikettierung von Flaschen und leeren Rohren Etikettierung von Gl\u00e4sern und Dosen Druck- &amp; Anwendungsl\u00f6sungen f\u00fcr Kartons und Paletten Food &amp; Beverage Etikettierung von Dosen, Gl\u00e4sern und Flaschen Kennzeichnung von Beh\u00e4ltern, Etuis und Beuteln\/T\u00fcten Druck- &amp; Anwendungsl\u00f6sungen f\u00fcr Kartons und Paletten Pharmaceutical Etikettierung von Flakons, Dosen und Spritzen Etikettierung von pharmazeutischen Dosen Druck- &amp; Anwendungsl\u00f6sungen...","protected":false},"author":1,"featured_media":0,"parent":0,"menu_order":0,"comment_status":"closed","ping_status":"closed","template":"","meta":[],"acf":[],"yoast_head":"<!-- This site is optimized with the Yoast SEO plugin v19.12 - https:\/\/yoast.com\/wordpress\/plugins\/seo\/ -->\n<title>Dienstleistungen - Labelpack<\/title>\n<meta name=\"robots\" content=\"noindex, follow, max-snippet:-1, max-image-preview:large, max-video-preview:-1\" \/>\n<meta property=\"og:locale\" content=\"de_DE\" \/>\n<meta property=\"og:type\" content=\"article\" \/>\n<meta property=\"og:title\" content=\"Dienstleistungen - Labelpack\" \/>\n<meta property=\"og:url\" content=\"https:\/\/old.labelpack.it\/de\/settori\/\" \/>\n<meta property=\"og:site_name\" content=\"Labelpack\" \/>\n<meta property=\"article:publisher\" content=\"https:\/\/www.facebook.com\/pages\/Labelpack\/407949305913215\" \/>\n<meta property=\"article:modified_time\" content=\"2020-07-30T13:55:50+00:00\" \/>\n<meta name=\"twitter:card\" content=\"summary_large_image\" \/>\n<meta name=\"twitter:label1\" content=\"Gesch\u00e4tzte Lesezeit\" \/>\n\t<meta name=\"twitter:data1\" content=\"2\u00a0Minuten\" \/>\n<script type=\"application\/ld+json\" class=\"yoast-schema-graph\">{\"@context\":\"https:\/\/schema.org\",\"@graph\":[{\"@type\":\"WebPage\",\"@id\":\"https:\/\/old.labelpack.it\/de\/settori\/\",\"url\":\"https:\/\/old.labelpack.it\/de\/settori\/\",\"name\":\"Dienstleistungen - Labelpack\",\"isPartOf\":{\"@id\":\"https:\/\/old.labelpack.it\/de\/#website\"},\"datePublished\":\"2013-05-31T11:58:45+00:00\",\"dateModified\":\"2020-07-30T13:55:50+00:00\",\"breadcrumb\":{\"@id\":\"https:\/\/old.labelpack.it\/de\/settori\/#breadcrumb\"},\"inLanguage\":\"de\",\"potentialAction\":[{\"@type\":\"ReadAction\",\"target\":[\"https:\/\/old.labelpack.it\/de\/settori\/\"]}]},{\"@type\":\"BreadcrumbList\",\"@id\":\"https:\/\/old.labelpack.it\/de\/settori\/#breadcrumb\",\"itemListElement\":[{\"@type\":\"ListItem\",\"position\":1,\"name\":\"Home\",\"item\":\"https:\/\/old.labelpack.it\/de\/\"},{\"@type\":\"ListItem\",\"position\":2,\"name\":\"Dienstleistungen\"}]},{\"@type\":\"WebSite\",\"@id\":\"https:\/\/old.labelpack.it\/de\/#website\",\"url\":\"https:\/\/old.labelpack.it\/de\/\",\"name\":\"Labelpack\",\"description\":\"Sistemi di etichettatura automatica\",\"publisher\":{\"@id\":\"https:\/\/old.labelpack.it\/de\/#organization\"},\"potentialAction\":[{\"@type\":\"SearchAction\",\"target\":{\"@type\":\"EntryPoint\",\"urlTemplate\":\"https:\/\/old.labelpack.it\/de\/?s={search_term_string}\"},\"query-input\":\"required name=search_term_string\"}],\"inLanguage\":\"de\"},{\"@type\":\"Organization\",\"@id\":\"https:\/\/old.labelpack.it\/de\/#organization\",\"name\":\"Labelpack Trade Srl\",\"url\":\"https:\/\/old.labelpack.it\/de\/\",\"logo\":{\"@type\":\"ImageObject\",\"inLanguage\":\"de\",\"@id\":\"https:\/\/old.labelpack.it\/de\/#\/schema\/logo\/image\/\",\"url\":\"https:\/\/old.labelpack.it\/wp-content\/uploads\/2017\/07\/labelpack_logo.svg\",\"contentUrl\":\"https:\/\/old.labelpack.it\/wp-content\/uploads\/2017\/07\/labelpack_logo.svg\",\"width\":480,\"height\":82,\"caption\":\"Labelpack Trade Srl\"},\"image\":{\"@id\":\"https:\/\/old.labelpack.it\/de\/#\/schema\/logo\/image\/\"},\"sameAs\":[\"https:\/\/www.linkedin.com\/company\/labelpack-srl?trk=top_nav_home\",\"https:\/\/www.youtube.com\/user\/Labelxworld\",\"https:\/\/www.facebook.com\/pages\/Labelpack\/407949305913215\"]}]}<\/script>\n<!-- \/ Yoast SEO plugin. -->","yoast_head_json":{"title":"Dienstleistungen - Labelpack","robots":{"index":"noindex","follow":"follow","max-snippet":"max-snippet:-1","max-image-preview":"max-image-preview:large","max-video-preview":"max-video-preview:-1"},"og_locale":"de_DE","og_type":"article","og_title":"Dienstleistungen - Labelpack","og_url":"https:\/\/old.labelpack.it\/de\/settori\/","og_site_name":"Labelpack","article_publisher":"https:\/\/www.facebook.com\/pages\/Labelpack\/407949305913215","article_modified_time":"2020-07-30T13:55:50+00:00","twitter_card":"summary_large_image","twitter_misc":{"Gesch\u00e4tzte Lesezeit":"2\u00a0Minuten"},"schema":{"@context":"https:\/\/schema.org","@graph":[{"@type":"WebPage","@id":"https:\/\/old.labelpack.it\/de\/settori\/","url":"https:\/\/old.labelpack.it\/de\/settori\/","name":"Dienstleistungen - Labelpack","isPartOf":{"@id":"https:\/\/old.labelpack.it\/de\/#website"},"datePublished":"2013-05-31T11:58:45+00:00","dateModified":"2020-07-30T13:55:50+00:00","breadcrumb":{"@id":"https:\/\/old.labelpack.it\/de\/settori\/#breadcrumb"},"inLanguage":"de","potentialAction":[{"@type":"ReadAction","target":["https:\/\/old.labelpack.it\/de\/settori\/"]}]},{"@type":"BreadcrumbList","@id":"https:\/\/old.labelpack.it\/de\/settori\/#breadcrumb","itemListElement":[{"@type":"ListItem","position":1,"name":"Home","item":"https:\/\/old.labelpack.it\/de\/"},{"@type":"ListItem","position":2,"name":"Dienstleistungen"}]},{"@type":"WebSite","@id":"https:\/\/old.labelpack.it\/de\/#website","url":"https:\/\/old.labelpack.it\/de\/","name":"Labelpack","description":"Sistemi di etichettatura automatica","publisher":{"@id":"https:\/\/old.labelpack.it\/de\/#organization"},"potentialAction":[{"@type":"SearchAction","target":{"@type":"EntryPoint","urlTemplate":"https:\/\/old.labelpack.it\/de\/?s={search_term_string}"},"query-input":"required name=search_term_string"}],"inLanguage":"de"},{"@type":"Organization","@id":"https:\/\/old.labelpack.it\/de\/#organization","name":"Labelpack Trade Srl","url":"https:\/\/old.labelpack.it\/de\/","logo":{"@type":"ImageObject","inLanguage":"de","@id":"https:\/\/old.labelpack.it\/de\/#\/schema\/logo\/image\/","url":"https:\/\/old.labelpack.it\/wp-content\/uploads\/2017\/07\/labelpack_logo.svg","contentUrl":"https:\/\/old.labelpack.it\/wp-content\/uploads\/2017\/07\/labelpack_logo.svg","width":480,"height":82,"caption":"Labelpack Trade Srl"},"image":{"@id":"https:\/\/old.labelpack.it\/de\/#\/schema\/logo\/image\/"},"sameAs":["https:\/\/www.linkedin.com\/company\/labelpack-srl?trk=top_nav_home","https:\/\/www.youtube.com\/user\/Labelxworld","https:\/\/www.facebook.com\/pages\/Labelpack\/407949305913215"]}]}},"_links":{"self":[{"href":"https:\/\/old.labelpack.it\/de\/wp-json\/wp\/v2\/pages\/12523"}],"collection":[{"href":"https:\/\/old.labelpack.it\/de\/wp-json\/wp\/v2\/pages"}],"about":[{"href":"https:\/\/old.labelpack.it\/de\/wp-json\/wp\/v2\/types\/page"}],"author":[{"embeddable":true,"href":"https:\/\/old.labelpack.it\/de\/wp-json\/wp\/v2\/users\/1"}],"replies":[{"embeddable":true,"href":"https:\/\/old.labelpack.it\/de\/wp-json\/wp\/v2\/comments?post=12523"}],"version-history":[{"count":5,"href":"https:\/\/old.labelpack.it\/de\/wp-json\/wp\/v2\/pages\/12523\/revisions"}],"predecessor-version":[{"id":14385,"href":"https:\/\/old.labelpack.it\/de\/wp-json\/wp\/v2\/pages\/12523\/revisions\/14385"}],"wp:attachment":[{"href":"https:\/\/old.labelpack.it\/de\/wp-json\/wp\/v2\/media?parent=12523"}],"curies":[{"name":"wp","href":"https:\/\/api.w.org\/{rel}","templated":true}]}}