{"id":12492,"date":"2019-09-04T15:52:31","date_gmt":"2019-09-04T15:52:31","guid":{"rendered":"http:\/\/old.labelpack.it\/prodotti-labelpack\/"},"modified":"2020-07-30T13:55:47","modified_gmt":"2020-07-30T13:55:47","slug":"prodotti-labelpack","status":"publish","type":"page","link":"https:\/\/old.labelpack.it\/de\/prodotti-labelpack\/","title":{"rendered":"Produkte"},"content":{"rendered":"<section class=\"l-section wpb_row height_large color_primary with_img parallax_hor bgwidth_120\"><div class=\"l-section-img\" style=\"background-image: url(https:\/\/old.labelpack.it\/wp-content\/uploads\/2019\/09\/labelpack_banner_products.jpg);\" data-img-width=\"2500\" data-img-height=\"377\"><\/div><div class=\"l-section-overlay\" style=\"background:rgba(2,2,2,0.67)\"><\/div><div class=\"l-section-h i-cf\"><div class=\"g-cols vc_row via_flex valign_top type_default stacking_default\"><div class=\"vc_col-sm-12 wpb_column vc_column_container\"><div class=\"vc_column-inner\"><div class=\"wpb_wrapper\"><h1 class=\"w-post-elm post_title us_custom_db86dbd8 has_text_color align_center entry-title color_link_inherit\">Produkte<\/h1><\/div><\/div><\/div><\/div><\/div><\/section><section class=\"l-section wpb_row height_auto\"><div class=\"l-section-h i-cf\"><div class=\"g-cols vc_row via_flex valign_top type_default stacking_default\"><div class=\"vc_col-sm-12 wpb_column vc_column_container\"><div class=\"vc_column-inner\"><div class=\"wpb_wrapper\"><div class=\"w-separator size_medium\"><\/div><div class=\"g-cols wpb_row via_flex valign_top type_default stacking_default\"><div class=\"vc_col-sm-6 wpb_column vc_column_container\"><div class=\"vc_column-inner\"><div class=\"wpb_wrapper\"><div class=\"w-ibanner us_custom_7565dc3a has_text_color animation_aphelia ratio_2x1 easing_ease align_center\" id=\"banner_pagina_prodotti\"><div class=\"w-ibanner-h\"><div class=\"w-ibanner-image\" style=\"background-image: url(https:\/\/old.labelpack.it\/wp-content\/uploads\/2014\/05\/banner_labelpack_1.jpg)\"><\/div><div class=\"w-ibanner-content\"><div class=\"w-ibanner-content-h\"><h2 class=\"w-ibanner-title\"><\/h2><div class=\"w-ibanner-desc\"><\/p>\n<h3>Etikettiermaschinen<\/h3>\n<p>\n<\/div><\/div><\/div><\/div><a href=\"\/de\/prodotti-labelpack\/etichettatrici\/\" aria-label><\/a><\/div><\/div><\/div><\/div><div class=\"vc_col-sm-6 wpb_column vc_column_container\"><div class=\"vc_column-inner\"><div class=\"wpb_wrapper\"><div class=\"w-ibanner us_custom_7565dc3a has_text_color animation_aphelia ratio_2x1 easing_ease align_center\" id=\"banner_pagina_prodotti\"><div class=\"w-ibanner-h\"><div class=\"w-ibanner-image\" style=\"background-image: url(https:\/\/old.labelpack.it\/wp-content\/uploads\/2015\/09\/compact1.jpg)\"><\/div><div class=\"w-ibanner-content\"><div class=\"w-ibanner-content-h\"><h2 class=\"w-ibanner-title\"><\/h2><div class=\"w-ibanner-desc\"><\/p>\n<h3>Etikettiersysteme<\/h3>\n<p>\n<\/div><\/div><\/div><\/div><a title=\"Sistemi di etichettatura\" href=\"\/de\/prodotti-labelpack\/sistemi-di-etichettatura\/\" aria-label><\/a><\/div><\/div><\/div><\/div><\/div><div class=\"w-separator size_custom\" style=\"height:3rem\" id=\"xf6b\"><style>@media(max-width:600px){ #xf6b{height:1rem!important}}<\/style><\/div><div class=\"g-cols wpb_row via_flex valign_top type_default stacking_default\"><div class=\"vc_col-sm-6 wpb_column vc_column_container\"><div class=\"vc_column-inner\"><div class=\"wpb_wrapper\"><div class=\"w-ibanner us_custom_7565dc3a has_text_color animation_aphelia ratio_2x1 easing_ease align_center\" id=\"banner_pagina_prodotti\"><div class=\"w-ibanner-h\"><div class=\"w-ibanner-image\" style=\"background-image: url(https:\/\/old.labelpack.it\/wp-content\/uploads\/2015\/08\/banner_labelpack_7.jpg)\"><\/div><div class=\"w-ibanner-content\"><div class=\"w-ibanner-content-h\"><h2 class=\"w-ibanner-title\"><\/h2><div class=\"w-ibanner-desc\"><\/p>\n<h3>Etikettendruck und Spendesysteme<\/h3>\n<p>\n<\/div><\/div><\/div><\/div><a title=\"Sistemi Stampa &amp; Applica\" href=\"\/de\/prodotti-labelpack\/sistemi-stampa-applica\/\" aria-label><\/a><\/div><\/div><\/div><\/div><div class=\"vc_col-sm-6 wpb_column vc_column_container\"><div class=\"vc_column-inner\"><div class=\"wpb_wrapper\"><div class=\"w-ibanner us_custom_7565dc3a has_text_color animation_aphelia ratio_2x1 easing_ease align_center\" id=\"banner_pagina_prodotti\"><div class=\"w-ibanner-h\"><div class=\"w-ibanner-image\" style=\"background-image: url(https:\/\/old.labelpack.it\/wp-content\/uploads\/2015\/09\/feeder1.jpg)\"><\/div><div class=\"w-ibanner-content\"><div class=\"w-ibanner-content-h\"><h2 class=\"w-ibanner-title\"><\/h2><div class=\"w-ibanner-desc\"><\/p>\n<h3>Anleger &amp; Zuf\u00fchrsysteme<\/h3>\n<p>\n<\/div><\/div><\/div><\/div><a title=\"Sfogliatori Automatici KPF\" href=\"\/de\/prodotti-labelpack\/sfogliatori-automatici-kpf\/\" aria-label><\/a><\/div><\/div><\/div><\/div><\/div><div class=\"w-separator size_custom\" style=\"height:3rem\" id=\"o6f9\"><style>@media(max-width:600px){ #o6f9{height:1rem!important}}<\/style><\/div><div class=\"g-cols wpb_row via_flex valign_top type_default stacking_default\"><div class=\"vc_col-sm-6 wpb_column vc_column_container\"><div class=\"vc_column-inner\"><div class=\"wpb_wrapper\"><div class=\"w-ibanner us_custom_7565dc3a has_text_color animation_aphelia ratio_2x1 easing_ease align_center\" id=\"banner_pagina_prodotti\"><div class=\"w-ibanner-h\"><div class=\"w-ibanner-image\" style=\"background-image: url(https:\/\/old.labelpack.it\/wp-content\/uploads\/2015\/09\/stampanti-1.jpg)\"><\/div><div class=\"w-ibanner-content\"><div class=\"w-ibanner-content-h\"><h2 class=\"w-ibanner-title\"><\/h2><div class=\"w-ibanner-desc\"><\/p>\n<h3>Etikettendruker<\/h3>\n<p>\n<\/div><\/div><\/div><\/div><a title=\"Stampanti per etichette\" href=\"\/de\/prodotti-labelpack\/stampanti-per-etichette\/\" aria-label><\/a><\/div><\/div><\/div><\/div><div class=\"vc_col-sm-6 wpb_column vc_column_container\"><div class=\"vc_column-inner\"><div class=\"wpb_wrapper\"><div class=\"w-ibanner us_custom_7565dc3a has_text_color animation_aphelia ratio_2x1 easing_ease align_center\" id=\"banner_pagina_prodotti\"><div class=\"w-ibanner-h\"><div class=\"w-ibanner-image\" style=\"background-image: url(https:\/\/old.labelpack.it\/wp-content\/uploads\/2015\/09\/banner-Software.jpg)\"><\/div><div class=\"w-ibanner-content\"><div class=\"w-ibanner-content-h\"><h2 class=\"w-ibanner-title\"><\/h2><div class=\"w-ibanner-desc\"><\/p>\n<h3>Design und Drucksoftware f\u00fcr Etiketten<\/h3>\n<p>\n<\/div><\/div><\/div><\/div><a title=\"Software per creazione e stampa etichette\" href=\"\/de\/prodotti-labelpack\/software-per-creazione-e-stampa-etichette\/\" aria-label><\/a><\/div><\/div><\/div><\/div><\/div><div class=\"w-separator size_custom\" style=\"height:3rem\" id=\"t43b\"><style>@media(max-width:600px){ #t43b{height:1rem!important}}<\/style><\/div><div class=\"g-cols wpb_row via_flex valign_top type_default stacking_default\"><div class=\"vc_col-sm-6 wpb_column vc_column_container\"><div class=\"vc_column-inner\"><div class=\"wpb_wrapper\"><div class=\"w-ibanner us_custom_7565dc3a has_text_color animation_aphelia ratio_2x1 easing_ease align_center\" id=\"banner_pagina_prodotti\"><div class=\"w-ibanner-h\"><div class=\"w-ibanner-image\" style=\"background-image: url(https:\/\/old.labelpack.it\/wp-content\/uploads\/2015\/05\/barcode-font-1.jpg)\"><\/div><div class=\"w-ibanner-content\"><div class=\"w-ibanner-content-h\"><h2 class=\"w-ibanner-title\"><\/h2><div class=\"w-ibanner-desc\"><\/p>\n<h3>Etiketten, Thermotransferfolie, Druckk\u00f6pfen<\/h3>\n<p>\n<\/div><\/div><\/div><\/div><a title=\"Etichette, Thermal transfer ribbon, Testine di stampa\" href=\"\/de\/prodotti-labelpack\/etichette-ttr-testine-di-stampa\/\" aria-label><\/a><\/div><\/div><\/div><\/div><div class=\"vc_col-sm-6 wpb_column vc_column_container\"><div class=\"vc_column-inner\"><div class=\"wpb_wrapper\"><div class=\"w-ibanner us_custom_7565dc3a has_text_color animation_aphelia ratio_2x1 easing_ease align_center\" id=\"banner_pagina_prodotti\"><div class=\"w-ibanner-h\"><div class=\"w-ibanner-image\" style=\"background-image: url(https:\/\/old.labelpack.it\/wp-content\/uploads\/2015\/09\/LABEL-COUNTER1.jpg)\"><\/div><div class=\"w-ibanner-content\"><div class=\"w-ibanner-content-h\"><h2 class=\"w-ibanner-title\"><\/h2><div class=\"w-ibanner-desc\"><\/p>\n<h3>Label rewinders and dispensers<\/h3>\n<p>\n<\/div><\/div><\/div><\/div><a title=\"Riavvolgitori e distributori di etichette\" href=\"\/de\/prodotti-labelpack\/riavvolgitori-e-distributori-di-etichette\" aria-label><\/a><\/div><\/div><\/div><\/div><\/div><div class=\"w-separator size_medium\"><\/div><\/div><\/div><\/div><\/div><\/div><\/section>\n","protected":false},"excerpt":{"rendered":"ProdukteEtikettiermaschinen Etikettiersysteme Etikettendruck und Spendesysteme Anleger &amp; Zuf\u00fchrsysteme Etikettendruker Design und Drucksoftware f\u00fcr Etiketten Etiketten, Thermotransferfolie, Druckk\u00f6pfen Label rewinders and dispensers","protected":false},"author":1,"featured_media":0,"parent":0,"menu_order":0,"comment_status":"closed","ping_status":"closed","template":"","meta":[],"acf":[],"yoast_head":"<!-- This site is optimized with the Yoast SEO plugin v19.12 - https:\/\/yoast.com\/wordpress\/plugins\/seo\/ -->\n<title>Produkte - Labelpack<\/title>\n<meta name=\"robots\" content=\"noindex, follow, max-snippet:-1, max-image-preview:large, max-video-preview:-1\" \/>\n<meta property=\"og:locale\" content=\"de_DE\" \/>\n<meta property=\"og:type\" content=\"article\" \/>\n<meta property=\"og:title\" content=\"Produkte - Labelpack\" \/>\n<meta property=\"og:url\" content=\"https:\/\/old.labelpack.it\/de\/prodotti-labelpack\/\" \/>\n<meta property=\"og:site_name\" content=\"Labelpack\" \/>\n<meta property=\"article:publisher\" content=\"https:\/\/www.facebook.com\/pages\/Labelpack\/407949305913215\" \/>\n<meta property=\"article:modified_time\" content=\"2020-07-30T13:55:47+00:00\" \/>\n<meta name=\"twitter:card\" content=\"summary_large_image\" \/>\n<meta name=\"twitter:label1\" content=\"Gesch\u00e4tzte Lesezeit\" \/>\n\t<meta name=\"twitter:data1\" content=\"3\u00a0Minuten\" \/>\n<script type=\"application\/ld+json\" class=\"yoast-schema-graph\">{\"@context\":\"https:\/\/schema.org\",\"@graph\":[{\"@type\":\"WebPage\",\"@id\":\"https:\/\/old.labelpack.it\/de\/prodotti-labelpack\/\",\"url\":\"https:\/\/old.labelpack.it\/de\/prodotti-labelpack\/\",\"name\":\"Produkte - Labelpack\",\"isPartOf\":{\"@id\":\"https:\/\/old.labelpack.it\/de\/#website\"},\"datePublished\":\"2019-09-04T15:52:31+00:00\",\"dateModified\":\"2020-07-30T13:55:47+00:00\",\"breadcrumb\":{\"@id\":\"https:\/\/old.labelpack.it\/de\/prodotti-labelpack\/#breadcrumb\"},\"inLanguage\":\"de\",\"potentialAction\":[{\"@type\":\"ReadAction\",\"target\":[\"https:\/\/old.labelpack.it\/de\/prodotti-labelpack\/\"]}]},{\"@type\":\"BreadcrumbList\",\"@id\":\"https:\/\/old.labelpack.it\/de\/prodotti-labelpack\/#breadcrumb\",\"itemListElement\":[{\"@type\":\"ListItem\",\"position\":1,\"name\":\"Home\",\"item\":\"https:\/\/old.labelpack.it\/de\/\"},{\"@type\":\"ListItem\",\"position\":2,\"name\":\"Produkte\"}]},{\"@type\":\"WebSite\",\"@id\":\"https:\/\/old.labelpack.it\/de\/#website\",\"url\":\"https:\/\/old.labelpack.it\/de\/\",\"name\":\"Labelpack\",\"description\":\"Sistemi di etichettatura automatica\",\"publisher\":{\"@id\":\"https:\/\/old.labelpack.it\/de\/#organization\"},\"potentialAction\":[{\"@type\":\"SearchAction\",\"target\":{\"@type\":\"EntryPoint\",\"urlTemplate\":\"https:\/\/old.labelpack.it\/de\/?s={search_term_string}\"},\"query-input\":\"required name=search_term_string\"}],\"inLanguage\":\"de\"},{\"@type\":\"Organization\",\"@id\":\"https:\/\/old.labelpack.it\/de\/#organization\",\"name\":\"Labelpack Trade Srl\",\"url\":\"https:\/\/old.labelpack.it\/de\/\",\"logo\":{\"@type\":\"ImageObject\",\"inLanguage\":\"de\",\"@id\":\"https:\/\/old.labelpack.it\/de\/#\/schema\/logo\/image\/\",\"url\":\"https:\/\/old.labelpack.it\/wp-content\/uploads\/2017\/07\/labelpack_logo.svg\",\"contentUrl\":\"https:\/\/old.labelpack.it\/wp-content\/uploads\/2017\/07\/labelpack_logo.svg\",\"width\":480,\"height\":82,\"caption\":\"Labelpack Trade Srl\"},\"image\":{\"@id\":\"https:\/\/old.labelpack.it\/de\/#\/schema\/logo\/image\/\"},\"sameAs\":[\"https:\/\/www.linkedin.com\/company\/labelpack-srl?trk=top_nav_home\",\"https:\/\/www.youtube.com\/user\/Labelxworld\",\"https:\/\/www.facebook.com\/pages\/Labelpack\/407949305913215\"]}]}<\/script>\n<!-- \/ Yoast SEO plugin. -->","yoast_head_json":{"title":"Produkte - Labelpack","robots":{"index":"noindex","follow":"follow","max-snippet":"max-snippet:-1","max-image-preview":"max-image-preview:large","max-video-preview":"max-video-preview:-1"},"og_locale":"de_DE","og_type":"article","og_title":"Produkte - Labelpack","og_url":"https:\/\/old.labelpack.it\/de\/prodotti-labelpack\/","og_site_name":"Labelpack","article_publisher":"https:\/\/www.facebook.com\/pages\/Labelpack\/407949305913215","article_modified_time":"2020-07-30T13:55:47+00:00","twitter_card":"summary_large_image","twitter_misc":{"Gesch\u00e4tzte Lesezeit":"3\u00a0Minuten"},"schema":{"@context":"https:\/\/schema.org","@graph":[{"@type":"WebPage","@id":"https:\/\/old.labelpack.it\/de\/prodotti-labelpack\/","url":"https:\/\/old.labelpack.it\/de\/prodotti-labelpack\/","name":"Produkte - Labelpack","isPartOf":{"@id":"https:\/\/old.labelpack.it\/de\/#website"},"datePublished":"2019-09-04T15:52:31+00:00","dateModified":"2020-07-30T13:55:47+00:00","breadcrumb":{"@id":"https:\/\/old.labelpack.it\/de\/prodotti-labelpack\/#breadcrumb"},"inLanguage":"de","potentialAction":[{"@type":"ReadAction","target":["https:\/\/old.labelpack.it\/de\/prodotti-labelpack\/"]}]},{"@type":"BreadcrumbList","@id":"https:\/\/old.labelpack.it\/de\/prodotti-labelpack\/#breadcrumb","itemListElement":[{"@type":"ListItem","position":1,"name":"Home","item":"https:\/\/old.labelpack.it\/de\/"},{"@type":"ListItem","position":2,"name":"Produkte"}]},{"@type":"WebSite","@id":"https:\/\/old.labelpack.it\/de\/#website","url":"https:\/\/old.labelpack.it\/de\/","name":"Labelpack","description":"Sistemi di etichettatura automatica","publisher":{"@id":"https:\/\/old.labelpack.it\/de\/#organization"},"potentialAction":[{"@type":"SearchAction","target":{"@type":"EntryPoint","urlTemplate":"https:\/\/old.labelpack.it\/de\/?s={search_term_string}"},"query-input":"required name=search_term_string"}],"inLanguage":"de"},{"@type":"Organization","@id":"https:\/\/old.labelpack.it\/de\/#organization","name":"Labelpack Trade Srl","url":"https:\/\/old.labelpack.it\/de\/","logo":{"@type":"ImageObject","inLanguage":"de","@id":"https:\/\/old.labelpack.it\/de\/#\/schema\/logo\/image\/","url":"https:\/\/old.labelpack.it\/wp-content\/uploads\/2017\/07\/labelpack_logo.svg","contentUrl":"https:\/\/old.labelpack.it\/wp-content\/uploads\/2017\/07\/labelpack_logo.svg","width":480,"height":82,"caption":"Labelpack Trade Srl"},"image":{"@id":"https:\/\/old.labelpack.it\/de\/#\/schema\/logo\/image\/"},"sameAs":["https:\/\/www.linkedin.com\/company\/labelpack-srl?trk=top_nav_home","https:\/\/www.youtube.com\/user\/Labelxworld","https:\/\/www.facebook.com\/pages\/Labelpack\/407949305913215"]}]}},"_links":{"self":[{"href":"https:\/\/old.labelpack.it\/de\/wp-json\/wp\/v2\/pages\/12492"}],"collection":[{"href":"https:\/\/old.labelpack.it\/de\/wp-json\/wp\/v2\/pages"}],"about":[{"href":"https:\/\/old.labelpack.it\/de\/wp-json\/wp\/v2\/types\/page"}],"author":[{"embeddable":true,"href":"https:\/\/old.labelpack.it\/de\/wp-json\/wp\/v2\/users\/1"}],"replies":[{"embeddable":true,"href":"https:\/\/old.labelpack.it\/de\/wp-json\/wp\/v2\/comments?post=12492"}],"version-history":[{"count":6,"href":"https:\/\/old.labelpack.it\/de\/wp-json\/wp\/v2\/pages\/12492\/revisions"}],"predecessor-version":[{"id":14376,"href":"https:\/\/old.labelpack.it\/de\/wp-json\/wp\/v2\/pages\/12492\/revisions\/14376"}],"wp:attachment":[{"href":"https:\/\/old.labelpack.it\/de\/wp-json\/wp\/v2\/media?parent=12492"}],"curies":[{"name":"wp","href":"https:\/\/api.w.org\/{rel}","templated":true}]}}