{"id":12488,"date":"2015-08-26T14:14:01","date_gmt":"2015-08-26T14:14:01","guid":{"rendered":"http:\/\/old.labelpack.it\/news\/"},"modified":"2020-07-30T13:55:47","modified_gmt":"2020-07-30T13:55:47","slug":"news","status":"publish","type":"page","link":"https:\/\/old.labelpack.it\/de\/news\/","title":{"rendered":"Nachrichten"},"content":{"rendered":"<section class=\"l-section wpb_row height_small color_primary with_img parallax_hor bgwidth_120\"><div class=\"l-section-img\" style=\"background-image: url(https:\/\/old.labelpack.it\/wp-content\/uploads\/2019\/09\/labelpack_banner_news.jpg);\" data-img-width=\"2500\" data-img-height=\"377\"><\/div><div class=\"l-section-overlay\" style=\"background:rgba(2,2,2,0.67)\"><\/div><div class=\"l-section-h i-cf\"><div class=\"g-cols vc_row via_flex valign_top type_default stacking_default\"><div class=\"vc_col-sm-12 wpb_column vc_column_container\"><div class=\"vc_column-inner\"><div class=\"wpb_wrapper\"><h1 class=\"w-post-elm post_title us_custom_db86dbd8 has_text_color align_center entry-title color_link_inherit\">Nachrichten<\/h1><\/div><\/div><\/div><\/div><\/div><\/section><section class=\"l-section wpb_row height_medium\"><div class=\"l-section-h i-cf\"><div class=\"g-cols vc_row via_flex valign_top type_default stacking_default\"><div class=\"vc_col-sm-9 wpb_column vc_column_container\"><div class=\"vc_column-inner\"><div class=\"wpb_wrapper\"><div class=\"w-grid type_grid layout_7779 cols_2 overflow_hidden\" id=\"us_grid_1\" data-filterable=\"true\"><style>#us_grid_1 .w-grid-item{padding:1.5rem}#us_grid_1 .w-grid-list{margin:-1.5rem -1.5rem 1.5rem}.w-grid + #us_grid_1 .w-grid-list,.w-grid-none + #us_grid_1 .w-grid-list{margin-top:1.5rem}@media (max-width:599px){#us_grid_1 .w-grid-list{margin:0}#us_grid_1 .w-grid-item{width:100%;padding:0;margin-bottom:1.5rem}}.layout_7779 .w-grid-item-h{background:#ffffff;color:#363636;box-shadow:0 0.01rem 0.02rem rgba(0,0,0,0.1),0 0.03rem 0.1rem rgba(0,0,0,0.1);transition-duration:0.3s}.no-touch .layout_7779 .w-grid-item-h:hover{box-shadow:0 0.1rem 0.2rem rgba(0,0,0,0.1),0 0.33rem 1rem rgba(0,0,0,0.15);z-index:4}.layout_7779 .usg_post_image_1{margin-right:0!important;margin-left:0!important;padding-right:0!important;padding-left:0!important}.layout_7779 .usg_post_title_1{font-family:var(--font-h1)!important;font-size:1.4rem!important;font-weight:700!important;line-height:1.2!important}.layout_7779 .usg_vwrapper_1{padding:9% 11% 11% 11%!important}.layout_7779 .usg_post_taxonomy_1{position:absolute!important;top:1.2rem!important;right:1.2rem!important;left:1.2rem!important;font-family:var(--font-body)!important}.layout_7779 .usg_hwrapper_1{color:#999999!important}.layout_7779 .usg_post_date_1{font-family:var(--font-body)!important;font-size:0.9rem!important}.layout_7779 .usg_post_content_1{font-family:var(--font-body)!important;font-size:16px!important;line-height:22px!important}@media (max-width:600px){.layout_7779 .usg_post_title_1{font-size:1.2rem!important}}<\/style><div class=\"w-grid-list\">\t<article class=\"w-grid-item size_1x1 post-18374 post type-post status-publish format-standard has-post-thumbnail hentry category-news-de\" data-id=\"18374\">\n\t\t<div class=\"w-grid-item-h\">\n\t\t\t\t\t\t<div class=\"w-post-elm post_image usg_post_image_1 stretched\"><a href=\"https:\/\/old.labelpack.it\/de\/news-de\/seasons-greetings-2025\/\" aria-label=\"Season&#8217;s Greetings 2025\"><img width=\"1920\" height=\"1080\" src=\"https:\/\/old.labelpack.it\/wp-content\/uploads\/2024\/12\/Auguri-di-Natale-2025-ok.jpg\" class=\"attachment-full size-full wp-post-image\" alt=\"\" decoding=\"async\" loading=\"lazy\" srcset=\"https:\/\/old.labelpack.it\/wp-content\/uploads\/2024\/12\/Auguri-di-Natale-2025-ok.jpg 1920w, https:\/\/old.labelpack.it\/wp-content\/uploads\/2024\/12\/Auguri-di-Natale-2025-ok-300x169.jpg 300w, https:\/\/old.labelpack.it\/wp-content\/uploads\/2024\/12\/Auguri-di-Natale-2025-ok-1024x576.jpg 1024w\" sizes=\"(max-width: 1920px) 100vw, 1920px\" \/><\/a><\/div><div class=\"w-post-elm post_taxonomy usg_post_taxonomy_1 style_badge color_link_inherit\"><a class=\"w-btn us-btn-style_25 term-177 term-news-de\" href=\"https:\/\/old.labelpack.it\/de\/category\/news-de\/\"><span class=\"w-btn-label\">News<\/span><\/a><\/div><div class=\"w-vwrapper usg_vwrapper_1 align_left valign_top\"><h2 class=\"w-post-elm post_title usg_post_title_1 entry-title color_link_inherit\"><a href=\"https:\/\/old.labelpack.it\/de\/news-de\/seasons-greetings-2025\/\">Season&#8217;s Greetings 2025<\/a><\/h2><div class=\"w-hwrapper usg_hwrapper_1 has_text_color align_left valign_top wrap\"><time class=\"w-post-elm post_date usg_post_date_1 entry-date published\" datetime=\"2024-12-06T15:07:59+00:00\" title=\"6 Dezember 2024 um 15:07:59 +00:00\u00a0Uhr\">6 Dezember 2024<\/time><\/div><div class=\"w-post-elm post_content usg_post_content_1\">Wir haben \u00fcber die Weihnachtsfeiertage von Montag, 23. Dezember 2024 bis einschlie\u00dflich Montag, 6. Januar 2025\u00a0geschlossen. Frohe Weihnachten und ein&hellip;<\/div><\/div>\t\t<\/div>\n\t<\/article>\n\t<article class=\"w-grid-item size_1x1 post-18357 post type-post status-publish format-standard has-post-thumbnail hentry category-news-de\" data-id=\"18357\">\n\t\t<div class=\"w-grid-item-h\">\n\t\t\t\t\t\t<div class=\"w-post-elm post_image usg_post_image_1 stretched\"><a href=\"https:\/\/old.labelpack.it\/de\/news-de\/sommer-2024\/\" aria-label=\"SOMMER 2024\"><img width=\"922\" height=\"518\" src=\"https:\/\/old.labelpack.it\/wp-content\/uploads\/2024\/08\/labelpack-summer-2024.jpg\" class=\"attachment-full size-full wp-post-image\" alt=\"\" decoding=\"async\" loading=\"lazy\" srcset=\"https:\/\/old.labelpack.it\/wp-content\/uploads\/2024\/08\/labelpack-summer-2024.jpg 922w, https:\/\/old.labelpack.it\/wp-content\/uploads\/2024\/08\/labelpack-summer-2024-300x169.jpg 300w\" sizes=\"(max-width: 922px) 100vw, 922px\" \/><\/a><\/div><div class=\"w-post-elm post_taxonomy usg_post_taxonomy_1 style_badge color_link_inherit\"><a class=\"w-btn us-btn-style_25 term-177 term-news-de\" href=\"https:\/\/old.labelpack.it\/de\/category\/news-de\/\"><span class=\"w-btn-label\">News<\/span><\/a><\/div><div class=\"w-vwrapper usg_vwrapper_1 align_left valign_top\"><h2 class=\"w-post-elm post_title usg_post_title_1 entry-title color_link_inherit\"><a href=\"https:\/\/old.labelpack.it\/de\/news-de\/sommer-2024\/\">SOMMER 2024<\/a><\/h2><div class=\"w-hwrapper usg_hwrapper_1 has_text_color align_left valign_top wrap\"><time class=\"w-post-elm post_date usg_post_date_1 entry-date published\" datetime=\"2024-08-02T08:51:14+00:00\" title=\"2 August 2024 um 08:51:14 +00:00\u00a0Uhr\">2 August 2024<\/time><\/div><div class=\"w-post-elm post_content usg_post_content_1\">Wir sind wegen Sommerferien vom 12. bis 23. August 2024 geschlossen. FROHE FEIERTAGE AN ALLE!<\/div><\/div>\t\t<\/div>\n\t<\/article>\n\t<article class=\"w-grid-item size_1x1 post-18308 post type-post status-publish format-standard has-post-thumbnail hentry category-news-de\" data-id=\"18308\">\n\t\t<div class=\"w-grid-item-h\">\n\t\t\t\t\t\t<div class=\"w-post-elm post_image usg_post_image_1 stretched\"><a href=\"https:\/\/old.labelpack.it\/de\/news-de\/seasons-greetings-2023\/\" aria-label=\"Season&#8217;s Greetings 2023\"><img width=\"1920\" height=\"1080\" src=\"https:\/\/old.labelpack.it\/wp-content\/uploads\/2023\/12\/Labelpack-Buone-Feste-2023.jpg\" class=\"attachment-full size-full wp-post-image\" alt=\"\" decoding=\"async\" loading=\"lazy\" srcset=\"https:\/\/old.labelpack.it\/wp-content\/uploads\/2023\/12\/Labelpack-Buone-Feste-2023.jpg 1920w, https:\/\/old.labelpack.it\/wp-content\/uploads\/2023\/12\/Labelpack-Buone-Feste-2023-300x169.jpg 300w, https:\/\/old.labelpack.it\/wp-content\/uploads\/2023\/12\/Labelpack-Buone-Feste-2023-1024x576.jpg 1024w\" sizes=\"(max-width: 1920px) 100vw, 1920px\" \/><\/a><\/div><div class=\"w-post-elm post_taxonomy usg_post_taxonomy_1 style_badge color_link_inherit\"><a class=\"w-btn us-btn-style_25 term-177 term-news-de\" href=\"https:\/\/old.labelpack.it\/de\/category\/news-de\/\"><span class=\"w-btn-label\">News<\/span><\/a><\/div><div class=\"w-vwrapper usg_vwrapper_1 align_left valign_top\"><h2 class=\"w-post-elm post_title usg_post_title_1 entry-title color_link_inherit\"><a href=\"https:\/\/old.labelpack.it\/de\/news-de\/seasons-greetings-2023\/\">Season&#8217;s Greetings 2023<\/a><\/h2><div class=\"w-hwrapper usg_hwrapper_1 has_text_color align_left valign_top wrap\"><time class=\"w-post-elm post_date usg_post_date_1 entry-date published\" datetime=\"2023-12-21T09:46:27+00:00\" title=\"21 Dezember 2023 um 09:46:27 +00:00\u00a0Uhr\">21 Dezember 2023<\/time><\/div><div class=\"w-post-elm post_content usg_post_content_1\">Wir haben \u00fcber die Weihnachtsfeiertage vom 02. bis 05. Januar 2024\u00a0geschlossen. Frohe Weihnachten und ein gl\u00fcckliches Neues Jahr!<\/div><\/div>\t\t<\/div>\n\t<\/article>\n\t<article class=\"w-grid-item size_1x1 post-18288 post type-post status-publish format-standard has-post-thumbnail hentry category-news-de\" data-id=\"18288\">\n\t\t<div class=\"w-grid-item-h\">\n\t\t\t\t\t\t<div class=\"w-post-elm post_image usg_post_image_1 stretched\"><a href=\"https:\/\/old.labelpack.it\/de\/news-de\/cibus-tec-2023\/\" aria-label=\"CIBUS TEC 2023\"><img width=\"1204\" height=\"631\" src=\"https:\/\/old.labelpack.it\/wp-content\/uploads\/2023\/10\/cibustec-pad02-standB013.jpg\" class=\"attachment-full size-full wp-post-image\" alt=\"\" decoding=\"async\" loading=\"lazy\" srcset=\"https:\/\/old.labelpack.it\/wp-content\/uploads\/2023\/10\/cibustec-pad02-standB013.jpg 1204w, https:\/\/old.labelpack.it\/wp-content\/uploads\/2023\/10\/cibustec-pad02-standB013-300x157.jpg 300w, https:\/\/old.labelpack.it\/wp-content\/uploads\/2023\/10\/cibustec-pad02-standB013-1024x537.jpg 1024w\" sizes=\"(max-width: 1204px) 100vw, 1204px\" \/><\/a><\/div><div class=\"w-post-elm post_taxonomy usg_post_taxonomy_1 style_badge color_link_inherit\"><a class=\"w-btn us-btn-style_25 term-177 term-news-de\" href=\"https:\/\/old.labelpack.it\/de\/category\/news-de\/\"><span class=\"w-btn-label\">News<\/span><\/a><\/div><div class=\"w-vwrapper usg_vwrapper_1 align_left valign_top\"><h2 class=\"w-post-elm post_title usg_post_title_1 entry-title color_link_inherit\"><a href=\"https:\/\/old.labelpack.it\/de\/news-de\/cibus-tec-2023\/\">CIBUS TEC 2023<\/a><\/h2><div class=\"w-hwrapper usg_hwrapper_1 has_text_color align_left valign_top wrap\"><time class=\"w-post-elm post_date usg_post_date_1 entry-date published\" datetime=\"2023-10-06T10:19:22+00:00\" title=\"6 Oktober 2023 um 10:19:22 +00:00\u00a0Uhr\">6 Oktober 2023<\/time><\/div><div class=\"w-post-elm post_content usg_post_content_1\">Wir erwarten Sie bei CIBUS TEC, Pad 02, Stand B 013, um Ihnen unsere besten Etikettierungsl\u00f6sungen f\u00fcr Lebensmittel und Getr\u00e4nke&hellip;<\/div><\/div>\t\t<\/div>\n\t<\/article>\n\t<article class=\"w-grid-item size_1x1 post-18264 post type-post status-publish format-standard has-post-thumbnail hentry category-news-de\" data-id=\"18264\">\n\t\t<div class=\"w-grid-item-h\">\n\t\t\t\t\t\t<div class=\"w-post-elm post_image usg_post_image_1 stretched\"><a href=\"https:\/\/old.labelpack.it\/de\/news-de\/sommer-2023\/\" aria-label=\"SOMMER 2023\"><img width=\"1920\" height=\"1080\" src=\"https:\/\/old.labelpack.it\/wp-content\/uploads\/2023\/08\/labelpack-summer-2023.jpg\" class=\"attachment-full size-full wp-post-image\" alt=\"\" decoding=\"async\" loading=\"lazy\" srcset=\"https:\/\/old.labelpack.it\/wp-content\/uploads\/2023\/08\/labelpack-summer-2023.jpg 1920w, https:\/\/old.labelpack.it\/wp-content\/uploads\/2023\/08\/labelpack-summer-2023-300x169.jpg 300w, https:\/\/old.labelpack.it\/wp-content\/uploads\/2023\/08\/labelpack-summer-2023-1024x576.jpg 1024w\" sizes=\"(max-width: 1920px) 100vw, 1920px\" \/><\/a><\/div><div class=\"w-post-elm post_taxonomy usg_post_taxonomy_1 style_badge color_link_inherit\"><a class=\"w-btn us-btn-style_25 term-177 term-news-de\" href=\"https:\/\/old.labelpack.it\/de\/category\/news-de\/\"><span class=\"w-btn-label\">News<\/span><\/a><\/div><div class=\"w-vwrapper usg_vwrapper_1 align_left valign_top\"><h2 class=\"w-post-elm post_title usg_post_title_1 entry-title color_link_inherit\"><a href=\"https:\/\/old.labelpack.it\/de\/news-de\/sommer-2023\/\">SOMMER 2023<\/a><\/h2><div class=\"w-hwrapper usg_hwrapper_1 has_text_color align_left valign_top wrap\"><time class=\"w-post-elm post_date usg_post_date_1 entry-date published\" datetime=\"2023-08-02T09:07:59+00:00\" title=\"2 August 2023 um 09:07:59 +00:00\u00a0Uhr\">2 August 2023<\/time><\/div><div class=\"w-post-elm post_content usg_post_content_1\">Wir sind wegen Sommerferien vom 07. bis 18. August 2023 geschlossen. FROHE FEIERTAGE AN ALLE!<\/div><\/div>\t\t<\/div>\n\t<\/article>\n\t<article class=\"w-grid-item size_1x1 post-18003 post type-post status-publish format-standard has-post-thumbnail hentry category-news-de\" data-id=\"18003\">\n\t\t<div class=\"w-grid-item-h\">\n\t\t\t\t\t\t<div class=\"w-post-elm post_image usg_post_image_1 stretched\"><a href=\"https:\/\/old.labelpack.it\/de\/news-de\/sommer-2022-2\/\" aria-label=\"INTERPACK 2023\"><img width=\"1920\" height=\"1080\" src=\"https:\/\/old.labelpack.it\/wp-content\/uploads\/2023\/04\/banner_interpack_sito.jpg\" class=\"attachment-full size-full wp-post-image\" alt=\"\" decoding=\"async\" loading=\"lazy\" srcset=\"https:\/\/old.labelpack.it\/wp-content\/uploads\/2023\/04\/banner_interpack_sito.jpg 1920w, https:\/\/old.labelpack.it\/wp-content\/uploads\/2023\/04\/banner_interpack_sito-300x169.jpg 300w, https:\/\/old.labelpack.it\/wp-content\/uploads\/2023\/04\/banner_interpack_sito-1024x576.jpg 1024w\" sizes=\"(max-width: 1920px) 100vw, 1920px\" \/><\/a><\/div><div class=\"w-post-elm post_taxonomy usg_post_taxonomy_1 style_badge color_link_inherit\"><a class=\"w-btn us-btn-style_25 term-177 term-news-de\" href=\"https:\/\/old.labelpack.it\/de\/category\/news-de\/\"><span class=\"w-btn-label\">News<\/span><\/a><\/div><div class=\"w-vwrapper usg_vwrapper_1 align_left valign_top\"><h2 class=\"w-post-elm post_title usg_post_title_1 entry-title color_link_inherit\"><a href=\"https:\/\/old.labelpack.it\/de\/news-de\/sommer-2022-2\/\">INTERPACK 2023<\/a><\/h2><div class=\"w-hwrapper usg_hwrapper_1 has_text_color align_left valign_top wrap\"><time class=\"w-post-elm post_date usg_post_date_1 entry-date published\" datetime=\"2023-04-07T13:35:49+00:00\" title=\"7 April 2023 um 13:35:49 +00:00\u00a0Uhr\">7 April 2023<\/time><\/div><div class=\"w-post-elm post_content usg_post_content_1\">D\u00fcsseldorf vom 4. bis 10. Mai 2023 \u2013 Halle 8B, Stand D05. Wir warten darauf, dass Sie unsere besten Etikettierl\u00f6sungen&hellip;<\/div><\/div>\t\t<\/div>\n\t<\/article>\n\t<article class=\"w-grid-item size_1x1 post-17775 post type-post status-publish format-standard has-post-thumbnail hentry category-news-de\" data-id=\"17775\">\n\t\t<div class=\"w-grid-item-h\">\n\t\t\t\t\t\t<div class=\"w-post-elm post_image usg_post_image_1 stretched\"><a href=\"https:\/\/old.labelpack.it\/de\/news-de\/sommer-2022\/\" aria-label=\"SOMMER 2022\"><img width=\"1920\" height=\"1080\" src=\"https:\/\/old.labelpack.it\/wp-content\/uploads\/2022\/07\/labelpack-summer-2022.jpg\" class=\"attachment-full size-full wp-post-image\" alt=\"\" decoding=\"async\" loading=\"lazy\" srcset=\"https:\/\/old.labelpack.it\/wp-content\/uploads\/2022\/07\/labelpack-summer-2022.jpg 1920w, https:\/\/old.labelpack.it\/wp-content\/uploads\/2022\/07\/labelpack-summer-2022-300x169.jpg 300w, https:\/\/old.labelpack.it\/wp-content\/uploads\/2022\/07\/labelpack-summer-2022-1024x576.jpg 1024w\" sizes=\"(max-width: 1920px) 100vw, 1920px\" \/><\/a><\/div><div class=\"w-post-elm post_taxonomy usg_post_taxonomy_1 style_badge color_link_inherit\"><a class=\"w-btn us-btn-style_25 term-177 term-news-de\" href=\"https:\/\/old.labelpack.it\/de\/category\/news-de\/\"><span class=\"w-btn-label\">News<\/span><\/a><\/div><div class=\"w-vwrapper usg_vwrapper_1 align_left valign_top\"><h2 class=\"w-post-elm post_title usg_post_title_1 entry-title color_link_inherit\"><a href=\"https:\/\/old.labelpack.it\/de\/news-de\/sommer-2022\/\">SOMMER 2022<\/a><\/h2><div class=\"w-hwrapper usg_hwrapper_1 has_text_color align_left valign_top wrap\"><time class=\"w-post-elm post_date usg_post_date_1 entry-date published\" datetime=\"2022-07-28T09:12:51+00:00\" title=\"28 Juli 2022 um 09:12:51 +00:00\u00a0Uhr\">28 Juli 2022<\/time><\/div><div class=\"w-post-elm post_content usg_post_content_1\">Wir sind wegen Sommerferien vom 06. bis 20. August 2022 geschlossen. FROHE FEIERTAGE AN ALLE!<\/div><\/div>\t\t<\/div>\n\t<\/article>\n\t<article class=\"w-grid-item size_1x1 post-16948 post type-post status-publish format-standard has-post-thumbnail hentry category-news-de\" data-id=\"16948\">\n\t\t<div class=\"w-grid-item-h\">\n\t\t\t\t\t\t<div class=\"w-post-elm post_image usg_post_image_1 stretched\"><a href=\"https:\/\/old.labelpack.it\/de\/news-de\/16948\/\" aria-label><img width=\"1920\" height=\"1080\" src=\"https:\/\/old.labelpack.it\/wp-content\/uploads\/2021\/12\/labelpack-seasons-greetings-2021.jpg\" class=\"attachment-full size-full wp-post-image\" alt=\"\" decoding=\"async\" loading=\"lazy\" srcset=\"https:\/\/old.labelpack.it\/wp-content\/uploads\/2021\/12\/labelpack-seasons-greetings-2021.jpg 1920w, https:\/\/old.labelpack.it\/wp-content\/uploads\/2021\/12\/labelpack-seasons-greetings-2021-300x169.jpg 300w, https:\/\/old.labelpack.it\/wp-content\/uploads\/2021\/12\/labelpack-seasons-greetings-2021-1024x576.jpg 1024w\" sizes=\"(max-width: 1920px) 100vw, 1920px\" \/><\/a><\/div><div class=\"w-post-elm post_taxonomy usg_post_taxonomy_1 style_badge color_link_inherit\"><a class=\"w-btn us-btn-style_25 term-177 term-news-de\" href=\"https:\/\/old.labelpack.it\/de\/category\/news-de\/\"><span class=\"w-btn-label\">News<\/span><\/a><\/div><div class=\"w-vwrapper usg_vwrapper_1 align_left valign_top\"><h2 class=\"w-post-elm post_title usg_post_title_1 entry-title color_link_inherit\"><a href=\"https:\/\/old.labelpack.it\/de\/news-de\/16948\/\"><\/a><\/h2><div class=\"w-hwrapper usg_hwrapper_1 has_text_color align_left valign_top wrap\"><time class=\"w-post-elm post_date usg_post_date_1 entry-date published\" datetime=\"2021-12-21T14:14:58+00:00\" title=\"21 Dezember 2021 um 14:14:58 +00:00\u00a0Uhr\">21 Dezember 2021<\/time><\/div><div class=\"w-post-elm post_content usg_post_content_1\">Wir haben \u00fcber die Weihnachtsfeiertage am 24. und 31. Dezember und vom 03. bis 07. Januar 2022 geschlossen. Frohe Weihnachten&hellip;<\/div><\/div>\t\t<\/div>\n\t<\/article>\n<\/div><div class=\"w-grid-preloader\"><div class=\"g-preloader type_1\">\n\t<div><\/div>\n<\/div>\n<\/div>\t\t<div class=\"g-loadmore \">\n\t\t\t<div class=\"g-preloader type_1\">\n\t\t\t\t<div><\/div>\n\t\t\t<\/div>\n\t\t\t<button class=\"w-btn us-btn-style_1\">\n\t\t\t\t<span class=\"w-btn-label\">Mehr laden<\/span>\n\t\t\t<\/button>\n\t\t<\/div>\n\t\t\t<div class=\"w-grid-json hidden\" onclick='return {&quot;action&quot;:&quot;us_ajax_grid&quot;,&quot;ajax_url&quot;:&quot;https:\\\/\\\/old.labelpack.it\\\/wp-admin\\\/admin-ajax.php&quot;,&quot;infinite_scroll&quot;:0,&quot;max_num_pages&quot;:6,&quot;pagination&quot;:&quot;ajax&quot;,&quot;permalink_url&quot;:&quot;https:\\\/\\\/old.labelpack.it\\\/de\\\/wp-json\\\/wp\\\/v2\\\/pages\\\/12488\\\/&quot;,&quot;template_vars&quot;:{&quot;columns&quot;:&quot;2&quot;,&quot;exclude_items&quot;:&quot;none&quot;,&quot;img_size&quot;:&quot;default&quot;,&quot;ignore_items_size&quot;:0,&quot;items_layout&quot;:&quot;7779&quot;,&quot;items_offset&quot;:&quot;1&quot;,&quot;load_animation&quot;:&quot;none&quot;,&quot;overriding_link&quot;:&quot;none&quot;,&quot;post_id&quot;:12488,&quot;query_args&quot;:{&quot;post_type&quot;:[&quot;post&quot;],&quot;post_status&quot;:[&quot;publish&quot;,&quot;acf-disabled&quot;],&quot;posts_per_page&quot;:&quot;8&quot;},&quot;orderby_query_args&quot;:{&quot;orderby&quot;:{&quot;date&quot;:&quot;DESC&quot;}},&quot;type&quot;:&quot;grid&quot;,&quot;us_grid_ajax_index&quot;:1,&quot;us_grid_filter_params&quot;:null,&quot;us_grid_index&quot;:1,&quot;_us_grid_post_type&quot;:&quot;post&quot;,&quot;lang&quot;:&quot;de&quot;}}'><\/div>\n\t<\/div><\/div><\/div><\/div><div class=\"vc_col-sm-3 wpb_column vc_column_container\"><div class=\"vc_column-inner\"><div class=\"wpb_wrapper\">[vc_widget_sidebar sidebar_id=&#8220;default_sidebar&#8220;]<\/div><\/div><\/div><\/div><\/div><\/section>\n","protected":false},"excerpt":{"rendered":"Wir haben \u00fcber die Weihnachtsfeiertage am 24. und 31. Dezember und vom 03. bis 07. Januar 2022 geschlossen. Frohe Weihnachten und ein gl\u00fcckliches Neues Jahr!","protected":false},"author":1,"featured_media":0,"parent":0,"menu_order":0,"comment_status":"closed","ping_status":"closed","template":"","meta":[],"acf":[],"yoast_head":"<!-- This site is optimized with the Yoast SEO plugin v19.12 - https:\/\/yoast.com\/wordpress\/plugins\/seo\/ -->\n<title>Nachrichten - Labelpack<\/title>\n<meta name=\"robots\" content=\"noindex, follow, max-snippet:-1, max-image-preview:large, max-video-preview:-1\" \/>\n<meta property=\"og:locale\" content=\"de_DE\" \/>\n<meta property=\"og:type\" content=\"article\" \/>\n<meta property=\"og:title\" content=\"Nachrichten - Labelpack\" \/>\n<meta property=\"og:url\" content=\"https:\/\/old.labelpack.it\/de\/news\/\" \/>\n<meta property=\"og:site_name\" content=\"Labelpack\" \/>\n<meta property=\"article:publisher\" content=\"https:\/\/www.facebook.com\/pages\/Labelpack\/407949305913215\" \/>\n<meta property=\"article:modified_time\" content=\"2020-07-30T13:55:47+00:00\" \/>\n<meta name=\"twitter:card\" content=\"summary_large_image\" \/>\n<script type=\"application\/ld+json\" class=\"yoast-schema-graph\">{\"@context\":\"https:\/\/schema.org\",\"@graph\":[{\"@type\":\"WebPage\",\"@id\":\"https:\/\/old.labelpack.it\/de\/news\/\",\"url\":\"https:\/\/old.labelpack.it\/de\/news\/\",\"name\":\"Nachrichten - Labelpack\",\"isPartOf\":{\"@id\":\"https:\/\/old.labelpack.it\/de\/#website\"},\"datePublished\":\"2015-08-26T14:14:01+00:00\",\"dateModified\":\"2020-07-30T13:55:47+00:00\",\"breadcrumb\":{\"@id\":\"https:\/\/old.labelpack.it\/de\/news\/#breadcrumb\"},\"inLanguage\":\"de\",\"potentialAction\":[{\"@type\":\"ReadAction\",\"target\":[\"https:\/\/old.labelpack.it\/de\/news\/\"]}]},{\"@type\":\"BreadcrumbList\",\"@id\":\"https:\/\/old.labelpack.it\/de\/news\/#breadcrumb\",\"itemListElement\":[{\"@type\":\"ListItem\",\"position\":1,\"name\":\"Home\",\"item\":\"https:\/\/old.labelpack.it\/de\/\"},{\"@type\":\"ListItem\",\"position\":2,\"name\":\"Nachrichten\"}]},{\"@type\":\"WebSite\",\"@id\":\"https:\/\/old.labelpack.it\/de\/#website\",\"url\":\"https:\/\/old.labelpack.it\/de\/\",\"name\":\"Labelpack\",\"description\":\"Sistemi di etichettatura automatica\",\"publisher\":{\"@id\":\"https:\/\/old.labelpack.it\/de\/#organization\"},\"potentialAction\":[{\"@type\":\"SearchAction\",\"target\":{\"@type\":\"EntryPoint\",\"urlTemplate\":\"https:\/\/old.labelpack.it\/de\/?s={search_term_string}\"},\"query-input\":\"required name=search_term_string\"}],\"inLanguage\":\"de\"},{\"@type\":\"Organization\",\"@id\":\"https:\/\/old.labelpack.it\/de\/#organization\",\"name\":\"Labelpack Trade Srl\",\"url\":\"https:\/\/old.labelpack.it\/de\/\",\"logo\":{\"@type\":\"ImageObject\",\"inLanguage\":\"de\",\"@id\":\"https:\/\/old.labelpack.it\/de\/#\/schema\/logo\/image\/\",\"url\":\"https:\/\/old.labelpack.it\/wp-content\/uploads\/2017\/07\/labelpack_logo.svg\",\"contentUrl\":\"https:\/\/old.labelpack.it\/wp-content\/uploads\/2017\/07\/labelpack_logo.svg\",\"width\":480,\"height\":82,\"caption\":\"Labelpack Trade Srl\"},\"image\":{\"@id\":\"https:\/\/old.labelpack.it\/de\/#\/schema\/logo\/image\/\"},\"sameAs\":[\"https:\/\/www.linkedin.com\/company\/labelpack-srl?trk=top_nav_home\",\"https:\/\/www.youtube.com\/user\/Labelxworld\",\"https:\/\/www.facebook.com\/pages\/Labelpack\/407949305913215\"]}]}<\/script>\n<!-- \/ Yoast SEO plugin. -->","yoast_head_json":{"title":"Nachrichten - Labelpack","robots":{"index":"noindex","follow":"follow","max-snippet":"max-snippet:-1","max-image-preview":"max-image-preview:large","max-video-preview":"max-video-preview:-1"},"og_locale":"de_DE","og_type":"article","og_title":"Nachrichten - Labelpack","og_url":"https:\/\/old.labelpack.it\/de\/news\/","og_site_name":"Labelpack","article_publisher":"https:\/\/www.facebook.com\/pages\/Labelpack\/407949305913215","article_modified_time":"2020-07-30T13:55:47+00:00","twitter_card":"summary_large_image","schema":{"@context":"https:\/\/schema.org","@graph":[{"@type":"WebPage","@id":"https:\/\/old.labelpack.it\/de\/news\/","url":"https:\/\/old.labelpack.it\/de\/news\/","name":"Nachrichten - Labelpack","isPartOf":{"@id":"https:\/\/old.labelpack.it\/de\/#website"},"datePublished":"2015-08-26T14:14:01+00:00","dateModified":"2020-07-30T13:55:47+00:00","breadcrumb":{"@id":"https:\/\/old.labelpack.it\/de\/news\/#breadcrumb"},"inLanguage":"de","potentialAction":[{"@type":"ReadAction","target":["https:\/\/old.labelpack.it\/de\/news\/"]}]},{"@type":"BreadcrumbList","@id":"https:\/\/old.labelpack.it\/de\/news\/#breadcrumb","itemListElement":[{"@type":"ListItem","position":1,"name":"Home","item":"https:\/\/old.labelpack.it\/de\/"},{"@type":"ListItem","position":2,"name":"Nachrichten"}]},{"@type":"WebSite","@id":"https:\/\/old.labelpack.it\/de\/#website","url":"https:\/\/old.labelpack.it\/de\/","name":"Labelpack","description":"Sistemi di etichettatura automatica","publisher":{"@id":"https:\/\/old.labelpack.it\/de\/#organization"},"potentialAction":[{"@type":"SearchAction","target":{"@type":"EntryPoint","urlTemplate":"https:\/\/old.labelpack.it\/de\/?s={search_term_string}"},"query-input":"required name=search_term_string"}],"inLanguage":"de"},{"@type":"Organization","@id":"https:\/\/old.labelpack.it\/de\/#organization","name":"Labelpack Trade Srl","url":"https:\/\/old.labelpack.it\/de\/","logo":{"@type":"ImageObject","inLanguage":"de","@id":"https:\/\/old.labelpack.it\/de\/#\/schema\/logo\/image\/","url":"https:\/\/old.labelpack.it\/wp-content\/uploads\/2017\/07\/labelpack_logo.svg","contentUrl":"https:\/\/old.labelpack.it\/wp-content\/uploads\/2017\/07\/labelpack_logo.svg","width":480,"height":82,"caption":"Labelpack Trade Srl"},"image":{"@id":"https:\/\/old.labelpack.it\/de\/#\/schema\/logo\/image\/"},"sameAs":["https:\/\/www.linkedin.com\/company\/labelpack-srl?trk=top_nav_home","https:\/\/www.youtube.com\/user\/Labelxworld","https:\/\/www.facebook.com\/pages\/Labelpack\/407949305913215"]}]}},"_links":{"self":[{"href":"https:\/\/old.labelpack.it\/de\/wp-json\/wp\/v2\/pages\/12488"}],"collection":[{"href":"https:\/\/old.labelpack.it\/de\/wp-json\/wp\/v2\/pages"}],"about":[{"href":"https:\/\/old.labelpack.it\/de\/wp-json\/wp\/v2\/types\/page"}],"author":[{"embeddable":true,"href":"https:\/\/old.labelpack.it\/de\/wp-json\/wp\/v2\/users\/1"}],"replies":[{"embeddable":true,"href":"https:\/\/old.labelpack.it\/de\/wp-json\/wp\/v2\/comments?post=12488"}],"version-history":[{"count":2,"href":"https:\/\/old.labelpack.it\/de\/wp-json\/wp\/v2\/pages\/12488\/revisions"}],"predecessor-version":[{"id":14374,"href":"https:\/\/old.labelpack.it\/de\/wp-json\/wp\/v2\/pages\/12488\/revisions\/14374"}],"wp:attachment":[{"href":"https:\/\/old.labelpack.it\/de\/wp-json\/wp\/v2\/media?parent=12488"}],"curies":[{"name":"wp","href":"https:\/\/api.w.org\/{rel}","templated":true}]}}