{"id":12479,"date":"2013-05-31T11:57:37","date_gmt":"2013-05-31T11:57:37","guid":{"rendered":"http:\/\/old.labelpack.it\/azienda\/"},"modified":"2020-07-30T13:55:45","modified_gmt":"2020-07-30T13:55:45","slug":"azienda","status":"publish","type":"page","link":"https:\/\/old.labelpack.it\/de\/azienda\/","title":{"rendered":"Firma"},"content":{"rendered":"<section class=\"l-section wpb_row height_large color_primary with_img parallax_hor bgwidth_120\"><div class=\"l-section-img\" style=\"background-image: url(https:\/\/old.labelpack.it\/wp-content\/uploads\/2019\/08\/azienda2.jpg);\" data-img-width=\"1920\" data-img-height=\"290\"><\/div><div class=\"l-section-overlay\" style=\"background:rgba(2,2,2,0.67)\"><\/div><div class=\"l-section-h i-cf\"><div class=\"g-cols vc_row via_flex valign_top type_default stacking_default\"><div class=\"vc_col-sm-12 wpb_column vc_column_container\"><div class=\"vc_column-inner\"><div class=\"wpb_wrapper\"><h1 class=\"w-post-elm post_title us_custom_db86dbd8 has_text_color align_center entry-title color_link_inherit\">Firma<\/h1><\/div><\/div><\/div><\/div><\/div><\/section><section class=\"l-section wpb_row height_medium with_img\" id=\"mission\"><div class=\"l-section-img\" style=\"background-image: url(https:\/\/old.labelpack.it\/wp-content\/uploads\/2019\/08\/triangolo_sx.svg);background-position: center left;background-repeat: no-repeat;background-size: contain;\" data-img-width=\"132\" data-img-height=\"391\"><\/div><div class=\"l-section-h i-cf\"><div class=\"g-cols vc_row via_flex valign_top type_default stacking_default\"><div class=\"vc_col-sm-12 wpb_column vc_column_container\"><div class=\"vc_column-inner\"><div class=\"wpb_wrapper\"><div class=\"w-separator size_small\"><\/div><div class=\"g-cols wpb_row via_flex valign_middle type_default stacking_default\"><div class=\"vc_col-sm-6 wpb_column vc_column_container\"><div class=\"vc_column-inner\"><div class=\"wpb_wrapper\"><div class=\"wpb_text_column\"><div class=\"wpb_wrapper\"><h3 style=\"text-align: left;\">Die Unternehmensmission<\/h3>\n<\/div><\/div><div class=\"w-separator size_custom\" style=\"height:20px\"><\/div><div class=\"wpb_text_column\"><div class=\"wpb_wrapper\"><p><em>\u201cLabel your world, label your life\u201d \u00a0\u201cEach label, a new story\u201c \u00a0\u201cMade in Italy solutions\u201d<\/em><\/p>\n<p>Diese Slogans fassen das Engagement zusammen, das LABELPACK in die Studie und Realisierung von L\u00f6sungen f\u00fcr die automatische Etikettierung unter dem \u201cLabel\u201d der kontinuierlichen technologischen Innovation steckt, um unseren Kunden effiziente, zuverl\u00e4ssige L\u00f6sungen nach Ma\u00df mit besonderem Fokus auf die Kundenzufriedenheit zu bieten. LABELPACK will ein aktiver Teil der besten Produktionen Made in Italy sein.<\/p>\n<\/div><\/div><\/div><\/div><\/div><div class=\"vc_col-sm-6 wpb_column vc_column_container\"><div class=\"vc_column-inner\"><div class=\"wpb_wrapper\"><div class=\"w-video align_none ratio_16x9\"><div class=\"w-video-h\"><iframe title=\"Youtube video player\" src=\"\/\/www.youtube.com\/embed\/_7bD3_wNzHc?origin=https:\/\/old.labelpack.it&controls=1\" allowfullscreen=\"1\" loading=\"lazy\"><\/iframe><\/div><div class=\"w-video-icon\" style=\"font-size:1.5rem;background:rgba(0,0,0,0.5);color:#fff\"><\/div><\/div><\/div><\/div><\/div><\/div><div class=\"w-separator size_small\"><\/div><\/div><\/div><\/div><\/div><\/div><\/section><section class=\"l-section wpb_row height_auto\"><div class=\"l-section-h i-cf\"><div class=\"g-cols vc_row via_flex valign_top type_default stacking_default\"><div class=\"vc_col-sm-12 wpb_column vc_column_container\"><div class=\"vc_column-inner\"><div class=\"wpb_wrapper\"><div class=\"g-cols wpb_row via_flex valign_top type_default stacking_default\"><div class=\"vc_col-sm-12 wpb_column vc_column_container\"><div class=\"vc_column-inner\"><div class=\"wpb_wrapper\"><div class=\"w-grid type_grid layout_gallery_default cols_7\" id=\"us_grid_1\" data-filterable=\"true\"><style>#us_grid_1 .w-grid-item{padding:10px}#us_grid_1 .w-grid-list{margin:-10px}.w-grid + #us_grid_1 .w-grid-list,.w-grid-none + #us_grid_1 .w-grid-list{margin-top:10px}@media (max-width:1199px){#us_grid_1 .w-grid-item{width:33.3333%}}@media (max-width:899px){#us_grid_1 .w-grid-item{width:50%}}@media (max-width:599px){#us_grid_1 .w-grid-list{margin:0}#us_grid_1 .w-grid-item{width:100%;padding:0;margin-bottom:10px}}.layout_gallery_default .w-grid-item-h{}<\/style><div class=\"w-grid-list\">\t<article class=\"w-grid-item post-7303 attachment type-attachment status-inherit hentry\" data-id=\"7303\">\n\t\t<div class=\"w-grid-item-h\">\n\t\t\t\t\t\t<div class=\"w-post-elm post_image usg_post_image_1 stretched\"><img width=\"1024\" height=\"763\" src=\"https:\/\/old.labelpack.it\/wp-content\/uploads\/2019\/09\/INGRESSO-1-1024x763.jpg\" class=\"attachment-large size-large\" alt=\"\" decoding=\"async\" loading=\"lazy\" srcset=\"https:\/\/old.labelpack.it\/wp-content\/uploads\/2019\/09\/INGRESSO-1-1024x763.jpg 1024w, https:\/\/old.labelpack.it\/wp-content\/uploads\/2019\/09\/INGRESSO-1-300x224.jpg 300w, https:\/\/old.labelpack.it\/wp-content\/uploads\/2019\/09\/INGRESSO-1.jpg 1597w\" sizes=\"(max-width: 1024px) 100vw, 1024px\" \/><\/div>\t\t<\/div>\n\t<\/article>\n\t<article class=\"w-grid-item post-12877 attachment type-attachment status-inherit hentry\" data-id=\"12877\">\n\t\t<div class=\"w-grid-item-h\">\n\t\t\t\t\t\t<div class=\"w-post-elm post_image usg_post_image_1 stretched\"><img width=\"1024\" height=\"675\" src=\"https:\/\/old.labelpack.it\/wp-content\/uploads\/2019\/12\/01-NEW-OFFICE-1024x675.jpg\" class=\"attachment-large size-large\" alt=\"\" decoding=\"async\" loading=\"lazy\" srcset=\"https:\/\/old.labelpack.it\/wp-content\/uploads\/2019\/12\/01-NEW-OFFICE-1024x675.jpg 1024w, https:\/\/old.labelpack.it\/wp-content\/uploads\/2019\/12\/01-NEW-OFFICE-300x198.jpg 300w\" sizes=\"(max-width: 1024px) 100vw, 1024px\" \/><\/div>\t\t<\/div>\n\t<\/article>\n\t<article class=\"w-grid-item post-12882 attachment type-attachment status-inherit hentry\" data-id=\"12882\">\n\t\t<div class=\"w-grid-item-h\">\n\t\t\t\t\t\t<div class=\"w-post-elm post_image usg_post_image_1 stretched\"><img width=\"1024\" height=\"683\" src=\"https:\/\/old.labelpack.it\/wp-content\/uploads\/2019\/12\/02-NEW-OFFICE-1024x683.jpg\" class=\"attachment-large size-large\" alt=\"\" decoding=\"async\" loading=\"lazy\" srcset=\"https:\/\/old.labelpack.it\/wp-content\/uploads\/2019\/12\/02-NEW-OFFICE-1024x683.jpg 1024w, https:\/\/old.labelpack.it\/wp-content\/uploads\/2019\/12\/02-NEW-OFFICE-300x200.jpg 300w\" sizes=\"(max-width: 1024px) 100vw, 1024px\" \/><\/div>\t\t<\/div>\n\t<\/article>\n\t<article class=\"w-grid-item post-7313 attachment type-attachment status-inherit hentry\" data-id=\"7313\">\n\t\t<div class=\"w-grid-item-h\">\n\t\t\t\t\t\t<div class=\"w-post-elm post_image usg_post_image_1 stretched\"><img width=\"1024\" height=\"768\" src=\"https:\/\/old.labelpack.it\/wp-content\/uploads\/2019\/09\/MEETING-ROOMS-1024x768.jpg\" class=\"attachment-large size-large\" alt=\"\" decoding=\"async\" loading=\"lazy\" srcset=\"https:\/\/old.labelpack.it\/wp-content\/uploads\/2019\/09\/MEETING-ROOMS-1024x768.jpg 1024w, https:\/\/old.labelpack.it\/wp-content\/uploads\/2019\/09\/MEETING-ROOMS-300x225.jpg 300w\" sizes=\"(max-width: 1024px) 100vw, 1024px\" \/><\/div>\t\t<\/div>\n\t<\/article>\n\t<article class=\"w-grid-item post-7328 attachment type-attachment status-inherit hentry\" data-id=\"7328\">\n\t\t<div class=\"w-grid-item-h\">\n\t\t\t\t\t\t<div class=\"w-post-elm post_image usg_post_image_1 stretched\"><img width=\"1024\" height=\"760\" src=\"https:\/\/old.labelpack.it\/wp-content\/uploads\/2019\/09\/PRODUZIONE-1024x760.jpg\" class=\"attachment-large size-large\" alt=\"\" decoding=\"async\" loading=\"lazy\" srcset=\"https:\/\/old.labelpack.it\/wp-content\/uploads\/2019\/09\/PRODUZIONE-1024x760.jpg 1024w, https:\/\/old.labelpack.it\/wp-content\/uploads\/2019\/09\/PRODUZIONE-300x223.jpg 300w, https:\/\/old.labelpack.it\/wp-content\/uploads\/2019\/09\/PRODUZIONE.jpg 1955w\" sizes=\"(max-width: 1024px) 100vw, 1024px\" \/><\/div>\t\t<\/div>\n\t<\/article>\n\t<article class=\"w-grid-item post-7323 attachment type-attachment status-inherit hentry\" data-id=\"7323\">\n\t\t<div class=\"w-grid-item-h\">\n\t\t\t\t\t\t<div class=\"w-post-elm post_image usg_post_image_1 stretched\"><img width=\"1024\" height=\"757\" src=\"https:\/\/old.labelpack.it\/wp-content\/uploads\/2019\/09\/OFFICINA-4-1024x757.jpg\" class=\"attachment-large size-large\" alt=\"\" decoding=\"async\" loading=\"lazy\" srcset=\"https:\/\/old.labelpack.it\/wp-content\/uploads\/2019\/09\/OFFICINA-4-1024x757.jpg 1024w, https:\/\/old.labelpack.it\/wp-content\/uploads\/2019\/09\/OFFICINA-4-300x222.jpg 300w, https:\/\/old.labelpack.it\/wp-content\/uploads\/2019\/09\/OFFICINA-4.jpg 1819w\" sizes=\"(max-width: 1024px) 100vw, 1024px\" \/><\/div>\t\t<\/div>\n\t<\/article>\n\t<article class=\"w-grid-item post-7308 attachment type-attachment status-inherit hentry\" data-id=\"7308\">\n\t\t<div class=\"w-grid-item-h\">\n\t\t\t\t\t\t<div class=\"w-post-elm post_image usg_post_image_1 stretched\"><img width=\"1024\" height=\"768\" src=\"https:\/\/old.labelpack.it\/wp-content\/uploads\/2019\/09\/MAGAZZINO-1024x768.jpg\" class=\"attachment-large size-large\" alt=\"\" decoding=\"async\" loading=\"lazy\" srcset=\"https:\/\/old.labelpack.it\/wp-content\/uploads\/2019\/09\/MAGAZZINO-1024x768.jpg 1024w, https:\/\/old.labelpack.it\/wp-content\/uploads\/2019\/09\/MAGAZZINO-300x225.jpg 300w, https:\/\/old.labelpack.it\/wp-content\/uploads\/2019\/09\/MAGAZZINO.jpg 1843w\" sizes=\"(max-width: 1024px) 100vw, 1024px\" \/><\/div>\t\t<\/div>\n\t<\/article>\n<\/div><div class=\"w-grid-preloader\"><div class=\"g-preloader type_1\">\n\t<div><\/div>\n<\/div>\n<\/div>\t<div class=\"w-grid-json hidden\" onclick='return {&quot;action&quot;:&quot;us_ajax_grid&quot;,&quot;ajax_url&quot;:&quot;https:\\\/\\\/old.labelpack.it\\\/wp-admin\\\/admin-ajax.php&quot;,&quot;infinite_scroll&quot;:0,&quot;max_num_pages&quot;:1,&quot;pagination&quot;:&quot;none&quot;,&quot;permalink_url&quot;:&quot;https:\\\/\\\/old.labelpack.it\\\/de\\\/wp-json\\\/wp\\\/v2\\\/pages\\\/12479\\\/&quot;,&quot;template_vars&quot;:{&quot;columns&quot;:&quot;7&quot;,&quot;exclude_items&quot;:&quot;none&quot;,&quot;img_size&quot;:&quot;default&quot;,&quot;ignore_items_size&quot;:0,&quot;items_layout&quot;:&quot;gallery_default&quot;,&quot;items_offset&quot;:&quot;1&quot;,&quot;load_animation&quot;:&quot;none&quot;,&quot;overriding_link&quot;:&quot;none&quot;,&quot;post_id&quot;:12479,&quot;query_args&quot;:{&quot;post_type&quot;:[&quot;attachment&quot;],&quot;post__in&quot;:[&quot;7300&quot;,&quot;12877&quot;,&quot;12882&quot;,&quot;7310&quot;,&quot;7325&quot;,&quot;7320&quot;,&quot;7305&quot;],&quot;post_status&quot;:&quot;inherit&quot;,&quot;post_mime_type&quot;:&quot;image&quot;,&quot;posts_per_page&quot;:&quot;7&quot;},&quot;orderby_query_args&quot;:{&quot;orderby&quot;:{&quot;post__in&quot;:&quot;ASC&quot;},&quot;order&quot;:&quot;ASC&quot;},&quot;type&quot;:&quot;grid&quot;,&quot;us_grid_ajax_index&quot;:1,&quot;us_grid_filter_params&quot;:null,&quot;us_grid_index&quot;:1,&quot;_us_grid_post_type&quot;:&quot;attachment&quot;,&quot;lang&quot;:&quot;de&quot;}}'><\/div>\n\t<\/div><\/div><\/div><\/div><\/div><\/div><\/div><\/div><\/div><\/div><\/section><section class=\"l-section wpb_row height_large with_img\"><div class=\"l-section-img\" style=\"background-image: url(https:\/\/old.labelpack.it\/wp-content\/uploads\/2019\/08\/triangolo_dx.svg);background-position: center right;background-repeat: no-repeat;background-size: auto;\" data-img-width=\"132\" data-img-height=\"391\"><\/div><div class=\"l-section-h i-cf\"><div class=\"g-cols vc_row via_flex valign_top type_default stacking_default\"><div class=\"vc_col-sm-12 wpb_column vc_column_container\"><div class=\"vc_column-inner\"><div class=\"wpb_wrapper\"><div class=\"wpb_text_column\"><div class=\"wpb_wrapper\"><h3 style=\"text-align: left;\">Unsere Geschichte<\/h3>\n<\/div><\/div><div class=\"w-separator size_custom\" style=\"height:20px\"><\/div><div class=\"wpb_text_column\"><div class=\"wpb_wrapper\"><p>LABELPACK wurde 1992 mit dem Ziel gegr\u00fcndet, Automatik-L\u00f6sungen f\u00fcr den Druck und das Aufkleben von Etiketten mit Barcode und unterschiedlichen Texten zu entwickeln. An ihre Seite kamen bald die Planung und die Produktion\u00a0 von Etikettiermaschinen und automatischen Etikettieranlagen , die ab 2006 mit dem Start einer Planungs- und Entwicklungsphase neuer L\u00f6sungen eine wichtige Entwicklung erfuhren, die zur Herstellung der Serie LABELX f\u00fchrte. Das Unternehmen besteht aus einem Team von Fachleuten, das w\u00e4hrend der\u00a0 Jahre der Wirtschaftskrise der Nachfrage des Marktes mit qualitativ immer besseren und zuverl\u00e4ssigeren L\u00f6sungen nachzukommen wusste, ohne den wirtschaftlichen Aspekt der angebotenen L\u00f6sungen zu vernachl\u00e4ssigen. Das hat uns erm\u00f6glicht, ein starkes Verkaufswachstum auf dem internationalen Markt, auf dem wir zurzeit mit 36 Partnern in 22 L\u00e4ndern pr\u00e4sent sind, zu verzeichnen.<\/p>\n<p>Seit 2015 ist LABELPACK in eine neue Entwicklungsphase getreten, die die Umwandlung in zwei neue Unternehmen \u2013 LABELPACK TRADE srl und LABELPACK MANUFACTURING srl, und den Umzug des neuen Unternehmenssitzes nach BRUGHERIO (MB) umfasst. LABELPACK TRADE srl k\u00fcmmert sich um die Promotion und den Verkauf aller Produkte der Marke LABELPACK und anderer Verkaufsprodukte, die mit dem Bereich Etikettierung, Kodifizierung und Identifizierung verbunden sind, mit dem Ziel, unsere Pr\u00e4senz auf den internationalen M\u00e4rkten zu erh\u00f6hen und auf dem nationalen Markt zu bekr\u00e4ftigen. LABELPACK MANUFACTURING srl ist weiterhin mit hohem Einsatz in der Forschung und Entwicklung und in der Planung und Produktion von L\u00f6sungen f\u00fcr die automatische und halbautomatische Etikettierung und f\u00fcr die Druck- &amp; Aufklebsysteme t\u00e4tig.<\/p>\n<p>Der Umzug des neuen Unternehmenssitzes nach BRUGHERO (MB) hat uns vor allem die Chance geboten, alle T\u00e4tigkeiten vom Verkauf und der Verwaltung bis zur Planung, Produktion und Logistik zu rationalisieren und\u00a0 auf diese Weise\u00a0 die weitr\u00e4umigen Produktionsr\u00e4ume und\u00a0 B\u00fcros\u00a0 bestm\u00f6glich zu nutzen und ein weitreichendes Programm f\u00fcr die Investierung in die Human Ressources,\u00a0 St\u00fctzpfeiler eines Unternehmens, das sich mit der Entwicklung neuer Technologien befasst, zu starten.<\/p>\n<\/div><\/div><\/div><\/div><\/div><\/div><\/div><\/section><section class=\"l-section wpb_row height_huge color_primary with_img parallax_ver\"><div class=\"l-section-img\" style=\"background-image: url(https:\/\/old.labelpack.it\/wp-content\/uploads\/2019\/09\/labelpack_img_labeling_evolution_1.jpg);background-repeat: no-repeat;\" data-img-width=\"1200\" data-img-height=\"800\"><\/div><div class=\"l-section-overlay\" style=\"background:rgba(0,0,0,0.5)\"><\/div><div class=\"l-section-h i-cf\"><div class=\"g-cols vc_row via_flex valign_top type_default stacking_default\"><div class=\"vc_col-sm-12 wpb_column vc_column_container\"><div class=\"vc_column-inner\"><div class=\"wpb_wrapper\"><div class=\"wpb_text_column\"><div class=\"wpb_wrapper\"><h2 class=\"super hairline bordered-normal\" style=\"text-align: center; font-size: 56px;\"><span style=\"color: #ffffff;\">Labeling Evolution, we have solution<\/span><\/h2>\n<\/div><\/div><\/div><\/div><\/div><\/div><\/div><\/section>\n","protected":false},"excerpt":{"rendered":"","protected":false},"author":1,"featured_media":0,"parent":0,"menu_order":0,"comment_status":"closed","ping_status":"closed","template":"","meta":[],"acf":[],"yoast_head":"<!-- This site is optimized with the Yoast SEO plugin v19.12 - https:\/\/yoast.com\/wordpress\/plugins\/seo\/ -->\n<title>Firma - Labelpack<\/title>\n<meta name=\"robots\" content=\"noindex, follow, max-snippet:-1, max-image-preview:large, max-video-preview:-1\" \/>\n<meta property=\"og:locale\" content=\"de_DE\" \/>\n<meta property=\"og:type\" content=\"article\" \/>\n<meta property=\"og:title\" content=\"Firma - Labelpack\" \/>\n<meta property=\"og:url\" content=\"https:\/\/old.labelpack.it\/de\/azienda\/\" \/>\n<meta property=\"og:site_name\" content=\"Labelpack\" \/>\n<meta property=\"article:publisher\" content=\"https:\/\/www.facebook.com\/pages\/Labelpack\/407949305913215\" \/>\n<meta property=\"article:modified_time\" content=\"2020-07-30T13:55:45+00:00\" \/>\n<meta name=\"twitter:card\" content=\"summary_large_image\" \/>\n<meta name=\"twitter:label1\" content=\"Gesch\u00e4tzte Lesezeit\" \/>\n\t<meta name=\"twitter:data1\" content=\"3\u00a0Minuten\" \/>\n<script type=\"application\/ld+json\" class=\"yoast-schema-graph\">{\"@context\":\"https:\/\/schema.org\",\"@graph\":[{\"@type\":\"WebPage\",\"@id\":\"https:\/\/old.labelpack.it\/de\/azienda\/\",\"url\":\"https:\/\/old.labelpack.it\/de\/azienda\/\",\"name\":\"Firma - Labelpack\",\"isPartOf\":{\"@id\":\"https:\/\/old.labelpack.it\/de\/#website\"},\"datePublished\":\"2013-05-31T11:57:37+00:00\",\"dateModified\":\"2020-07-30T13:55:45+00:00\",\"breadcrumb\":{\"@id\":\"https:\/\/old.labelpack.it\/de\/azienda\/#breadcrumb\"},\"inLanguage\":\"de\",\"potentialAction\":[{\"@type\":\"ReadAction\",\"target\":[\"https:\/\/old.labelpack.it\/de\/azienda\/\"]}]},{\"@type\":\"BreadcrumbList\",\"@id\":\"https:\/\/old.labelpack.it\/de\/azienda\/#breadcrumb\",\"itemListElement\":[{\"@type\":\"ListItem\",\"position\":1,\"name\":\"Home\",\"item\":\"https:\/\/old.labelpack.it\/de\/\"},{\"@type\":\"ListItem\",\"position\":2,\"name\":\"Firma\"}]},{\"@type\":\"WebSite\",\"@id\":\"https:\/\/old.labelpack.it\/de\/#website\",\"url\":\"https:\/\/old.labelpack.it\/de\/\",\"name\":\"Labelpack\",\"description\":\"Sistemi di etichettatura automatica\",\"publisher\":{\"@id\":\"https:\/\/old.labelpack.it\/de\/#organization\"},\"potentialAction\":[{\"@type\":\"SearchAction\",\"target\":{\"@type\":\"EntryPoint\",\"urlTemplate\":\"https:\/\/old.labelpack.it\/de\/?s={search_term_string}\"},\"query-input\":\"required name=search_term_string\"}],\"inLanguage\":\"de\"},{\"@type\":\"Organization\",\"@id\":\"https:\/\/old.labelpack.it\/de\/#organization\",\"name\":\"Labelpack Trade Srl\",\"url\":\"https:\/\/old.labelpack.it\/de\/\",\"logo\":{\"@type\":\"ImageObject\",\"inLanguage\":\"de\",\"@id\":\"https:\/\/old.labelpack.it\/de\/#\/schema\/logo\/image\/\",\"url\":\"https:\/\/old.labelpack.it\/wp-content\/uploads\/2017\/07\/labelpack_logo.svg\",\"contentUrl\":\"https:\/\/old.labelpack.it\/wp-content\/uploads\/2017\/07\/labelpack_logo.svg\",\"width\":480,\"height\":82,\"caption\":\"Labelpack Trade Srl\"},\"image\":{\"@id\":\"https:\/\/old.labelpack.it\/de\/#\/schema\/logo\/image\/\"},\"sameAs\":[\"https:\/\/www.linkedin.com\/company\/labelpack-srl?trk=top_nav_home\",\"https:\/\/www.youtube.com\/user\/Labelxworld\",\"https:\/\/www.facebook.com\/pages\/Labelpack\/407949305913215\"]}]}<\/script>\n<!-- \/ Yoast SEO plugin. -->","yoast_head_json":{"title":"Firma - Labelpack","robots":{"index":"noindex","follow":"follow","max-snippet":"max-snippet:-1","max-image-preview":"max-image-preview:large","max-video-preview":"max-video-preview:-1"},"og_locale":"de_DE","og_type":"article","og_title":"Firma - Labelpack","og_url":"https:\/\/old.labelpack.it\/de\/azienda\/","og_site_name":"Labelpack","article_publisher":"https:\/\/www.facebook.com\/pages\/Labelpack\/407949305913215","article_modified_time":"2020-07-30T13:55:45+00:00","twitter_card":"summary_large_image","twitter_misc":{"Gesch\u00e4tzte Lesezeit":"3\u00a0Minuten"},"schema":{"@context":"https:\/\/schema.org","@graph":[{"@type":"WebPage","@id":"https:\/\/old.labelpack.it\/de\/azienda\/","url":"https:\/\/old.labelpack.it\/de\/azienda\/","name":"Firma - Labelpack","isPartOf":{"@id":"https:\/\/old.labelpack.it\/de\/#website"},"datePublished":"2013-05-31T11:57:37+00:00","dateModified":"2020-07-30T13:55:45+00:00","breadcrumb":{"@id":"https:\/\/old.labelpack.it\/de\/azienda\/#breadcrumb"},"inLanguage":"de","potentialAction":[{"@type":"ReadAction","target":["https:\/\/old.labelpack.it\/de\/azienda\/"]}]},{"@type":"BreadcrumbList","@id":"https:\/\/old.labelpack.it\/de\/azienda\/#breadcrumb","itemListElement":[{"@type":"ListItem","position":1,"name":"Home","item":"https:\/\/old.labelpack.it\/de\/"},{"@type":"ListItem","position":2,"name":"Firma"}]},{"@type":"WebSite","@id":"https:\/\/old.labelpack.it\/de\/#website","url":"https:\/\/old.labelpack.it\/de\/","name":"Labelpack","description":"Sistemi di etichettatura automatica","publisher":{"@id":"https:\/\/old.labelpack.it\/de\/#organization"},"potentialAction":[{"@type":"SearchAction","target":{"@type":"EntryPoint","urlTemplate":"https:\/\/old.labelpack.it\/de\/?s={search_term_string}"},"query-input":"required name=search_term_string"}],"inLanguage":"de"},{"@type":"Organization","@id":"https:\/\/old.labelpack.it\/de\/#organization","name":"Labelpack Trade Srl","url":"https:\/\/old.labelpack.it\/de\/","logo":{"@type":"ImageObject","inLanguage":"de","@id":"https:\/\/old.labelpack.it\/de\/#\/schema\/logo\/image\/","url":"https:\/\/old.labelpack.it\/wp-content\/uploads\/2017\/07\/labelpack_logo.svg","contentUrl":"https:\/\/old.labelpack.it\/wp-content\/uploads\/2017\/07\/labelpack_logo.svg","width":480,"height":82,"caption":"Labelpack Trade Srl"},"image":{"@id":"https:\/\/old.labelpack.it\/de\/#\/schema\/logo\/image\/"},"sameAs":["https:\/\/www.linkedin.com\/company\/labelpack-srl?trk=top_nav_home","https:\/\/www.youtube.com\/user\/Labelxworld","https:\/\/www.facebook.com\/pages\/Labelpack\/407949305913215"]}]}},"_links":{"self":[{"href":"https:\/\/old.labelpack.it\/de\/wp-json\/wp\/v2\/pages\/12479"}],"collection":[{"href":"https:\/\/old.labelpack.it\/de\/wp-json\/wp\/v2\/pages"}],"about":[{"href":"https:\/\/old.labelpack.it\/de\/wp-json\/wp\/v2\/types\/page"}],"author":[{"embeddable":true,"href":"https:\/\/old.labelpack.it\/de\/wp-json\/wp\/v2\/users\/1"}],"replies":[{"embeddable":true,"href":"https:\/\/old.labelpack.it\/de\/wp-json\/wp\/v2\/comments?post=12479"}],"version-history":[{"count":5,"href":"https:\/\/old.labelpack.it\/de\/wp-json\/wp\/v2\/pages\/12479\/revisions"}],"predecessor-version":[{"id":14372,"href":"https:\/\/old.labelpack.it\/de\/wp-json\/wp\/v2\/pages\/12479\/revisions\/14372"}],"wp:attachment":[{"href":"https:\/\/old.labelpack.it\/de\/wp-json\/wp\/v2\/media?parent=12479"}],"curies":[{"name":"wp","href":"https:\/\/api.w.org\/{rel}","templated":true}]}}